{"id":10467,"date":"2024-04-26T11:03:37","date_gmt":"2024-04-26T11:03:37","guid":{"rendered":"https:\/\/tehnikabacko.rs\/?post_type=product&#038;p=10467"},"modified":"2026-03-10T12:48:41","modified_gmt":"2026-03-10T12:48:41","slug":"kosilica-elektricna-nexsas-ntem4220-snaga-2000w","status":"publish","type":"product","link":"https:\/\/tehnikabacko.rs\/index.php\/product\/kosilica-elektricna-nexsas-ntem4220-snaga-2000w\/","title":{"rendered":"KOSILICA ELEKTRICNA &#8222;NEXSAS&#8220; NTEM4220 snaga 2000w"},"content":{"rendered":"<table class=\"table pd-specs-table\">\n<tbody>\n<tr>\n<td class=\"pd-spec-name\">EAN<\/td>\n<td class=\"pd-spec-value\">8606028523266<\/td>\n<\/tr>\n<tr>\n<td class=\"pd-spec-name\">Napon<\/td>\n<td class=\"pd-spec-value\">220 &#8211; 240 V<\/td>\n<\/tr>\n<tr>\n<td class=\"pd-spec-name\">Izlazna snaga:<\/td>\n<td class=\"pd-spec-value\">2000W<\/td>\n<\/tr>\n<tr>\n<td class=\"pd-spec-name\">Maksimalna brzina obrtaja<\/td>\n<td class=\"pd-spec-value\">3700 o\/min<\/td>\n<\/tr>\n<tr>\n<td class=\"pd-spec-name\">\u0160irina ko\u0161enja<\/td>\n<td class=\"pd-spec-value\">420mm<\/td>\n<\/tr>\n<tr>\n<td class=\"pd-spec-name\">Frekvencija<\/td>\n<td class=\"pd-spec-value\">50Hz<\/td>\n<\/tr>\n<tr>\n<td class=\"pd-spec-name\">Kapacitet sakuplja\u010da<\/td>\n<td class=\"pd-spec-value\">45L<\/td>\n<\/tr>\n<tr>\n<td class=\"pd-spec-name\">Neto te\u017eina<\/td>\n<td class=\"pd-spec-value\">12kg<\/td>\n<\/tr>\n<tr>\n<td class=\"pd-spec-name\">Stepen za\u0161tite<\/td>\n<td class=\"pd-spec-value\">IPX4<\/td>\n<\/tr>\n<tr>\n<td class=\"pd-spec-name\">Pode\u0161avanje visine<\/td>\n<td class=\"pd-spec-value\">25-75mm, 6 nivoa pode\u0161avanja ko\u0161enja<\/td>\n<\/tr>\n<\/tbody>\n<\/table>\n<p><img decoding=\"async\" src=\"https:\/\/www.tri-o.rs\/media\/image\/183050\/kosilica-elektricna-nexsas-ntem4220.jpg?size=600\" alt=\"Picture of KOSILICA ELEKTRICNA &quot;NEXSAS&quot; NTEM4220 snaga 2000w \" \/><\/p>\n","protected":false},"excerpt":{"rendered":"<p>EAN 8606028523266 Napon 220 &#8211; 240 V Izlazna snaga: 2000W Maksimalna brzina obrtaja 3700 o\/min \u0160irina ko\u0161enja 420mm Frekvencija 50Hz Kapacitet sakuplja\u010da 45L Neto te\u017eina 12kg Stepen za\u0161tite IPX4 Pode\u0161avanje visine 25-75mm, 6 nivoa pode\u0161avanja ko\u0161enja<\/p>\n","protected":false},"featured_media":10468,"comment_status":"open","ping_status":"closed","template":"","meta":{"inline_featured_image":false},"product_brand":[],"product_cat":[271,244],"product_tag":[],"class_list":{"0":"post-10467","1":"product","2":"type-product","3":"status-publish","4":"has-post-thumbnail","6":"product_cat-elektricna-kosilica","7":"product_cat-kosacice","9":"first","10":"instock","11":"sale","12":"shipping-taxable","13":"purchasable","14":"product-type-simple"},"_links":{"self":[{"href":"https:\/\/tehnikabacko.rs\/index.php\/wp-json\/wp\/v2\/product\/10467","targetHints":{"allow":["GET"]}}],"collection":[{"href":"https:\/\/tehnikabacko.rs\/index.php\/wp-json\/wp\/v2\/product"}],"about":[{"href":"https:\/\/tehnikabacko.rs\/index.php\/wp-json\/wp\/v2\/types\/product"}],"replies":[{"embeddable":true,"href":"https:\/\/tehnikabacko.rs\/index.php\/wp-json\/wp\/v2\/comments?post=10467"}],"wp:featuredmedia":[{"embeddable":true,"href":"https:\/\/tehnikabacko.rs\/index.php\/wp-json\/wp\/v2\/media\/10468"}],"wp:attachment":[{"href":"https:\/\/tehnikabacko.rs\/index.php\/wp-json\/wp\/v2\/media?parent=10467"}],"wp:term":[{"taxonomy":"product_brand","embeddable":true,"href":"https:\/\/tehnikabacko.rs\/index.php\/wp-json\/wp\/v2\/product_brand?post=10467"},{"taxonomy":"product_cat","embeddable":true,"href":"https:\/\/tehnikabacko.rs\/index.php\/wp-json\/wp\/v2\/product_cat?post=10467"},{"taxonomy":"product_tag","embeddable":true,"href":"https:\/\/tehnikabacko.rs\/index.php\/wp-json\/wp\/v2\/product_tag?post=10467"}],"curies":[{"name":"wp","href":"https:\/\/api.w.org\/{rel}","templated":true}]}}