{"id":10460,"date":"2024-04-24T08:25:07","date_gmt":"2024-04-24T08:25:07","guid":{"rendered":"https:\/\/tehnikabacko.rs\/?post_type=product&#038;p=10460"},"modified":"2025-06-05T16:02:21","modified_gmt":"2025-06-05T16:02:21","slug":"rostilj-gril-standard-l","status":"publish","type":"product","link":"https:\/\/tehnikabacko.rs\/index.php\/product\/rostilj-gril-standard-l\/","title":{"rendered":"Ro\u0161tilj Gril standard L"},"content":{"rendered":"<p>\u2022 Izvrstan kvalitet ro\u0161tilja<br \/>\n\u2022 Izuzetno stabilna konstrukcija za vi\u0161egodi\u0161nju upotrebu<br \/>\n\u2022 Dva razli\u010dita nivoa osiguravaju optimalan rezultat ro\u0161tilja<br \/>\n\u2022 Lo\u017ei\u0161te ro\u0161tilja zape\u010da\u0107eno je kvalitetnim toplo valjanim limom<br \/>\n\u2022 Posebno razvijen dizajn osigurava izvrstan protok vazduha<\/p>\n<p><img decoding=\"async\" src=\"https:\/\/ananas.rs\/_next\/image?url=https%3A%2F%2Fstatic.ananas.rs%2Fassets%2FProduct_Images%2FSpark%2F8606108656921.png&amp;w=1648&amp;q=75\" alt=\"Selected image for Ro\u0161tilj Gril standard L\" \/><\/p>\n","protected":false},"excerpt":{"rendered":"<h3>Fotografije se mogu razlikovati od proizvoda u prodavnici<\/h3>\n","protected":false},"featured_media":10461,"comment_status":"open","ping_status":"closed","template":"","meta":{"inline_featured_image":false},"product_brand":[],"product_cat":[334],"product_tag":[],"class_list":{"0":"post-10460","1":"product","2":"type-product","3":"status-publish","4":"has-post-thumbnail","6":"product_cat-pekaci","8":"first","9":"instock","10":"shipping-taxable","11":"purchasable","12":"product-type-simple"},"_links":{"self":[{"href":"https:\/\/tehnikabacko.rs\/index.php\/wp-json\/wp\/v2\/product\/10460","targetHints":{"allow":["GET"]}}],"collection":[{"href":"https:\/\/tehnikabacko.rs\/index.php\/wp-json\/wp\/v2\/product"}],"about":[{"href":"https:\/\/tehnikabacko.rs\/index.php\/wp-json\/wp\/v2\/types\/product"}],"replies":[{"embeddable":true,"href":"https:\/\/tehnikabacko.rs\/index.php\/wp-json\/wp\/v2\/comments?post=10460"}],"wp:featuredmedia":[{"embeddable":true,"href":"https:\/\/tehnikabacko.rs\/index.php\/wp-json\/wp\/v2\/media\/10461"}],"wp:attachment":[{"href":"https:\/\/tehnikabacko.rs\/index.php\/wp-json\/wp\/v2\/media?parent=10460"}],"wp:term":[{"taxonomy":"product_brand","embeddable":true,"href":"https:\/\/tehnikabacko.rs\/index.php\/wp-json\/wp\/v2\/product_brand?post=10460"},{"taxonomy":"product_cat","embeddable":true,"href":"https:\/\/tehnikabacko.rs\/index.php\/wp-json\/wp\/v2\/product_cat?post=10460"},{"taxonomy":"product_tag","embeddable":true,"href":"https:\/\/tehnikabacko.rs\/index.php\/wp-json\/wp\/v2\/product_tag?post=10460"}],"curies":[{"name":"wp","href":"https:\/\/api.w.org\/{rel}","templated":true}]}}