{"id":10455,"date":"2024-04-23T13:51:28","date_gmt":"2024-04-23T13:51:28","guid":{"rendered":"https:\/\/tehnikabacko.rs\/?post_type=product&#038;p=10455"},"modified":"2025-06-01T07:10:54","modified_gmt":"2025-06-01T07:10:54","slug":"ingco-trimer-za-travu-i-grmlje-benzinski-gbc5624411","status":"publish","type":"product","link":"https:\/\/tehnikabacko.rs\/index.php\/product\/ingco-trimer-za-travu-i-grmlje-benzinski-gbc5624411\/","title":{"rendered":"Ingco trimer za travu i grmlje benzinski &#8211; GBC5624411"},"content":{"rendered":"<p>Zapremina Ingco trimera za travu i grmlje benzinski: 62cc<br \/>\nSnaga benzinskog trimera za travu i grmlje: 2.4Kw (3.8HP)<br \/>\nMax brzina: 9000rpm<br \/>\nMax \u0161irina \u0161i\u0161anja: 480mm<br \/>\nNajlonska \u0161pulna: 2.4mmx4m<br \/>\nPre\u010dnik no\u017ea: 255mm (3teeth)<br \/>\nKapacitet rezervoara za gorivo:1200ml<br \/>\nSna\u017ean dvotaktni motor<br \/>\n2 funkcije: trimer i seka\u010d<\/p>\n<p>2-taktni motor &#8211; koristi gorivo-ulje me\u0161avinu<\/p>\n<p>&nbsp;<\/p>\n<p><img decoding=\"async\" src=\"https:\/\/simns.rs\/images\/12876\/800\/gbc5624411-benzinski-trimer-2-4-kw-ingco-0.jpg\" alt=\"GBC5624411 BENZINSKI TRIMER 2,4 KW INGCO-\u201cSIM\u201c D.O.O. Novi Sad - SIM DOO  Novi Sad\" \/><img decoding=\"async\" src=\"https:\/\/www.sualati.com\/files\/product_picture\/6284de7f609af_1.jpg\" alt=\"Ingco trimer za travu i grmlje benzinski - GBC5624411\" \/><\/p>\n","protected":false},"excerpt":{"rendered":"<p>Zapremina Ingco trimera za travu i grmlje benzinski: 62cc Snaga benzinskog trimera za travu i grmlje: 2.4Kw (3.8HP) Max brzina: 9000rpm Max \u0161irina \u0161i\u0161anja: 480mm Najlonska \u0161pulna: 2.4mmx4m Pre\u010dnik no\u017ea: 255mm (3teeth) Kapacitet rezervoara za gorivo:1200ml Sna\u017ean dvotaktni motor 2 funkcije: trimer i seka\u010d 2-taktni motor &#8211; koristi gorivo-ulje me\u0161avinu &nbsp;<\/p>\n","protected":false},"featured_media":10456,"comment_status":"open","ping_status":"closed","template":"","meta":{"inline_featured_image":false},"product_brand":[],"product_cat":[320],"product_tag":[],"class_list":{"0":"post-10455","1":"product","2":"type-product","3":"status-publish","4":"has-post-thumbnail","6":"product_cat-motorni-trimeri","8":"first","9":"instock","10":"shipping-taxable","11":"purchasable","12":"product-type-simple"},"_links":{"self":[{"href":"https:\/\/tehnikabacko.rs\/index.php\/wp-json\/wp\/v2\/product\/10455","targetHints":{"allow":["GET"]}}],"collection":[{"href":"https:\/\/tehnikabacko.rs\/index.php\/wp-json\/wp\/v2\/product"}],"about":[{"href":"https:\/\/tehnikabacko.rs\/index.php\/wp-json\/wp\/v2\/types\/product"}],"replies":[{"embeddable":true,"href":"https:\/\/tehnikabacko.rs\/index.php\/wp-json\/wp\/v2\/comments?post=10455"}],"wp:featuredmedia":[{"embeddable":true,"href":"https:\/\/tehnikabacko.rs\/index.php\/wp-json\/wp\/v2\/media\/10456"}],"wp:attachment":[{"href":"https:\/\/tehnikabacko.rs\/index.php\/wp-json\/wp\/v2\/media?parent=10455"}],"wp:term":[{"taxonomy":"product_brand","embeddable":true,"href":"https:\/\/tehnikabacko.rs\/index.php\/wp-json\/wp\/v2\/product_brand?post=10455"},{"taxonomy":"product_cat","embeddable":true,"href":"https:\/\/tehnikabacko.rs\/index.php\/wp-json\/wp\/v2\/product_cat?post=10455"},{"taxonomy":"product_tag","embeddable":true,"href":"https:\/\/tehnikabacko.rs\/index.php\/wp-json\/wp\/v2\/product_tag?post=10455"}],"curies":[{"name":"wp","href":"https:\/\/api.w.org\/{rel}","templated":true}]}}