{"id":10447,"date":"2024-04-23T11:31:13","date_gmt":"2024-04-23T11:31:13","guid":{"rendered":"https:\/\/tehnikabacko.rs\/?post_type=product&#038;p=10447"},"modified":"2024-04-23T12:23:55","modified_gmt":"2024-04-23T12:23:55","slug":"nexsas-motorna-kosilica-gurajuca-nx-410","status":"publish","type":"product","link":"https:\/\/tehnikabacko.rs\/index.php\/product\/nexsas-motorna-kosilica-gurajuca-nx-410\/","title":{"rendered":"NEXSAS MOTORNA KOSILICA GURAJUCA NX 410"},"content":{"rendered":"<table class=\"table pd-specs-table\">\n<tbody>\n<tr>\n<td class=\"pd-spec-name\">Uvoznik<\/td>\n<td class=\"pd-spec-value\">TRI&#8220;O&#8220; d.o.o.<\/td>\n<\/tr>\n<tr>\n<td class=\"pd-spec-name\">Zemlja porekla<\/td>\n<td class=\"pd-spec-value\">Kina<\/td>\n<\/tr>\n<tr>\n<td class=\"pd-spec-name\">Brand<\/td>\n<td class=\"pd-spec-value\">NEXSAS<\/td>\n<\/tr>\n<tr>\n<td class=\"pd-spec-name\">EAN<\/td>\n<td class=\"pd-spec-value\">8606028522450<\/td>\n<\/tr>\n<tr>\n<td class=\"pd-spec-name\">Model<\/td>\n<td class=\"pd-spec-value\">NX410<\/td>\n<\/tr>\n<tr>\n<td class=\"pd-spec-name\">Snaga motora<\/td>\n<td class=\"pd-spec-value\">2.5KW<\/td>\n<\/tr>\n<tr>\n<td class=\"pd-spec-name\">Tip motora<\/td>\n<td class=\"pd-spec-value\">Loncin LC1P65FE<\/td>\n<\/tr>\n<tr>\n<td class=\"pd-spec-name\">Broj obrtaja<\/td>\n<td class=\"pd-spec-value\">3000r\/min<\/td>\n<\/tr>\n<tr>\n<td class=\"pd-spec-name\">Tip pogona<\/td>\n<td class=\"pd-spec-value\">Guraju\u0107i<\/td>\n<\/tr>\n<tr>\n<td class=\"pd-spec-name\">Visina ko\u0161enja<\/td>\n<td class=\"pd-spec-value\">25-75mm 7 nivoa ko\u0161enja<\/td>\n<\/tr>\n<tr>\n<td class=\"pd-spec-name\">Pode\u0161avanje visine<\/td>\n<td class=\"pd-spec-value\">Centralno pode\u0161avanje<\/td>\n<\/tr>\n<tr>\n<td class=\"pd-spec-name\">\u0160irina se\u010denja<\/td>\n<td class=\"pd-spec-value\">410mm (16&#8243;)<\/td>\n<\/tr>\n<tr>\n<td class=\"pd-spec-name\">Zapremina korpe<\/td>\n<td class=\"pd-spec-value\">40L<\/td>\n<\/tr>\n<tr>\n<td class=\"pd-spec-name\">Materijal ku\u0107i\u0161ta:<\/td>\n<td class=\"pd-spec-value\">\u010celik<\/td>\n<\/tr>\n<tr>\n<td class=\"pd-spec-name\">Pre\u010dnik prednjeg to\u010dka<\/td>\n<td class=\"pd-spec-value\">6&#8243;<\/td>\n<\/tr>\n<tr>\n<td class=\"pd-spec-name\">Pre\u010dnik zadnjeg to\u010dka<\/td>\n<td class=\"pd-spec-value\">8&#8243;<\/td>\n<\/tr>\n<tr>\n<td class=\"pd-spec-name\">Te\u017eina kosilice<\/td>\n<td class=\"pd-spec-value\">23 kg<\/td>\n<\/tr>\n<tr>\n<td class=\"pd-spec-name\">Te\u017eina pakovanja<\/td>\n<td class=\"pd-spec-value\">25 kg<\/td>\n<\/tr>\n<tr>\n<td class=\"pd-spec-name\">Pakovanje<\/td>\n<td class=\"pd-spec-value\">Kartonsko pakovanje<\/td>\n<\/tr>\n<tr>\n<td class=\"pd-spec-name\">Dimenzija pakovanja:<\/td>\n<td class=\"pd-spec-value\">650x505x410mm<\/td>\n<\/tr>\n<tr>\n<td class=\"pd-spec-name\">Boja<\/td>\n<td class=\"pd-spec-value\">Crna<\/td>\n<\/tr>\n<tr>\n<td class=\"pd-spec-name\">Zapremina motora<\/td>\n<td class=\"pd-spec-value\">139cc<\/td>\n<\/tr>\n<\/tbody>\n<\/table>\n<p>&nbsp;<\/p>\n<p>&nbsp;<\/p>\n<p><img decoding=\"async\" src=\"https:\/\/www.tri-o.rs\/media\/image\/179658\/nexsas-motorna-kosilica-nx-410.jpg?size=600\" alt=\"Picture of NEXSAS MOTORNA KOSILICA GURAJUCA NX 410\" \/><\/p>\n","protected":false},"excerpt":{"rendered":"<p>Uvoznik TRI&#8220;O&#8220; d.o.o. Zemlja porekla Kina Brand NEXSAS EAN 8606028522450 Model NX410 Snaga motora 2.5KW Tip motora Loncin LC1P65FE Broj obrtaja 3000r\/min Tip pogona Guraju\u0107i Visina ko\u0161enja 25-75mm 7 nivoa ko\u0161enja Pode\u0161avanje visine Centralno pode\u0161avanje \u0160irina se\u010denja 410mm (16&#8243;) Zapremina korpe 40L Materijal ku\u0107i\u0161ta: \u010celik Pre\u010dnik prednjeg to\u010dka 6&#8243; Pre\u010dnik zadnjeg to\u010dka 8&#8243; Te\u017eina kosilice [&hellip;]<\/p>\n","protected":false},"featured_media":10448,"comment_status":"open","ping_status":"closed","template":"","meta":{"inline_featured_image":false},"product_brand":[],"product_cat":[244,272],"product_tag":[],"class_list":{"0":"post-10447","1":"product","2":"type-product","3":"status-publish","4":"has-post-thumbnail","6":"product_cat-kosacice","7":"product_cat-motorna-kosilica","9":"first","10":"instock","11":"shipping-taxable","12":"purchasable","13":"product-type-simple"},"_links":{"self":[{"href":"https:\/\/tehnikabacko.rs\/index.php\/wp-json\/wp\/v2\/product\/10447","targetHints":{"allow":["GET"]}}],"collection":[{"href":"https:\/\/tehnikabacko.rs\/index.php\/wp-json\/wp\/v2\/product"}],"about":[{"href":"https:\/\/tehnikabacko.rs\/index.php\/wp-json\/wp\/v2\/types\/product"}],"replies":[{"embeddable":true,"href":"https:\/\/tehnikabacko.rs\/index.php\/wp-json\/wp\/v2\/comments?post=10447"}],"wp:featuredmedia":[{"embeddable":true,"href":"https:\/\/tehnikabacko.rs\/index.php\/wp-json\/wp\/v2\/media\/10448"}],"wp:attachment":[{"href":"https:\/\/tehnikabacko.rs\/index.php\/wp-json\/wp\/v2\/media?parent=10447"}],"wp:term":[{"taxonomy":"product_brand","embeddable":true,"href":"https:\/\/tehnikabacko.rs\/index.php\/wp-json\/wp\/v2\/product_brand?post=10447"},{"taxonomy":"product_cat","embeddable":true,"href":"https:\/\/tehnikabacko.rs\/index.php\/wp-json\/wp\/v2\/product_cat?post=10447"},{"taxonomy":"product_tag","embeddable":true,"href":"https:\/\/tehnikabacko.rs\/index.php\/wp-json\/wp\/v2\/product_tag?post=10447"}],"curies":[{"name":"wp","href":"https:\/\/api.w.org\/{rel}","templated":true}]}}