{"id":10441,"date":"2024-04-23T11:22:26","date_gmt":"2024-04-23T11:22:26","guid":{"rendered":"https:\/\/tehnikabacko.rs\/?post_type=product&#038;p=10441"},"modified":"2025-06-02T23:52:07","modified_gmt":"2025-06-02T23:52:07","slug":"kosilica-elektricna-nexsas-ntem3011-1000-w","status":"publish","type":"product","link":"https:\/\/tehnikabacko.rs\/index.php\/product\/kosilica-elektricna-nexsas-ntem3011-1000-w\/","title":{"rendered":"KOSILICA ELEKTRICNA &#8222;NEXSAS&#8220; NTEM3011 1000 W"},"content":{"rendered":"<table class=\"table pd-specs-table\">\n<tbody>\n<tr>\n<td class=\"pd-spec-name\">Akcija<\/td>\n<td class=\"pd-spec-value\">Da<\/td>\n<\/tr>\n<tr>\n<td class=\"pd-spec-name\">Brand<\/td>\n<td class=\"pd-spec-value\">NEXSAS<\/td>\n<\/tr>\n<tr>\n<td class=\"pd-spec-name\">Uvoznik<\/td>\n<td class=\"pd-spec-value\">TRI-O<\/td>\n<\/tr>\n<tr>\n<td class=\"pd-spec-name\">Zemlja porekla<\/td>\n<td class=\"pd-spec-value\">Srbija<\/td>\n<\/tr>\n<tr>\n<td class=\"pd-spec-name\">EAN<\/td>\n<td class=\"pd-spec-value\">8605032609447<\/td>\n<\/tr>\n<tr>\n<td class=\"pd-spec-name\">Namena<\/td>\n<td class=\"pd-spec-value\">Poluprofesionalna<\/td>\n<\/tr>\n<tr>\n<td class=\"pd-spec-name\">Model<\/td>\n<td class=\"pd-spec-value\">NTEM3011<\/td>\n<\/tr>\n<tr>\n<td class=\"pd-spec-name\">Napon (V)<\/td>\n<td class=\"pd-spec-value\">230-240V<\/td>\n<\/tr>\n<tr>\n<td class=\"pd-spec-name\">Ulazna snaga<\/td>\n<td class=\"pd-spec-value\">1000W<\/td>\n<\/tr>\n<tr>\n<td class=\"pd-spec-name\">Broj obrtaja<\/td>\n<td class=\"pd-spec-value\">3500o\/min +- 10% rpm\/min<\/td>\n<\/tr>\n<tr>\n<td class=\"pd-spec-name\">\u0160irina ko\u0161enja<\/td>\n<td class=\"pd-spec-value\">300mm<\/td>\n<\/tr>\n<tr>\n<td class=\"pd-spec-name\">Visina se\u010denja<\/td>\n<td class=\"pd-spec-value\">25-40-55mm 3 novoa pode\u0161avanja<\/td>\n<\/tr>\n<tr>\n<td class=\"pd-spec-name\">LpA (nivo zvu\u010dnog pritiska)<\/td>\n<td class=\"pd-spec-value\">71.25db(A)<\/td>\n<\/tr>\n<tr>\n<td class=\"pd-spec-name\">LwA(nivo zvu\u010dne snage)<\/td>\n<td class=\"pd-spec-value\">95db<\/td>\n<\/tr>\n<tr>\n<td class=\"pd-spec-name\">Kapacitet sakuplja\u010da<\/td>\n<td class=\"pd-spec-value\">25L<\/td>\n<\/tr>\n<\/tbody>\n<\/table>\n<p>&nbsp;<\/p>\n<p>&nbsp;<\/p>\n<p><img decoding=\"async\" src=\"https:\/\/www.tri-o.rs\/media\/image\/183049\/kosilica-elektricna-nexsas-ntem3011.jpg?size=600\" alt=\"Picture of KOSILICA ELEKTRICNA &quot;NEXSAS&quot; NTEM3011 1000 W\" \/><\/p>\n","protected":false},"excerpt":{"rendered":"<p>Akcija Da Brand NEXSAS Uvoznik TRI-O Zemlja porekla Srbija EAN 8605032609447 Namena Poluprofesionalna Model NTEM3011 Napon (V) 230-240V Ulazna snaga 1000W Broj obrtaja 3500o\/min +- 10% rpm\/min \u0160irina ko\u0161enja 300mm Visina se\u010denja 25-40-55mm 3 novoa pode\u0161avanja LpA (nivo zvu\u010dnog pritiska) 71.25db(A) LwA(nivo zvu\u010dne snage) 95db Kapacitet sakuplja\u010da 25L &nbsp; &nbsp;<\/p>\n","protected":false},"featured_media":10442,"comment_status":"open","ping_status":"closed","template":"","meta":{"inline_featured_image":false},"product_brand":[],"product_cat":[271,244],"product_tag":[],"class_list":{"0":"post-10441","1":"product","2":"type-product","3":"status-publish","4":"has-post-thumbnail","6":"product_cat-elektricna-kosilica","7":"product_cat-kosacice","9":"first","10":"instock","11":"shipping-taxable","12":"purchasable","13":"product-type-simple"},"_links":{"self":[{"href":"https:\/\/tehnikabacko.rs\/index.php\/wp-json\/wp\/v2\/product\/10441","targetHints":{"allow":["GET"]}}],"collection":[{"href":"https:\/\/tehnikabacko.rs\/index.php\/wp-json\/wp\/v2\/product"}],"about":[{"href":"https:\/\/tehnikabacko.rs\/index.php\/wp-json\/wp\/v2\/types\/product"}],"replies":[{"embeddable":true,"href":"https:\/\/tehnikabacko.rs\/index.php\/wp-json\/wp\/v2\/comments?post=10441"}],"wp:featuredmedia":[{"embeddable":true,"href":"https:\/\/tehnikabacko.rs\/index.php\/wp-json\/wp\/v2\/media\/10442"}],"wp:attachment":[{"href":"https:\/\/tehnikabacko.rs\/index.php\/wp-json\/wp\/v2\/media?parent=10441"}],"wp:term":[{"taxonomy":"product_brand","embeddable":true,"href":"https:\/\/tehnikabacko.rs\/index.php\/wp-json\/wp\/v2\/product_brand?post=10441"},{"taxonomy":"product_cat","embeddable":true,"href":"https:\/\/tehnikabacko.rs\/index.php\/wp-json\/wp\/v2\/product_cat?post=10441"},{"taxonomy":"product_tag","embeddable":true,"href":"https:\/\/tehnikabacko.rs\/index.php\/wp-json\/wp\/v2\/product_tag?post=10441"}],"curies":[{"name":"wp","href":"https:\/\/api.w.org\/{rel}","templated":true}]}}