{"id":10438,"date":"2024-04-06T10:55:53","date_gmt":"2024-04-06T10:55:53","guid":{"rendered":"https:\/\/tehnikabacko.rs\/?post_type=product&#038;p=10438"},"modified":"2025-06-02T14:59:23","modified_gmt":"2025-06-02T14:59:23","slug":"motorna-kosacica-flm510m","status":"publish","type":"product","link":"https:\/\/tehnikabacko.rs\/index.php\/product\/motorna-kosacica-flm510m\/","title":{"rendered":"Motorna kosa\u010dica  FLM510M"},"content":{"rendered":"<div class=\"col_1_of_3 span_1_of_3 about-frist\">Karakteristike proizvoda: Motorna kosa\u010dica za travu Farm FLM510M<\/div>\n<div class=\"company_address\">\n<p><b>Farm<\/b><\/p>\n<p>Motorna kosa\u010dica za travu<\/p>\n<p>Model: FLM510M<\/p>\n<p>Guraju\u0107a<\/p>\n<p>\u0160irina ko\u0161enja: 51cm<\/p>\n<p>Zapremina rezervoara za gorivo: 1 litar<\/p>\n<p>Radna zapremina motora: 173 ccm<\/p>\n<p>Snaga motora: 2.9 kW<\/p>\n<p>Ku\u0107i\u0161te: 20 in\u010da, metalno<\/p>\n<p>Preporu\u010duje se za travnjake \u010dija je povr\u0161ina do 1100 m\u00b2<\/p>\n<p>Pre\u010dnik to\u010dkova: 7 in\u010da<\/p>\n<p>Visina ko\u0161enja je podesiva u 3 nivoa<\/p>\n<p>Izbacivanje poko\u0161ene trave sa strane<\/p>\n<\/div>\n<div class=\"col_1_of_3 span_1_of_3 about-frist\">Opis proizvoda: Motorna kosa\u010dica za travu Farm FLM510M<\/div>\n<div class=\"grid span_2_of_3si\">\n<p>Motorna kosa\u010dica za ko\u0161enje trave. Visina otkosa je podesiva u 3 nivoa. Mo\u0107an motor snage 2.9 kW pokre\u0107e no\u017eeve koji zahvataju \u0161irinu od 51 cm. Ova kosa\u010dica je predvi\u0111ena za ko\u0161enje povr\u0161ina do 1.100 m\u00b2.<\/p>\n<\/div>\n<div class=\"company_address\">\n<p>&nbsp;<\/p>\n<\/div>\n","protected":false},"excerpt":{"rendered":"<p>Karakteristike proizvoda: Motorna kosa\u010dica za travu Farm FLM510M Farm Motorna kosa\u010dica za travu Model: FLM510M Guraju\u0107a \u0160irina ko\u0161enja: 51cm Zapremina rezervoara za gorivo: 1 litar Radna zapremina motora: 173 ccm Snaga motora: 2.9 kW Ku\u0107i\u0161te: 20 in\u010da, metalno Preporu\u010duje se za travnjake \u010dija je povr\u0161ina do 1100 m\u00b2 Pre\u010dnik to\u010dkova: 7 in\u010da Visina ko\u0161enja je [&hellip;]<\/p>\n","protected":false},"featured_media":10439,"comment_status":"open","ping_status":"closed","template":"","meta":{"inline_featured_image":false},"product_brand":[],"product_cat":[148,244,272],"product_tag":[],"class_list":{"0":"post-10438","1":"product","2":"type-product","3":"status-publish","4":"has-post-thumbnail","6":"product_cat-alati","7":"product_cat-kosacice","8":"product_cat-motorna-kosilica","10":"first","11":"instock","12":"shipping-taxable","13":"purchasable","14":"product-type-simple"},"_links":{"self":[{"href":"https:\/\/tehnikabacko.rs\/index.php\/wp-json\/wp\/v2\/product\/10438","targetHints":{"allow":["GET"]}}],"collection":[{"href":"https:\/\/tehnikabacko.rs\/index.php\/wp-json\/wp\/v2\/product"}],"about":[{"href":"https:\/\/tehnikabacko.rs\/index.php\/wp-json\/wp\/v2\/types\/product"}],"replies":[{"embeddable":true,"href":"https:\/\/tehnikabacko.rs\/index.php\/wp-json\/wp\/v2\/comments?post=10438"}],"wp:featuredmedia":[{"embeddable":true,"href":"https:\/\/tehnikabacko.rs\/index.php\/wp-json\/wp\/v2\/media\/10439"}],"wp:attachment":[{"href":"https:\/\/tehnikabacko.rs\/index.php\/wp-json\/wp\/v2\/media?parent=10438"}],"wp:term":[{"taxonomy":"product_brand","embeddable":true,"href":"https:\/\/tehnikabacko.rs\/index.php\/wp-json\/wp\/v2\/product_brand?post=10438"},{"taxonomy":"product_cat","embeddable":true,"href":"https:\/\/tehnikabacko.rs\/index.php\/wp-json\/wp\/v2\/product_cat?post=10438"},{"taxonomy":"product_tag","embeddable":true,"href":"https:\/\/tehnikabacko.rs\/index.php\/wp-json\/wp\/v2\/product_tag?post=10438"}],"curies":[{"name":"wp","href":"https:\/\/api.w.org\/{rel}","templated":true}]}}