{"id":10429,"date":"2024-04-06T10:35:28","date_gmt":"2024-04-06T10:35:28","guid":{"rendered":"https:\/\/tehnikabacko.rs\/?post_type=product&#038;p=10429"},"modified":"2025-06-02T00:21:11","modified_gmt":"2025-06-02T00:21:11","slug":"motorna-kosacica-atlas-4011-t-motorna-kosacica","status":"publish","type":"product","link":"https:\/\/tehnikabacko.rs\/index.php\/product\/motorna-kosacica-atlas-4011-t-motorna-kosacica\/","title":{"rendered":"Motorna Kosa\u010dica Atlas 4011 T"},"content":{"rendered":"<div id=\"specs\" class=\"mb-5 col-md-6\">\n<h2>Specifikacija<\/h2>\n<table class=\"table\" style=\"height: 773px\" width=\"894\">\n<thead class=\"thead-dark\">\n<tr>\n<th colspan=\"2\">\n<div class=\"d-flex align-items-center\"><\/div>\n<\/th>\n<\/tr>\n<\/thead>\n<tbody>\n<tr>\n<td>Kategorija<\/td>\n<td><strong>Motorne kosa\u010dice<\/strong><\/td>\n<\/tr>\n<tr>\n<td>Motor<\/td>\n<td><strong>Benzinski<\/strong><\/td>\n<\/tr>\n<tr>\n<td>Pogon<\/td>\n<td><strong>Guraju\u0107i<\/strong><\/td>\n<\/tr>\n<tr>\n<td>Povr\u0161ina ko\u0161enja<\/td>\n<td><strong>1100 m\u00b2<\/strong><\/td>\n<\/tr>\n<tr>\n<td>Tip motora<\/td>\n<td><strong>T6 OHV<\/strong><\/td>\n<\/tr>\n<tr>\n<td>Zapremina motora<\/td>\n<td><strong>146 cm\u00b3<\/strong><\/td>\n<\/tr>\n<tr>\n<td>Snaga motora<\/td>\n<td><strong>2.6 kW (2800 rpm)<\/strong><\/td>\n<\/tr>\n<tr>\n<td>\u0160irina ko\u0161enja<\/td>\n<td><strong>457 mm<\/strong><\/td>\n<\/tr>\n<tr>\n<td>Visina ko\u0161enja<\/td>\n<td><strong>25 &#8211; 75 mm (7 nivoa, centralno)<\/strong><\/td>\n<\/tr>\n<tr>\n<td>Pre\u010dnik to\u010dka prednji \/ zadnji<\/td>\n<td><strong>178 mm \/ 203 mm<\/strong><\/td>\n<\/tr>\n<tr>\n<td>Tip ku\u0107i\u0161ta<\/td>\n<td><strong>\u010celi\u010dno<\/strong><\/td>\n<\/tr>\n<tr>\n<td>Zapremina sakuplja\u010da<\/td>\n<td><strong>60 l<\/strong><\/td>\n<\/tr>\n<tr>\n<td>Masa<\/td>\n<td><strong>31 kg<\/strong><\/td>\n<\/tr>\n<tr>\n<td>Linija proizvoda<\/td>\n<td><strong>Orange edition<\/strong><\/td>\n<\/tr>\n<\/tbody>\n<\/table>\n<\/div>\n<div id=\"description\" class=\"col-lg-6 mb-5\">\n<h2>Opis<\/h2>\n<p>&nbsp;<\/p>\n<p><strong>Funkcije:<\/strong><\/p>\n<ul>\n<li>Ko\u0161enje<\/li>\n<li>Sakupljanje<\/li>\n<li>Mal\u010diranje<\/li>\n<li>Bo\u010dno izbacivanje<\/li>\n<\/ul>\n<p>&nbsp;<\/p>\n<p>&nbsp;<\/p>\n<\/div>\n","protected":false},"excerpt":{"rendered":"<p>Specifikacija Kategorija Motorne kosa\u010dice Motor Benzinski Pogon Guraju\u0107i Povr\u0161ina ko\u0161enja 1100 m\u00b2 Tip motora T6 OHV Zapremina motora 146 cm\u00b3 Snaga motora 2.6 kW (2800 rpm) \u0160irina ko\u0161enja 457 mm Visina ko\u0161enja 25 &#8211; 75 mm (7 nivoa, centralno) Pre\u010dnik to\u010dka prednji \/ zadnji 178 mm \/ 203 mm Tip ku\u0107i\u0161ta \u010celi\u010dno Zapremina sakuplja\u010da 60 [&hellip;]<\/p>\n","protected":false},"featured_media":10430,"comment_status":"open","ping_status":"closed","template":"","meta":{"inline_featured_image":false},"product_brand":[],"product_cat":[244,272],"product_tag":[],"class_list":{"0":"post-10429","1":"product","2":"type-product","3":"status-publish","4":"has-post-thumbnail","6":"product_cat-kosacice","7":"product_cat-motorna-kosilica","9":"first","10":"instock","11":"shipping-taxable","12":"purchasable","13":"product-type-simple"},"_links":{"self":[{"href":"https:\/\/tehnikabacko.rs\/index.php\/wp-json\/wp\/v2\/product\/10429","targetHints":{"allow":["GET"]}}],"collection":[{"href":"https:\/\/tehnikabacko.rs\/index.php\/wp-json\/wp\/v2\/product"}],"about":[{"href":"https:\/\/tehnikabacko.rs\/index.php\/wp-json\/wp\/v2\/types\/product"}],"replies":[{"embeddable":true,"href":"https:\/\/tehnikabacko.rs\/index.php\/wp-json\/wp\/v2\/comments?post=10429"}],"wp:featuredmedia":[{"embeddable":true,"href":"https:\/\/tehnikabacko.rs\/index.php\/wp-json\/wp\/v2\/media\/10430"}],"wp:attachment":[{"href":"https:\/\/tehnikabacko.rs\/index.php\/wp-json\/wp\/v2\/media?parent=10429"}],"wp:term":[{"taxonomy":"product_brand","embeddable":true,"href":"https:\/\/tehnikabacko.rs\/index.php\/wp-json\/wp\/v2\/product_brand?post=10429"},{"taxonomy":"product_cat","embeddable":true,"href":"https:\/\/tehnikabacko.rs\/index.php\/wp-json\/wp\/v2\/product_cat?post=10429"},{"taxonomy":"product_tag","embeddable":true,"href":"https:\/\/tehnikabacko.rs\/index.php\/wp-json\/wp\/v2\/product_tag?post=10429"}],"curies":[{"name":"wp","href":"https:\/\/api.w.org\/{rel}","templated":true}]}}