{"id":10427,"date":"2024-04-04T18:01:00","date_gmt":"2024-04-04T18:01:00","guid":{"rendered":"https:\/\/tehnikabacko.rs\/?post_type=product&#038;p=10427"},"modified":"2024-04-04T18:01:00","modified_gmt":"2024-04-04T18:01:00","slug":"usisivac-suvo-mokro-5u1-inox-set-1250-cb-1400w-20l-ronix-dubinsko-pranje","status":"publish","type":"product","link":"https:\/\/tehnikabacko.rs\/index.php\/product\/usisivac-suvo-mokro-5u1-inox-set-1250-cb-1400w-20l-ronix-dubinsko-pranje\/","title":{"rendered":"USISIVA\u010c SUVO \/ MOKRO 5U1 INOX SET 1250 CB 1400W\/20L RONIX Dubinsko pranje"},"content":{"rendered":"<h2>OPIS<\/h2>\n<p>RONIX Usisiva\u010d suvo \/ mokro 5u1 INOX SET 1250 CB 1400W\/20l<br \/>\n\u2013 Visokosna\u017eni industrijski motor snage 1.400W pru\u017ea ta\u010dno onoliko kapaciteta usisavanja koliko je potrebno za ve\u0107inu poslova \u010di\u0161\u0107enja<br \/>\n\u2013 Najbolja snaga usisavanja i protoka vazduha u klasi lako se nosi sa te\u0161kim zadacima na gradili\u0161tu, u radionici ili u gara\u017ei<br \/>\n\u2013 Izdr\u017eljiv i \u010dvrst rezervoar od ner\u0111aju\u0107eg \u010delika i dizajn kolica omogu\u0107uju dodatnu stabilnost, skladi\u0161tenje i pokretljivost<br \/>\n\u2013 Kapacitet od 20 litara omogu\u0107uje obavljanje poslova bez obzira na veli\u010dinu<br \/>\n\u2013 Idealan za \u010di\u0161\u0107enje tepiha, sofa, zavesa, automobila, ku\u0107e, hotela itd.<br \/>\n\u2013 5 u 1 multifunkcionalan (pranje\/mokro i suvo \u010di\u0161\u0107enje\/izduvavanje\/\u010di\u0161\u0107enje filtera).<\/p>\n<p>SPECIFIKACIJE:<br \/>\nSnaga motora: 1.400W<br \/>\nMaksimalni podpritisak: 18kPa<br \/>\nMaksimalni protok vazduha: 30l\/s<br \/>\nKapacitet rezervoara: 20L INOX<br \/>\nRezervoar za deterd\u017eent: 3.5l<br \/>\nTe\u017eina: 7.74kg<br \/>\nPakovanje: Kartonska kutija<br \/>\nUklju\u010duje: HEPA filter, 2 plasti\u010dne cevi, mlaznica za prskanje za sofu, velika mlaznica za prskanje, papirna kesa, nastavak za pukotine, \u010detka za mokro i suvo \u010di\u0161\u0107enje poda<\/p>\n<p>&nbsp;<\/p>\n<p>&nbsp;<\/p>\n<p><img fetchpriority=\"high\" decoding=\"async\" class=\"alignnone size-medium wp-image-10428\" src=\"https:\/\/tehnikabacko.rs\/wp-content\/uploads\/2024\/04\/741250-300x300.jpg\" alt=\"\" width=\"300\" height=\"300\" srcset=\"https:\/\/tehnikabacko.rs\/wp-content\/uploads\/2024\/04\/741250-300x300.jpg 300w, https:\/\/tehnikabacko.rs\/wp-content\/uploads\/2024\/04\/741250-150x150.jpg 150w, https:\/\/tehnikabacko.rs\/wp-content\/uploads\/2024\/04\/741250-768x768.jpg 768w, https:\/\/tehnikabacko.rs\/wp-content\/uploads\/2024\/04\/741250-400x400.jpg 400w, https:\/\/tehnikabacko.rs\/wp-content\/uploads\/2024\/04\/741250-600x600.jpg 600w, https:\/\/tehnikabacko.rs\/wp-content\/uploads\/2024\/04\/741250-100x100.jpg 100w, https:\/\/tehnikabacko.rs\/wp-content\/uploads\/2024\/04\/741250-50x50.jpg 50w, https:\/\/tehnikabacko.rs\/wp-content\/uploads\/2024\/04\/741250-96x96.jpg 96w, https:\/\/tehnikabacko.rs\/wp-content\/uploads\/2024\/04\/741250-460x460.jpg 460w, https:\/\/tehnikabacko.rs\/wp-content\/uploads\/2024\/04\/741250.jpg 850w\" sizes=\"(max-width: 300px) 100vw, 300px\" \/><\/p>\n","protected":false},"excerpt":{"rendered":"<p>OPIS RONIX Usisiva\u010d suvo \/ mokro 5u1 INOX SET 1250 CB 1400W\/20l \u2013 Visokosna\u017eni industrijski motor snage 1.400W pru\u017ea ta\u010dno onoliko kapaciteta usisavanja koliko je potrebno za ve\u0107inu poslova \u010di\u0161\u0107enja \u2013 Najbolja snaga usisavanja i protoka vazduha u klasi lako se nosi sa te\u0161kim zadacima na gradili\u0161tu, u radionici ili u gara\u017ei \u2013 Izdr\u017eljiv i [&hellip;]<\/p>\n","protected":false},"featured_media":10428,"comment_status":"open","ping_status":"closed","template":"","meta":{"inline_featured_image":false},"product_brand":[],"product_cat":[307],"product_tag":[],"class_list":{"0":"post-10427","1":"product","2":"type-product","3":"status-publish","4":"has-post-thumbnail","6":"product_cat-usisivaci","8":"first","9":"instock","10":"shipping-taxable","11":"purchasable","12":"product-type-simple"},"_links":{"self":[{"href":"https:\/\/tehnikabacko.rs\/index.php\/wp-json\/wp\/v2\/product\/10427","targetHints":{"allow":["GET"]}}],"collection":[{"href":"https:\/\/tehnikabacko.rs\/index.php\/wp-json\/wp\/v2\/product"}],"about":[{"href":"https:\/\/tehnikabacko.rs\/index.php\/wp-json\/wp\/v2\/types\/product"}],"replies":[{"embeddable":true,"href":"https:\/\/tehnikabacko.rs\/index.php\/wp-json\/wp\/v2\/comments?post=10427"}],"wp:featuredmedia":[{"embeddable":true,"href":"https:\/\/tehnikabacko.rs\/index.php\/wp-json\/wp\/v2\/media\/10428"}],"wp:attachment":[{"href":"https:\/\/tehnikabacko.rs\/index.php\/wp-json\/wp\/v2\/media?parent=10427"}],"wp:term":[{"taxonomy":"product_brand","embeddable":true,"href":"https:\/\/tehnikabacko.rs\/index.php\/wp-json\/wp\/v2\/product_brand?post=10427"},{"taxonomy":"product_cat","embeddable":true,"href":"https:\/\/tehnikabacko.rs\/index.php\/wp-json\/wp\/v2\/product_cat?post=10427"},{"taxonomy":"product_tag","embeddable":true,"href":"https:\/\/tehnikabacko.rs\/index.php\/wp-json\/wp\/v2\/product_tag?post=10427"}],"curies":[{"name":"wp","href":"https:\/\/api.w.org\/{rel}","templated":true}]}}