{"id":10410,"date":"2024-03-05T10:37:35","date_gmt":"2024-03-05T10:37:35","guid":{"rendered":"https:\/\/tehnikabacko.rs\/?post_type=product&#038;p=10410"},"modified":"2025-01-22T14:00:01","modified_gmt":"2025-01-22T14:00:01","slug":"villy-1000-e-elektricna-kosacica","status":"publish","type":"product","link":"https:\/\/tehnikabacko.rs\/index.php\/product\/villy-1000-e-elektricna-kosacica\/","title":{"rendered":"Villy 1000 E elektri\u010dna kosa\u010dica"},"content":{"rendered":"<table class=\"table\">\n<thead class=\"thead-dark\">\n<tr>\n<th colspan=\"2\">\n<div class=\"d-flex align-items-center\"><span class=\"h5 mb-0 text-light\">Karakteristike<\/span><a class=\"compare-product btn btn-sm btn-secondary ml-auto\" data-id=\"253\" data-title=\"Villy 1000 E elektri\u010dna kosa\u010dica\" data-image=\"1200x800px96dpi rgb_0085_1000 e_s.jpg\"><i class=\"czi-compare\"><\/i>\u00a0Dodaj u Pore\u0111enje<\/a><\/div>\n<\/th>\n<\/tr>\n<\/thead>\n<tbody>\n<tr>\n<td>Kategorija<\/td>\n<td><strong>Elektri\u010dne kosa\u010dice<\/strong><\/td>\n<\/tr>\n<tr>\n<td>Motor<\/td>\n<td><strong>Elektri\u010dni<\/strong><\/td>\n<\/tr>\n<tr>\n<td>Pogon<\/td>\n<td><strong>Guraju\u0107i<\/strong><\/td>\n<\/tr>\n<tr>\n<td>Povr\u0161ina ko\u0161enja<\/td>\n<td><strong>300 m\u00b2<\/strong><\/td>\n<\/tr>\n<tr>\n<td>Tip motora<\/td>\n<td><strong>Indukcioni elektromotor<\/strong><\/td>\n<\/tr>\n<tr>\n<td>Radni napon<\/td>\n<td><strong>230 V ~ 50 Hz<\/strong><\/td>\n<\/tr>\n<tr>\n<td>Ulazna snaga<\/td>\n<td><strong>1000 W<\/strong><\/td>\n<\/tr>\n<tr>\n<td>\u0160irina ko\u0161enja<\/td>\n<td><strong>305 mm<\/strong><\/td>\n<\/tr>\n<tr>\n<td>Visina ko\u0161enja<\/td>\n<td><strong>25 &#8211; 55 mm (3 nivoa)<\/strong><\/td>\n<\/tr>\n<tr>\n<td>Pre\u010dnik to\u010dka prednji \/ zadnji<\/td>\n<td><strong>140 mm \/ 140 mm<\/strong><\/td>\n<\/tr>\n<tr>\n<td>Tip ku\u0107i\u0161ta<\/td>\n<td><strong>Plasti\u010dno ku\u0107i\u0161te<\/strong><\/td>\n<\/tr>\n<tr>\n<td>Zapremina sakuplja\u010da<\/td>\n<td><strong>28 l<\/strong><\/td>\n<\/tr>\n<tr>\n<td>Masa<\/td>\n<td><strong>10 kg<\/strong><\/td>\n<\/tr>\n<tr>\n<td>Linija proizvoda<\/td>\n<td><strong>Orange edition<\/strong><\/td>\n<\/tr>\n<\/tbody>\n<\/table>\n<p>&nbsp;<\/p>\n<p>&nbsp;<\/p>\n<p><img fetchpriority=\"high\" decoding=\"async\" class=\"alignnone size-medium wp-image-10411\" src=\"https:\/\/tehnikabacko.rs\/wp-content\/uploads\/2024\/03\/IMG-d205c4ec696014adbad3efbe94eeb182-V-300x300.jpg\" alt=\"\" width=\"300\" height=\"300\" srcset=\"https:\/\/tehnikabacko.rs\/wp-content\/uploads\/2024\/03\/IMG-d205c4ec696014adbad3efbe94eeb182-V-300x300.jpg 300w, https:\/\/tehnikabacko.rs\/wp-content\/uploads\/2024\/03\/IMG-d205c4ec696014adbad3efbe94eeb182-V-1024x1024.jpg 1024w, https:\/\/tehnikabacko.rs\/wp-content\/uploads\/2024\/03\/IMG-d205c4ec696014adbad3efbe94eeb182-V-150x150.jpg 150w, https:\/\/tehnikabacko.rs\/wp-content\/uploads\/2024\/03\/IMG-d205c4ec696014adbad3efbe94eeb182-V-768x768.jpg 768w, https:\/\/tehnikabacko.rs\/wp-content\/uploads\/2024\/03\/IMG-d205c4ec696014adbad3efbe94eeb182-V-1536x1536.jpg 1536w, https:\/\/tehnikabacko.rs\/wp-content\/uploads\/2024\/03\/IMG-d205c4ec696014adbad3efbe94eeb182-V-400x400.jpg 400w, https:\/\/tehnikabacko.rs\/wp-content\/uploads\/2024\/03\/IMG-d205c4ec696014adbad3efbe94eeb182-V-600x600.jpg 600w, https:\/\/tehnikabacko.rs\/wp-content\/uploads\/2024\/03\/IMG-d205c4ec696014adbad3efbe94eeb182-V-100x100.jpg 100w, https:\/\/tehnikabacko.rs\/wp-content\/uploads\/2024\/03\/IMG-d205c4ec696014adbad3efbe94eeb182-V-50x50.jpg 50w, https:\/\/tehnikabacko.rs\/wp-content\/uploads\/2024\/03\/IMG-d205c4ec696014adbad3efbe94eeb182-V-96x96.jpg 96w, https:\/\/tehnikabacko.rs\/wp-content\/uploads\/2024\/03\/IMG-d205c4ec696014adbad3efbe94eeb182-V-460x460.jpg 460w, https:\/\/tehnikabacko.rs\/wp-content\/uploads\/2024\/03\/IMG-d205c4ec696014adbad3efbe94eeb182-V.jpg 1600w\" sizes=\"(max-width: 300px) 100vw, 300px\" \/><\/p>\n","protected":false},"excerpt":{"rendered":"<p>Karakteristike\u00a0Dodaj u Pore\u0111enje Kategorija Elektri\u010dne kosa\u010dice Motor Elektri\u010dni Pogon Guraju\u0107i Povr\u0161ina ko\u0161enja 300 m\u00b2 Tip motora Indukcioni elektromotor Radni napon 230 V ~ 50 Hz Ulazna snaga 1000 W \u0160irina ko\u0161enja 305 mm Visina ko\u0161enja 25 &#8211; 55 mm (3 nivoa) Pre\u010dnik to\u010dka prednji \/ zadnji 140 mm \/ 140 mm Tip ku\u0107i\u0161ta Plasti\u010dno ku\u0107i\u0161te [&hellip;]<\/p>\n","protected":false},"featured_media":10411,"comment_status":"open","ping_status":"closed","template":"","meta":{"inline_featured_image":false},"product_brand":[],"product_cat":[271],"product_tag":[],"class_list":{"0":"post-10410","1":"product","2":"type-product","3":"status-publish","4":"has-post-thumbnail","6":"product_cat-elektricna-kosilica","8":"first","9":"instock","10":"shipping-taxable","11":"purchasable","12":"product-type-simple"},"_links":{"self":[{"href":"https:\/\/tehnikabacko.rs\/index.php\/wp-json\/wp\/v2\/product\/10410","targetHints":{"allow":["GET"]}}],"collection":[{"href":"https:\/\/tehnikabacko.rs\/index.php\/wp-json\/wp\/v2\/product"}],"about":[{"href":"https:\/\/tehnikabacko.rs\/index.php\/wp-json\/wp\/v2\/types\/product"}],"replies":[{"embeddable":true,"href":"https:\/\/tehnikabacko.rs\/index.php\/wp-json\/wp\/v2\/comments?post=10410"}],"wp:featuredmedia":[{"embeddable":true,"href":"https:\/\/tehnikabacko.rs\/index.php\/wp-json\/wp\/v2\/media\/10411"}],"wp:attachment":[{"href":"https:\/\/tehnikabacko.rs\/index.php\/wp-json\/wp\/v2\/media?parent=10410"}],"wp:term":[{"taxonomy":"product_brand","embeddable":true,"href":"https:\/\/tehnikabacko.rs\/index.php\/wp-json\/wp\/v2\/product_brand?post=10410"},{"taxonomy":"product_cat","embeddable":true,"href":"https:\/\/tehnikabacko.rs\/index.php\/wp-json\/wp\/v2\/product_cat?post=10410"},{"taxonomy":"product_tag","embeddable":true,"href":"https:\/\/tehnikabacko.rs\/index.php\/wp-json\/wp\/v2\/product_tag?post=10410"}],"curies":[{"name":"wp","href":"https:\/\/api.w.org\/{rel}","templated":true}]}}