{"id":10405,"date":"2024-03-05T10:29:17","date_gmt":"2024-03-05T10:29:17","guid":{"rendered":"https:\/\/tehnikabacko.rs\/?post_type=product&#038;p=10405"},"modified":"2026-02-23T17:25:20","modified_gmt":"2026-02-23T17:25:20","slug":"villager-villy-1600-p-elektricna-kosacica","status":"publish","type":"product","link":"https:\/\/tehnikabacko.rs\/index.php\/product\/villager-villy-1600-p-elektricna-kosacica\/","title":{"rendered":"Villager Villy 1600 P elektri\u010dna kosa\u010dica"},"content":{"rendered":"<table class=\"table\">\n<thead class=\"thead-dark\">\n<tr>\n<th colspan=\"2\">\n<div class=\"d-flex align-items-center\"><span class=\"h5 mb-0 text-light\">Karakteristike<\/span><a class=\"compare-product btn btn-sm btn-secondary ml-auto\" data-id=\"142\" data-title=\"Villy 1600 P elektri\u010dna kosa\u010dica\" data-image=\"1800_TYZSMXjpIPLN4uNmNyyn_s.jpg\"><i class=\"czi-compare\"><\/i>\u00a0Dodaj u Pore\u0111enje<\/a><\/div>\n<\/th>\n<\/tr>\n<\/thead>\n<tbody>\n<tr>\n<td>Kategorija<\/td>\n<td><strong>Elektri\u010dne kosa\u010dice<\/strong><\/td>\n<\/tr>\n<tr>\n<td>Motor<\/td>\n<td><strong>Elektri\u010dni<\/strong><\/td>\n<\/tr>\n<tr>\n<td>Pogon<\/td>\n<td><strong>Guraju\u0107i<\/strong><\/td>\n<\/tr>\n<tr>\n<td>Povr\u0161ina ko\u0161enja<\/td>\n<td><strong>600 m\u00b2<\/strong><\/td>\n<\/tr>\n<tr>\n<td>Tip motora<\/td>\n<td><strong>Kolektorski elektromotor<\/strong><\/td>\n<\/tr>\n<tr>\n<td>Radni napon<\/td>\n<td><strong>230 V ~ 50 Hz<\/strong><\/td>\n<\/tr>\n<tr>\n<td>Ulazna snaga<\/td>\n<td><strong>1600 W<\/strong><\/td>\n<\/tr>\n<tr>\n<td>\u0160irina ko\u0161enja<\/td>\n<td><strong>380 mm<\/strong><\/td>\n<\/tr>\n<tr>\n<td>Visina ko\u0161enja<\/td>\n<td><strong>30 &#8211; 65 mm (5 nivoa, centralno)<\/strong><\/td>\n<\/tr>\n<tr>\n<td>Pre\u010dnik to\u010dka prednji \/ zadnji<\/td>\n<td><strong>140 mm \/ 180 mm<\/strong><\/td>\n<\/tr>\n<tr>\n<td>Tip ku\u0107i\u0161ta<\/td>\n<td><strong>Polipropilensko<\/strong><\/td>\n<\/tr>\n<tr>\n<td>Zapremina sakuplja\u010da<\/td>\n<td><strong>45 l<\/strong><\/td>\n<\/tr>\n<tr>\n<td>Masa<\/td>\n<td><strong>12 kg<\/strong><\/td>\n<\/tr>\n<tr>\n<td>Linija proizvoda<\/td>\n<td><strong>Black edition<\/strong><\/td>\n<\/tr>\n<\/tbody>\n<\/table>\n<p>&nbsp;<\/p>\n<p>&nbsp;<\/p>\n<p>&nbsp;<\/p>\n<p><img fetchpriority=\"high\" decoding=\"async\" class=\"alignnone size-medium wp-image-10406\" src=\"https:\/\/tehnikabacko.rs\/wp-content\/uploads\/2024\/03\/elektricna-kosilica-1600p-300x300.png\" alt=\"\" width=\"300\" height=\"300\" srcset=\"https:\/\/tehnikabacko.rs\/wp-content\/uploads\/2024\/03\/elektricna-kosilica-1600p-300x300.png 300w, https:\/\/tehnikabacko.rs\/wp-content\/uploads\/2024\/03\/elektricna-kosilica-1600p-1024x1024.png 1024w, https:\/\/tehnikabacko.rs\/wp-content\/uploads\/2024\/03\/elektricna-kosilica-1600p-150x150.png 150w, https:\/\/tehnikabacko.rs\/wp-content\/uploads\/2024\/03\/elektricna-kosilica-1600p-768x768.png 768w, https:\/\/tehnikabacko.rs\/wp-content\/uploads\/2024\/03\/elektricna-kosilica-1600p-400x400.png 400w, https:\/\/tehnikabacko.rs\/wp-content\/uploads\/2024\/03\/elektricna-kosilica-1600p-600x600.png 600w, https:\/\/tehnikabacko.rs\/wp-content\/uploads\/2024\/03\/elektricna-kosilica-1600p-100x100.png 100w, https:\/\/tehnikabacko.rs\/wp-content\/uploads\/2024\/03\/elektricna-kosilica-1600p-50x50.png 50w, https:\/\/tehnikabacko.rs\/wp-content\/uploads\/2024\/03\/elektricna-kosilica-1600p-96x96.png 96w, https:\/\/tehnikabacko.rs\/wp-content\/uploads\/2024\/03\/elektricna-kosilica-1600p-460x460.png 460w, https:\/\/tehnikabacko.rs\/wp-content\/uploads\/2024\/03\/elektricna-kosilica-1600p.png 1080w\" sizes=\"(max-width: 300px) 100vw, 300px\" \/><\/p>\n","protected":false},"excerpt":{"rendered":"<p>Karakteristike\u00a0Dodaj u Pore\u0111enje Kategorija Elektri\u010dne kosa\u010dice Motor Elektri\u010dni Pogon Guraju\u0107i Povr\u0161ina ko\u0161enja 600 m\u00b2 Tip motora Kolektorski elektromotor Radni napon 230 V ~ 50 Hz Ulazna snaga 1600 W \u0160irina ko\u0161enja 380 mm Visina ko\u0161enja 30 &#8211; 65 mm (5 nivoa, centralno) Pre\u010dnik to\u010dka prednji \/ zadnji 140 mm \/ 180 mm Tip ku\u0107i\u0161ta Polipropilensko [&hellip;]<\/p>\n","protected":false},"featured_media":10406,"comment_status":"open","ping_status":"closed","template":"","meta":{"inline_featured_image":false},"product_brand":[],"product_cat":[271],"product_tag":[],"class_list":{"0":"post-10405","1":"product","2":"type-product","3":"status-publish","4":"has-post-thumbnail","6":"product_cat-elektricna-kosilica","8":"first","9":"instock","10":"sale","11":"shipping-taxable","12":"purchasable","13":"product-type-simple"},"_links":{"self":[{"href":"https:\/\/tehnikabacko.rs\/index.php\/wp-json\/wp\/v2\/product\/10405","targetHints":{"allow":["GET"]}}],"collection":[{"href":"https:\/\/tehnikabacko.rs\/index.php\/wp-json\/wp\/v2\/product"}],"about":[{"href":"https:\/\/tehnikabacko.rs\/index.php\/wp-json\/wp\/v2\/types\/product"}],"replies":[{"embeddable":true,"href":"https:\/\/tehnikabacko.rs\/index.php\/wp-json\/wp\/v2\/comments?post=10405"}],"wp:featuredmedia":[{"embeddable":true,"href":"https:\/\/tehnikabacko.rs\/index.php\/wp-json\/wp\/v2\/media\/10406"}],"wp:attachment":[{"href":"https:\/\/tehnikabacko.rs\/index.php\/wp-json\/wp\/v2\/media?parent=10405"}],"wp:term":[{"taxonomy":"product_brand","embeddable":true,"href":"https:\/\/tehnikabacko.rs\/index.php\/wp-json\/wp\/v2\/product_brand?post=10405"},{"taxonomy":"product_cat","embeddable":true,"href":"https:\/\/tehnikabacko.rs\/index.php\/wp-json\/wp\/v2\/product_cat?post=10405"},{"taxonomy":"product_tag","embeddable":true,"href":"https:\/\/tehnikabacko.rs\/index.php\/wp-json\/wp\/v2\/product_tag?post=10405"}],"curies":[{"name":"wp","href":"https:\/\/api.w.org\/{rel}","templated":true}]}}