{"id":10389,"date":"2024-02-23T17:44:03","date_gmt":"2024-02-23T17:44:03","guid":{"rendered":"https:\/\/tehnikabacko.rs\/?post_type=product&#038;p=10389"},"modified":"2025-06-02T07:54:36","modified_gmt":"2025-06-02T07:54:36","slug":"cistac-sa-ekstrakcionim-rasprsivacem-se-4001","status":"publish","type":"product","link":"https:\/\/tehnikabacko.rs\/index.php\/product\/cistac-sa-ekstrakcionim-rasprsivacem-se-4001\/","title":{"rendered":"\u010cISTA\u010c SA EKSTRAKCIONIM RASPR\u0160IVA\u010cEM SE 4001"},"content":{"rendered":"<h3>Tehni\u010dki podaci<\/h3>\n<table class=\"table\">\n<tbody>\n<tr>\n<td>Protok vazduha (l\/s)<\/td>\n<td>70<\/td>\n<\/tr>\n<tr>\n<td>Usisavanje (mbar\/kPa)<\/td>\n<td>210 \/ 21<\/td>\n<\/tr>\n<tr>\n<td>Kapacitet pumpe (W)<\/td>\n<td>max. 40<\/td>\n<\/tr>\n<tr>\n<td>Prijemna snaga turbine \/ pumpe (W)<\/td>\n<td>max. 1400 \/ max. 40<\/td>\n<\/tr>\n<tr>\n<td>Radna \u0161irina (mm)<\/td>\n<td>230<\/td>\n<\/tr>\n<tr>\n<td>Kapacitet rezervoara za \u010distu vodu (l)<\/td>\n<td>4<\/td>\n<\/tr>\n<tr>\n<td>Kapacitet rezervoara za prljavu vodu (l)<\/td>\n<td>4<\/td>\n<\/tr>\n<tr>\n<td>Napon napajanja (V\/<span class=\"fix-spelling\">Hz<\/span>)<\/td>\n<td>220 &#8211; 240 \/ 50 &#8211; 60<\/td>\n<\/tr>\n<tr>\n<td>Koli\u010dina raspr\u0161ivanja (l\/min)<\/td>\n<td>1<\/td>\n<\/tr>\n<tr>\n<td>Pritisak raspr\u0161ivanja (bar)<\/td>\n<td>1<\/td>\n<\/tr>\n<tr>\n<td>Priklju\u010dni kabl (m)<\/td>\n<td>7,5<\/td>\n<\/tr>\n<tr>\n<td>Te\u017eina bez pribora (kg)<\/td>\n<td>7,8<\/td>\n<\/tr>\n<tr>\n<td>Te\u017eina sa ambala\u017eom (kg)<\/td>\n<td>11,2<\/td>\n<\/tr>\n<tr>\n<td>Dimenzije (D x \u0160 x V) (mm)<\/td>\n<td>441 x 386 x 480<\/td>\n<\/tr>\n<tr>\n<td>Nominalna \u0161irina za pribor (mm)<\/td>\n<td>35<\/td>\n<\/tr>\n<\/tbody>\n<\/table>\n<p>&nbsp;<\/p>\n<p><img decoding=\"async\" src=\"https:\/\/s1.kaercher-media.com\/mam\/10811300\/mainproduct\/47703\/d1.jpg\" alt=\"K\u00e4rcher \u010cista\u010d sa ekstrakcionim raspr\u0161iva\u010dem SE 4001\" \/><\/p>\n","protected":false},"excerpt":{"rendered":"<p>Tehni\u010dki podaci Protok vazduha (l\/s) 70 Usisavanje (mbar\/kPa) 210 \/ 21 Kapacitet pumpe (W) max. 40 Prijemna snaga turbine \/ pumpe (W) max. 1400 \/ max. 40 Radna \u0161irina (mm) 230 Kapacitet rezervoara za \u010distu vodu (l) 4 Kapacitet rezervoara za prljavu vodu (l) 4 Napon napajanja (V\/Hz) 220 &#8211; 240 \/ 50 &#8211; 60 [&hellip;]<\/p>\n","protected":false},"featured_media":10390,"comment_status":"open","ping_status":"closed","template":"","meta":{"inline_featured_image":false},"product_brand":[],"product_cat":[15],"product_tag":[],"class_list":{"0":"post-10389","1":"product","2":"type-product","3":"status-publish","4":"has-post-thumbnail","6":"product_cat-uncategorized","8":"first","9":"instock","10":"shipping-taxable","11":"purchasable","12":"product-type-simple"},"_links":{"self":[{"href":"https:\/\/tehnikabacko.rs\/index.php\/wp-json\/wp\/v2\/product\/10389","targetHints":{"allow":["GET"]}}],"collection":[{"href":"https:\/\/tehnikabacko.rs\/index.php\/wp-json\/wp\/v2\/product"}],"about":[{"href":"https:\/\/tehnikabacko.rs\/index.php\/wp-json\/wp\/v2\/types\/product"}],"replies":[{"embeddable":true,"href":"https:\/\/tehnikabacko.rs\/index.php\/wp-json\/wp\/v2\/comments?post=10389"}],"wp:featuredmedia":[{"embeddable":true,"href":"https:\/\/tehnikabacko.rs\/index.php\/wp-json\/wp\/v2\/media\/10390"}],"wp:attachment":[{"href":"https:\/\/tehnikabacko.rs\/index.php\/wp-json\/wp\/v2\/media?parent=10389"}],"wp:term":[{"taxonomy":"product_brand","embeddable":true,"href":"https:\/\/tehnikabacko.rs\/index.php\/wp-json\/wp\/v2\/product_brand?post=10389"},{"taxonomy":"product_cat","embeddable":true,"href":"https:\/\/tehnikabacko.rs\/index.php\/wp-json\/wp\/v2\/product_cat?post=10389"},{"taxonomy":"product_tag","embeddable":true,"href":"https:\/\/tehnikabacko.rs\/index.php\/wp-json\/wp\/v2\/product_tag?post=10389"}],"curies":[{"name":"wp","href":"https:\/\/api.w.org\/{rel}","templated":true}]}}