{"id":10386,"date":"2024-02-23T15:56:48","date_gmt":"2024-02-23T15:56:48","guid":{"rendered":"https:\/\/tehnikabacko.rs\/?post_type=product&#038;p=10386"},"modified":"2024-02-24T07:50:55","modified_gmt":"2024-02-24T07:50:55","slug":"elektricni-bicikl-10-felix-250w-48v-20ah-crvena","status":"publish","type":"product","link":"https:\/\/tehnikabacko.rs\/index.php\/product\/elektricni-bicikl-10-felix-250w-48v-20ah-crvena\/","title":{"rendered":"Elektri\u010dni bicikl 10&#8243; FELIX (250W 48V\/20Ah) crvena"},"content":{"rendered":"<h2 class=\"product-name\">Elektri\u010dni bicikl 10&#8243; FELIX (250W 48V\/20Ah) crvena<\/h2>\n<table>\n<tbody>\n<tr>\n<th>Vrsta e-bike:<\/th>\n<td>Gradski (City e-scooter)<\/td>\n<\/tr>\n<tr>\n<th>Obru\u010devi to\u010dkova:<\/th>\n<td>10&#8243; ALU<\/td>\n<\/tr>\n<tr>\n<th>Sp. gume:<\/th>\n<td>3.00-10<\/td>\n<\/tr>\n<tr>\n<th>Baterija:<\/th>\n<td>Olovna 48V\/20Ah (4x12V\/20Ah)<\/td>\n<\/tr>\n<tr>\n<th>Snaga motora:<\/th>\n<td>250W<\/td>\n<\/tr>\n<tr>\n<th>Broj brzina:<\/th>\n<td>3 (elektronske)<\/td>\n<\/tr>\n<tr>\n<th>Max. brzina:<\/th>\n<td>25 km\/h<\/td>\n<\/tr>\n<tr>\n<th>Autonomija kretanja:<\/th>\n<td>Do 50km<\/td>\n<\/tr>\n<tr>\n<th>Nosivost:<\/th>\n<td>150 kg<\/td>\n<\/tr>\n<tr>\n<th>Me\u0111uosovinsko rastojanje:<\/th>\n<td>1200 mm<\/td>\n<\/tr>\n<tr>\n<th>Ko\u010dnice:<\/th>\n<td>Dobo\u0161 zadnja\/Hidrauli\u010dna disk ko\u010dnica prednja<\/td>\n<\/tr>\n<tr>\n<th>Alarm:<\/th>\n<td>Da<\/td>\n<\/tr>\n<tr>\n<th>Vreme punjenja:<\/th>\n<td>6 \u2013 8 h<\/td>\n<\/tr>\n<tr>\n<th>Dodatna oprema:<\/th>\n<td>Prednje i zadnje svetlo, \u0161top svetlo, pokaziva\u010di pravca (\u017emigavci) Zadnja kutija za prtljag ili kacigu, nogari. Sedi\u0161te za dve osobe, dva klju\u010da.<\/td>\n<\/tr>\n<tr>\n<th>Boja:<\/th>\n<td>crvena<\/td>\n<\/tr>\n<\/tbody>\n<\/table>\n<p>&nbsp;<\/p>\n<p><img fetchpriority=\"high\" decoding=\"async\" class=\"\" src=\"https:\/\/megafavorit.com\/files\/product_picture\/2532\/lead_picture\/2024.02.07.15.14.10_65c39032a319c_330089-1200x900_big.jpg\" alt=\"Elektri\u010dni bicikl 10&quot; FELIX (250W 48V\/20Ah) crvena\" width=\"728\" height=\"546\" \/><\/p>\n<p>&nbsp;<\/p>\n<p><img decoding=\"async\" class=\"\" src=\"https:\/\/megafavorit.com\/files\/product_picture\/2533\/lead_picture\/2024.02.07.15.14.31_65c39047f0345_330090-1200x900_big.jpg\" alt=\"Elektri\u010dni bicikl 10&quot; FELIX (250W 48V\/20Ah) plava\" width=\"795\" height=\"596\" \/><\/p>\n<p>&nbsp;<\/p>\n<p><img decoding=\"async\" class=\"\" src=\"https:\/\/megafavorit.com\/files\/product_picture\/2535\/picture\/2024.02.07.15.47.33_65c3980511358_Felix-bela-profil_big.jpg\" alt=\"Elektri\u010dni bicikl 10&quot; FELIX (250W 48V\/20Ah) bela\" width=\"744\" height=\"558\" \/><\/p>\n","protected":false},"excerpt":{"rendered":"<p>Elektri\u010dni bicikl 10&#8243; FELIX (250W 48V\/20Ah) crvena Vrsta e-bike: Gradski (City e-scooter) Obru\u010devi to\u010dkova: 10&#8243; ALU Sp. gume: 3.00-10 Baterija: Olovna 48V\/20Ah (4x12V\/20Ah) Snaga motora: 250W Broj brzina: 3 (elektronske) Max. brzina: 25 km\/h Autonomija kretanja: Do 50km Nosivost: 150 kg Me\u0111uosovinsko rastojanje: 1200 mm Ko\u010dnice: Dobo\u0161 zadnja\/Hidrauli\u010dna disk ko\u010dnica prednja Alarm: Da Vreme punjenja: [&hellip;]<\/p>\n","protected":false},"featured_media":10387,"comment_status":"open","ping_status":"closed","template":"","meta":{"inline_featured_image":false},"product_brand":[],"product_cat":[15],"product_tag":[],"class_list":{"0":"post-10386","1":"product","2":"type-product","3":"status-publish","4":"has-post-thumbnail","6":"product_cat-uncategorized","8":"first","9":"instock","10":"shipping-taxable","11":"purchasable","12":"product-type-simple"},"_links":{"self":[{"href":"https:\/\/tehnikabacko.rs\/index.php\/wp-json\/wp\/v2\/product\/10386","targetHints":{"allow":["GET"]}}],"collection":[{"href":"https:\/\/tehnikabacko.rs\/index.php\/wp-json\/wp\/v2\/product"}],"about":[{"href":"https:\/\/tehnikabacko.rs\/index.php\/wp-json\/wp\/v2\/types\/product"}],"replies":[{"embeddable":true,"href":"https:\/\/tehnikabacko.rs\/index.php\/wp-json\/wp\/v2\/comments?post=10386"}],"wp:featuredmedia":[{"embeddable":true,"href":"https:\/\/tehnikabacko.rs\/index.php\/wp-json\/wp\/v2\/media\/10387"}],"wp:attachment":[{"href":"https:\/\/tehnikabacko.rs\/index.php\/wp-json\/wp\/v2\/media?parent=10386"}],"wp:term":[{"taxonomy":"product_brand","embeddable":true,"href":"https:\/\/tehnikabacko.rs\/index.php\/wp-json\/wp\/v2\/product_brand?post=10386"},{"taxonomy":"product_cat","embeddable":true,"href":"https:\/\/tehnikabacko.rs\/index.php\/wp-json\/wp\/v2\/product_cat?post=10386"},{"taxonomy":"product_tag","embeddable":true,"href":"https:\/\/tehnikabacko.rs\/index.php\/wp-json\/wp\/v2\/product_tag?post=10386"}],"curies":[{"name":"wp","href":"https:\/\/api.w.org\/{rel}","templated":true}]}}