{"id":10383,"date":"2024-02-23T15:51:42","date_gmt":"2024-02-23T15:51:42","guid":{"rendered":"https:\/\/tehnikabacko.rs\/?post_type=product&#038;p=10383"},"modified":"2025-06-01T11:44:49","modified_gmt":"2025-06-01T11:44:49","slug":"elektricni-bicikl-26-barcelona-250w-36v-10-4ah-lithium-bordo","status":"publish","type":"product","link":"https:\/\/tehnikabacko.rs\/index.php\/product\/elektricni-bicikl-26-barcelona-250w-36v-10-4ah-lithium-bordo\/","title":{"rendered":"Elektri\u010dni bicikl 26&#8243; BARCELONA (250W 36V\/10.4Ah lithium) bordo"},"content":{"rendered":"<h2 class=\"product-name\">Elektri\u010dni bicikl 26&#8243; BARCELONA (250W 36V\/10.4Ah lithium) bordo<\/h2>\n<table>\n<tbody>\n<tr>\n<th>Vrsta e-bike:<\/th>\n<td>Gradski (City e-bike)<\/td>\n<\/tr>\n<tr>\n<th>Materijal rama:<\/th>\n<td>\u010deli\u010dni<\/td>\n<\/tr>\n<tr>\n<th>Obru\u010devi to\u010dkova:<\/th>\n<td>26\u201c ALU dupli zid<\/td>\n<\/tr>\n<tr>\n<th>Sp. gume:<\/th>\n<td>26&#215;1.75<\/td>\n<\/tr>\n<tr>\n<th>Baterija:<\/th>\n<td>Litijumska 36V\/10.4Ah<\/td>\n<\/tr>\n<tr>\n<th>Snaga motora:<\/th>\n<td>250W<\/td>\n<\/tr>\n<tr>\n<th>Broj brzina:<\/th>\n<td>7 brzina, Shimano menja\u010d<\/td>\n<\/tr>\n<tr>\n<th>Max. brzina:<\/th>\n<td>25 km\/h<\/td>\n<\/tr>\n<tr>\n<th>Autonomija kretanja:<\/th>\n<td>do 25 km<\/td>\n<\/tr>\n<tr>\n<th>Nosivost:<\/th>\n<td>do 100 kg<\/td>\n<\/tr>\n<tr>\n<th>Ko\u010dnice:<\/th>\n<td>V-brake<\/td>\n<\/tr>\n<tr>\n<th>Vreme punjenja:<\/th>\n<td>6-8 sati<\/td>\n<\/tr>\n<tr>\n<th>Svetlo prednje:<\/th>\n<td>LED<\/td>\n<\/tr>\n<tr>\n<th>Svetlo zadnje:<\/th>\n<td>LED<\/td>\n<\/tr>\n<tr>\n<th>Te\u017eina:<\/th>\n<td>26,5 kg sa baterijama<\/td>\n<\/tr>\n<tr>\n<th>Korpa prednja:<\/th>\n<td>da, metalna pletena<\/td>\n<\/tr>\n<tr>\n<th>Dodatna oprema:<\/th>\n<td>LED displej, zvono, paktreger, plasti\u010dni lancobran, metalni blatobrani<\/td>\n<\/tr>\n<tr>\n<th>Boja:<\/th>\n<td>bordo<\/td>\n<\/tr>\n<\/tbody>\n<\/table>\n<p>&nbsp;<\/p>\n<p>&nbsp;<\/p>\n<p><img fetchpriority=\"high\" decoding=\"async\" class=\"\" src=\"https:\/\/megafavorit.com\/files\/product_picture\/2526\/lead_picture\/2024.02.01.13.21.38_65bb8cd2ccd64_Barcelona-330083-1200x900_big.jpg\" alt=\"Elektri\u010dni bicikl 26&quot; BARCELONA (250W 36V\/10.4Ah lithium) bordo\" width=\"913\" height=\"685\" \/><\/p>\n<p>&nbsp;<\/p>\n<p><img decoding=\"async\" class=\"\" src=\"https:\/\/megafavorit.com\/files\/product_picture\/2526\/picture\/2024.02.01.13.21.40_65bb8cd40d92c_Barcelona-330083-1200x900a_big.jpg\" alt=\"Elektri\u010dni bicikl 26&quot; BARCELONA (250W 36V\/10.4Ah lithium) bordo\" width=\"776\" height=\"582\" \/><\/p>\n","protected":false},"excerpt":{"rendered":"<p>Elektri\u010dni bicikl 26&#8243; BARCELONA (250W 36V\/10.4Ah lithium) bordo Vrsta e-bike: Gradski (City e-bike) Materijal rama: \u010deli\u010dni Obru\u010devi to\u010dkova: 26\u201c ALU dupli zid Sp. gume: 26&#215;1.75 Baterija: Litijumska 36V\/10.4Ah Snaga motora: 250W Broj brzina: 7 brzina, Shimano menja\u010d Max. brzina: 25 km\/h Autonomija kretanja: do 25 km Nosivost: do 100 kg Ko\u010dnice: V-brake Vreme punjenja: 6-8 [&hellip;]<\/p>\n","protected":false},"featured_media":10384,"comment_status":"open","ping_status":"closed","template":"","meta":{"inline_featured_image":false},"product_brand":[],"product_cat":[15],"product_tag":[],"class_list":{"0":"post-10383","1":"product","2":"type-product","3":"status-publish","4":"has-post-thumbnail","6":"product_cat-uncategorized","8":"first","9":"instock","10":"shipping-taxable","11":"purchasable","12":"product-type-simple"},"_links":{"self":[{"href":"https:\/\/tehnikabacko.rs\/index.php\/wp-json\/wp\/v2\/product\/10383","targetHints":{"allow":["GET"]}}],"collection":[{"href":"https:\/\/tehnikabacko.rs\/index.php\/wp-json\/wp\/v2\/product"}],"about":[{"href":"https:\/\/tehnikabacko.rs\/index.php\/wp-json\/wp\/v2\/types\/product"}],"replies":[{"embeddable":true,"href":"https:\/\/tehnikabacko.rs\/index.php\/wp-json\/wp\/v2\/comments?post=10383"}],"wp:featuredmedia":[{"embeddable":true,"href":"https:\/\/tehnikabacko.rs\/index.php\/wp-json\/wp\/v2\/media\/10384"}],"wp:attachment":[{"href":"https:\/\/tehnikabacko.rs\/index.php\/wp-json\/wp\/v2\/media?parent=10383"}],"wp:term":[{"taxonomy":"product_brand","embeddable":true,"href":"https:\/\/tehnikabacko.rs\/index.php\/wp-json\/wp\/v2\/product_brand?post=10383"},{"taxonomy":"product_cat","embeddable":true,"href":"https:\/\/tehnikabacko.rs\/index.php\/wp-json\/wp\/v2\/product_cat?post=10383"},{"taxonomy":"product_tag","embeddable":true,"href":"https:\/\/tehnikabacko.rs\/index.php\/wp-json\/wp\/v2\/product_tag?post=10383"}],"curies":[{"name":"wp","href":"https:\/\/api.w.org\/{rel}","templated":true}]}}