{"id":10369,"date":"2024-02-21T09:45:31","date_gmt":"2024-02-21T09:45:31","guid":{"rendered":"https:\/\/tehnikabacko.rs\/?post_type=product&#038;p=10369"},"modified":"2024-02-21T09:45:31","modified_gmt":"2024-02-21T09:45:31","slug":"elektricna-kosilica-mac-450","status":"publish","type":"product","link":"https:\/\/tehnikabacko.rs\/index.php\/product\/elektricna-kosilica-mac-450\/","title":{"rendered":"Elektri\u010dna Kosilica MAC-450"},"content":{"rendered":"<p>MACHTIG Elektri\u010dna kosilica za travu MAC-450<\/p>\n<p>INDUKCIONI MOTOR<\/p>\n<p>Maksimalna snaga 1600W<\/p>\n<p>Ma\u010d\/se\u010divo pre\u010dnik 32 cm<\/p>\n<p>3 nivoa se\u010denja trave<\/p>\n<p>Ru\u010dka za lak\u0161e preno\u0161enje kosilice<\/p>\n<p>3000 obrtaja\/minuti<\/p>\n<p>Uklonivi sakuplja\u010d trave<\/p>\n<p>Dr\u017ea\u010d kabla<\/p>\n<p>Sakuplja\u010d trave\u00a0zapremine 35l.<\/p>\n<p>Dve boje<\/p>\n<p>&nbsp;<\/p>\n<p>&nbsp;<\/p>\n<p><img fetchpriority=\"high\" decoding=\"async\" class=\"alignnone size-medium wp-image-10371\" src=\"https:\/\/tehnikabacko.rs\/wp-content\/uploads\/2024\/02\/10-1200x1200-1-300x300.jpg\" alt=\"\" width=\"300\" height=\"300\" srcset=\"https:\/\/tehnikabacko.rs\/wp-content\/uploads\/2024\/02\/10-1200x1200-1-300x300.jpg 300w, https:\/\/tehnikabacko.rs\/wp-content\/uploads\/2024\/02\/10-1200x1200-1-1024x1024.jpg 1024w, https:\/\/tehnikabacko.rs\/wp-content\/uploads\/2024\/02\/10-1200x1200-1-150x150.jpg 150w, https:\/\/tehnikabacko.rs\/wp-content\/uploads\/2024\/02\/10-1200x1200-1-768x768.jpg 768w, https:\/\/tehnikabacko.rs\/wp-content\/uploads\/2024\/02\/10-1200x1200-1-400x400.jpg 400w, https:\/\/tehnikabacko.rs\/wp-content\/uploads\/2024\/02\/10-1200x1200-1-600x600.jpg 600w, https:\/\/tehnikabacko.rs\/wp-content\/uploads\/2024\/02\/10-1200x1200-1-100x100.jpg 100w, https:\/\/tehnikabacko.rs\/wp-content\/uploads\/2024\/02\/10-1200x1200-1-50x50.jpg 50w, https:\/\/tehnikabacko.rs\/wp-content\/uploads\/2024\/02\/10-1200x1200-1-96x96.jpg 96w, https:\/\/tehnikabacko.rs\/wp-content\/uploads\/2024\/02\/10-1200x1200-1-460x460.jpg 460w, https:\/\/tehnikabacko.rs\/wp-content\/uploads\/2024\/02\/10-1200x1200-1.jpg 1200w\" sizes=\"(max-width: 300px) 100vw, 300px\" \/><\/p>\n","protected":false},"excerpt":{"rendered":"<p>MACHTIG Elektri\u010dna kosilica za travu MAC-450 INDUKCIONI MOTOR Maksimalna snaga 1600W Ma\u010d\/se\u010divo pre\u010dnik 32 cm 3 nivoa se\u010denja trave Ru\u010dka za lak\u0161e preno\u0161enje kosilice 3000 obrtaja\/minuti Uklonivi sakuplja\u010d trave Dr\u017ea\u010d kabla Sakuplja\u010d trave\u00a0zapremine 35l. Dve boje &nbsp; &nbsp;<\/p>\n","protected":false},"featured_media":10370,"comment_status":"open","ping_status":"closed","template":"","meta":{"inline_featured_image":false},"product_brand":[],"product_cat":[271],"product_tag":[],"class_list":{"0":"post-10369","1":"product","2":"type-product","3":"status-publish","4":"has-post-thumbnail","6":"product_cat-elektricna-kosilica","8":"first","9":"instock","10":"shipping-taxable","11":"purchasable","12":"product-type-simple"},"_links":{"self":[{"href":"https:\/\/tehnikabacko.rs\/index.php\/wp-json\/wp\/v2\/product\/10369","targetHints":{"allow":["GET"]}}],"collection":[{"href":"https:\/\/tehnikabacko.rs\/index.php\/wp-json\/wp\/v2\/product"}],"about":[{"href":"https:\/\/tehnikabacko.rs\/index.php\/wp-json\/wp\/v2\/types\/product"}],"replies":[{"embeddable":true,"href":"https:\/\/tehnikabacko.rs\/index.php\/wp-json\/wp\/v2\/comments?post=10369"}],"wp:featuredmedia":[{"embeddable":true,"href":"https:\/\/tehnikabacko.rs\/index.php\/wp-json\/wp\/v2\/media\/10370"}],"wp:attachment":[{"href":"https:\/\/tehnikabacko.rs\/index.php\/wp-json\/wp\/v2\/media?parent=10369"}],"wp:term":[{"taxonomy":"product_brand","embeddable":true,"href":"https:\/\/tehnikabacko.rs\/index.php\/wp-json\/wp\/v2\/product_brand?post=10369"},{"taxonomy":"product_cat","embeddable":true,"href":"https:\/\/tehnikabacko.rs\/index.php\/wp-json\/wp\/v2\/product_cat?post=10369"},{"taxonomy":"product_tag","embeddable":true,"href":"https:\/\/tehnikabacko.rs\/index.php\/wp-json\/wp\/v2\/product_tag?post=10369"}],"curies":[{"name":"wp","href":"https:\/\/api.w.org\/{rel}","templated":true}]}}