{"id":10345,"date":"2024-02-09T11:33:48","date_gmt":"2024-02-09T11:33:48","guid":{"rendered":"https:\/\/tehnikabacko.rs\/?post_type=product&#038;p=10345"},"modified":"2024-02-09T11:40:24","modified_gmt":"2024-02-09T11:40:24","slug":"10345","status":"publish","type":"product","link":"https:\/\/tehnikabacko.rs\/index.php\/product\/10345\/","title":{"rendered":"\u010ceki\u0107 Bu\u0161ilica TE-RH 32E Einhell"},"content":{"rendered":"<p><strong>Opis i karakteristike:<\/strong><\/p>\n<p>Einhell \u010deki\u0107 bu\u0161ilica RT-RH je najpopularnija od Einhell-ovih \u010deki\u0107 bu\u0161ilica.<\/p>\n<p>Ova sna\u017ena alatka se dokazala u radu na gra\u0111evini, renovacionim i ostalim zahtevnim poslovima.<\/p>\n<p>Poseduje tri funkcije: \u010deki\u0107-bu\u0161enje, bu\u0161enje, dleto (pokretno i fiksirano).<\/p>\n<p>SDS-plus prihvat omogu\u0107ava jednostavnu zamenu burgija i dleta bez alata i zajedno sa mo\u0107nim 1250W motorom, razvija veliku snagu udarca od 3.5J.<\/p>\n<p>Istovremeno, posebno dizajnirana dr\u0161ka apsorbuje vibracije tokom rada.<\/p>\n<ul>\n<li>Elektri\u010dna \u010deki\u0107 bu\u0161ilica Einhell RT-RH 32 4258440<\/li>\n<li>Napon: 230 V | 50 Hz<\/li>\n<li>Snaga: 1250 W<\/li>\n<li>Brzina: 800 min-1<\/li>\n<li>Broj udaraca: 4300 min-1<\/li>\n<li>Snaga udarca: 3.5 J<\/li>\n<li>Prihvat glave SDS plus<\/li>\n<li>Kapacitet bu\u0161enja (beton): 32 mm<\/li>\n<li>Mehanizam pneumatskog \u010deki\u0107a<\/li>\n<li>SDS-Plus prihvat<\/li>\n<li>Dr\u0161ka koja apsorbuje vibracije<\/li>\n<li>Robusno aluminijumsko ku\u0107i\u0161te zup\u010danika<\/li>\n<li>Za\u0161tita od preoptere\u0107enja<\/li>\n<li>Funkcije: \u010deki\u0107-bu\u0161enje\/bu\u0161enje\/dleto (pokretno i fiksirano)<\/li>\n<li>Soft grip<\/li>\n<li>Dodatna dr\u0161ka sa posebnom strukturom prihvata za sigurno dr\u017eanje<\/li>\n<li>Metalni grani\u010dnik dubine bu\u0161enja<\/li>\n<li>Prihvat kabla<\/li>\n<li>Transportni i skladi\u0161ni kofer<\/li>\n<li>Uklju\u010duju\u0107i 3 burgije (\u00d8 8, 10, 12 mm)<\/li>\n<li>Uklju\u010duju\u0107i 2 dleta<\/li>\n<\/ul>\n<p>&nbsp;<\/p>\n<p>&nbsp;<\/p>\n<p><img fetchpriority=\"high\" decoding=\"async\" class=\"alignnone size-medium wp-image-10346\" src=\"https:\/\/tehnikabacko.rs\/wp-content\/uploads\/2024\/02\/3-8-300x300.webp\" alt=\"\" width=\"300\" height=\"300\" srcset=\"https:\/\/tehnikabacko.rs\/wp-content\/uploads\/2024\/02\/3-8-300x300.webp 300w, https:\/\/tehnikabacko.rs\/wp-content\/uploads\/2024\/02\/3-8-1024x1024.webp 1024w, https:\/\/tehnikabacko.rs\/wp-content\/uploads\/2024\/02\/3-8-150x150.webp 150w, https:\/\/tehnikabacko.rs\/wp-content\/uploads\/2024\/02\/3-8-768x768.webp 768w, https:\/\/tehnikabacko.rs\/wp-content\/uploads\/2024\/02\/3-8-400x400.webp 400w, https:\/\/tehnikabacko.rs\/wp-content\/uploads\/2024\/02\/3-8-600x600.webp 600w, https:\/\/tehnikabacko.rs\/wp-content\/uploads\/2024\/02\/3-8-100x100.webp 100w, https:\/\/tehnikabacko.rs\/wp-content\/uploads\/2024\/02\/3-8-50x50.webp 50w, https:\/\/tehnikabacko.rs\/wp-content\/uploads\/2024\/02\/3-8-96x96.webp 96w, https:\/\/tehnikabacko.rs\/wp-content\/uploads\/2024\/02\/3-8-460x460.webp 460w, https:\/\/tehnikabacko.rs\/wp-content\/uploads\/2024\/02\/3-8.webp 1200w\" sizes=\"(max-width: 300px) 100vw, 300px\" \/><\/p>\n<p>&nbsp;<\/p>\n<p>&nbsp;<\/p>\n<p><img decoding=\"async\" class=\"alignnone size-medium wp-image-10347\" src=\"https:\/\/tehnikabacko.rs\/wp-content\/uploads\/2024\/02\/Einhe_Cekic-busilica-RT-RH-32-Kit-300x250.jpg\" alt=\"\" width=\"300\" height=\"250\" srcset=\"https:\/\/tehnikabacko.rs\/wp-content\/uploads\/2024\/02\/Einhe_Cekic-busilica-RT-RH-32-Kit-300x250.jpg 300w, https:\/\/tehnikabacko.rs\/wp-content\/uploads\/2024\/02\/Einhe_Cekic-busilica-RT-RH-32-Kit-1024x853.jpg 1024w, https:\/\/tehnikabacko.rs\/wp-content\/uploads\/2024\/02\/Einhe_Cekic-busilica-RT-RH-32-Kit-768x640.jpg 768w, https:\/\/tehnikabacko.rs\/wp-content\/uploads\/2024\/02\/Einhe_Cekic-busilica-RT-RH-32-Kit-600x500.jpg 600w, https:\/\/tehnikabacko.rs\/wp-content\/uploads\/2024\/02\/Einhe_Cekic-busilica-RT-RH-32-Kit.jpg 1200w\" sizes=\"(max-width: 300px) 100vw, 300px\" \/><\/p>\n<p>&nbsp;<\/p>\n<p>&nbsp;<\/p>\n<p><img decoding=\"async\" class=\"alignnone size-medium wp-image-10348\" src=\"https:\/\/tehnikabacko.rs\/wp-content\/uploads\/2024\/02\/RT-RH-32-3-300x242.jpg\" alt=\"\" width=\"300\" height=\"242\" srcset=\"https:\/\/tehnikabacko.rs\/wp-content\/uploads\/2024\/02\/RT-RH-32-3-300x242.jpg 300w, https:\/\/tehnikabacko.rs\/wp-content\/uploads\/2024\/02\/RT-RH-32-3-1024x824.jpg 1024w, https:\/\/tehnikabacko.rs\/wp-content\/uploads\/2024\/02\/RT-RH-32-3-768x618.jpg 768w, https:\/\/tehnikabacko.rs\/wp-content\/uploads\/2024\/02\/RT-RH-32-3-600x483.jpg 600w, https:\/\/tehnikabacko.rs\/wp-content\/uploads\/2024\/02\/RT-RH-32-3.jpg 1200w\" sizes=\"(max-width: 300px) 100vw, 300px\" \/><\/p>\n<p>&nbsp;<\/p>\n<p>&nbsp;<\/p>\n<p><img loading=\"lazy\" decoding=\"async\" class=\"alignnone size-medium wp-image-10349\" src=\"https:\/\/tehnikabacko.rs\/wp-content\/uploads\/2024\/02\/viber_image_2020-06-02_20-55-39-300x300.jpg\" alt=\"\" width=\"300\" height=\"300\" srcset=\"https:\/\/tehnikabacko.rs\/wp-content\/uploads\/2024\/02\/viber_image_2020-06-02_20-55-39-300x300.jpg 300w, https:\/\/tehnikabacko.rs\/wp-content\/uploads\/2024\/02\/viber_image_2020-06-02_20-55-39-1024x1024.jpg 1024w, https:\/\/tehnikabacko.rs\/wp-content\/uploads\/2024\/02\/viber_image_2020-06-02_20-55-39-150x150.jpg 150w, https:\/\/tehnikabacko.rs\/wp-content\/uploads\/2024\/02\/viber_image_2020-06-02_20-55-39-768x768.jpg 768w, https:\/\/tehnikabacko.rs\/wp-content\/uploads\/2024\/02\/viber_image_2020-06-02_20-55-39-1536x1536.jpg 1536w, https:\/\/tehnikabacko.rs\/wp-content\/uploads\/2024\/02\/viber_image_2020-06-02_20-55-39-400x400.jpg 400w, https:\/\/tehnikabacko.rs\/wp-content\/uploads\/2024\/02\/viber_image_2020-06-02_20-55-39-600x600.jpg 600w, https:\/\/tehnikabacko.rs\/wp-content\/uploads\/2024\/02\/viber_image_2020-06-02_20-55-39-100x100.jpg 100w, https:\/\/tehnikabacko.rs\/wp-content\/uploads\/2024\/02\/viber_image_2020-06-02_20-55-39-50x50.jpg 50w, https:\/\/tehnikabacko.rs\/wp-content\/uploads\/2024\/02\/viber_image_2020-06-02_20-55-39-96x96.jpg 96w, https:\/\/tehnikabacko.rs\/wp-content\/uploads\/2024\/02\/viber_image_2020-06-02_20-55-39-460x460.jpg 460w, https:\/\/tehnikabacko.rs\/wp-content\/uploads\/2024\/02\/viber_image_2020-06-02_20-55-39.jpg 1600w\" sizes=\"(max-width: 300px) 100vw, 300px\" \/><\/p>\n<p>&nbsp;<\/p>\n<p>&nbsp;<\/p>\n<p>&nbsp;<\/p>\n","protected":false},"excerpt":{"rendered":"<p>Opis i karakteristike: Einhell \u010deki\u0107 bu\u0161ilica RT-RH je najpopularnija od Einhell-ovih \u010deki\u0107 bu\u0161ilica. Ova sna\u017ena alatka se dokazala u radu na gra\u0111evini, renovacionim i ostalim zahtevnim poslovima. Poseduje tri funkcije: \u010deki\u0107-bu\u0161enje, bu\u0161enje, dleto (pokretno i fiksirano). SDS-plus prihvat omogu\u0107ava jednostavnu zamenu burgija i dleta bez alata i zajedno sa mo\u0107nim 1250W motorom, razvija veliku snagu [&hellip;]<\/p>\n","protected":false},"featured_media":10350,"comment_status":"open","ping_status":"closed","template":"","meta":{"inline_featured_image":false},"product_brand":[],"product_cat":[148,298,280],"product_tag":[],"class_list":{"0":"post-10345","1":"product","2":"type-product","3":"status-publish","4":"has-post-thumbnail","6":"product_cat-alati","7":"product_cat-busilica","8":"product_cat-udarni-cekic","10":"first","11":"instock","12":"shipping-taxable","13":"purchasable","14":"product-type-simple"},"_links":{"self":[{"href":"https:\/\/tehnikabacko.rs\/index.php\/wp-json\/wp\/v2\/product\/10345","targetHints":{"allow":["GET"]}}],"collection":[{"href":"https:\/\/tehnikabacko.rs\/index.php\/wp-json\/wp\/v2\/product"}],"about":[{"href":"https:\/\/tehnikabacko.rs\/index.php\/wp-json\/wp\/v2\/types\/product"}],"replies":[{"embeddable":true,"href":"https:\/\/tehnikabacko.rs\/index.php\/wp-json\/wp\/v2\/comments?post=10345"}],"wp:featuredmedia":[{"embeddable":true,"href":"https:\/\/tehnikabacko.rs\/index.php\/wp-json\/wp\/v2\/media\/10350"}],"wp:attachment":[{"href":"https:\/\/tehnikabacko.rs\/index.php\/wp-json\/wp\/v2\/media?parent=10345"}],"wp:term":[{"taxonomy":"product_brand","embeddable":true,"href":"https:\/\/tehnikabacko.rs\/index.php\/wp-json\/wp\/v2\/product_brand?post=10345"},{"taxonomy":"product_cat","embeddable":true,"href":"https:\/\/tehnikabacko.rs\/index.php\/wp-json\/wp\/v2\/product_cat?post=10345"},{"taxonomy":"product_tag","embeddable":true,"href":"https:\/\/tehnikabacko.rs\/index.php\/wp-json\/wp\/v2\/product_tag?post=10345"}],"curies":[{"name":"wp","href":"https:\/\/api.w.org\/{rel}","templated":true}]}}