{"id":10340,"date":"2024-02-09T11:27:33","date_gmt":"2024-02-09T11:27:33","guid":{"rendered":"https:\/\/tehnikabacko.rs\/?post_type=product&#038;p=10340"},"modified":"2024-02-09T11:39:38","modified_gmt":"2024-02-09T11:39:38","slug":"10340","status":"publish","type":"product","link":"https:\/\/tehnikabacko.rs\/index.php\/product\/10340\/","title":{"rendered":"\u010ceki\u0107 Bu\u0161ilica TC-RH 900 Einhell"},"content":{"rendered":"<ul>\n<li class=\" meta\">Udarna bu\u0161ilica sa mehanizmom pneumatskog \u010deki\u0107a za lak\u0161e prodiranje<\/li>\n<li class=\" meta\">Univerzalna SDS-plus glava ure\u0111aja<\/li>\n<li class=\" meta\">3 funkcije: bu\u0161enje\/ udarno bu\u0161enje\/\u0161temovanje sa fiksatorom<\/li>\n<li class=\" meta\">Komponente visokog kvaliteta za dug vek trajanja<\/li>\n<li class=\" meta\">Aluminijumski zup\u010danik &#8211; lagan ali robustan<\/li>\n<li class=\"meta\">Sklopka za preopterec\u0301enje omogu\u0107uje sigurnost<\/li>\n<li class=\"meta\">Beskona\u010dno podesiv grani\u010dnik dubine od \u010dvrstog metala<\/li>\n<li class=\"meta\">Dodatni rukohvat sigurno u\u010dvr\u0161c\u0301en rebrima<\/li>\n<li class=\"meta\">Isporu\u010deno u prakti\u010dnom koferu<\/li>\n<\/ul>\n<div class=\"content-item module-headline-paragraph headline paragraph -color-headline-black\">\n<h2 class=\"heading delta\">Tehni\u010dke specifikacije<\/h2>\n<\/div>\n<div class=\"content-item module-table -styling-beta\">\n<table class=\"table__table\">\n<tbody>\n<tr class=\"-show tr-odd\">\n<td><span class=\"bold\">Napajanje<\/span><\/td>\n<td>230 V | 50 Hz<\/td>\n<\/tr>\n<tr class=\"-show tr-even\">\n<td><span class=\"bold\">Snaga<\/span><\/td>\n<td>900 W<\/td>\n<\/tr>\n<tr class=\"-show tr-odd\">\n<td><span class=\"bold\">Brzina praznog hoda<\/span><\/td>\n<td>850 min^-1<\/td>\n<\/tr>\n<tr class=\"-show tr-even\">\n<td><span class=\"bold\">Brzina udara<\/span><\/td>\n<td>4000 min^-1<\/td>\n<\/tr>\n<tr class=\"-show tr-odd\">\n<td><span class=\"bold\">Snaga udara<\/span><\/td>\n<td>3 J<\/td>\n<\/tr>\n<tr class=\"-show tr-even\">\n<td><span class=\"bold\">Dr\u017ea\u010d alata<\/span><\/td>\n<td>SDS-plus<\/td>\n<\/tr>\n<tr class=\"-show tr-odd\">\n<td><span class=\"bold\">Kapacitet bu\u0161enja u betonu<\/span><\/td>\n<td>26 mm<\/td>\n<\/tr>\n<\/tbody>\n<\/table>\n<\/div>\n<p>&nbsp;<\/p>\n<p>&nbsp;<\/p>\n<p><img fetchpriority=\"high\" decoding=\"async\" class=\"alignnone wp-image-10341\" src=\"https:\/\/tehnikabacko.rs\/wp-content\/uploads\/2024\/02\/EIN-4258237-A2-Einhell-Tc-Rh-900-Case-300x300.jpg\" alt=\"\" width=\"372\" height=\"372\" srcset=\"https:\/\/tehnikabacko.rs\/wp-content\/uploads\/2024\/02\/EIN-4258237-A2-Einhell-Tc-Rh-900-Case-300x300.jpg 300w, https:\/\/tehnikabacko.rs\/wp-content\/uploads\/2024\/02\/EIN-4258237-A2-Einhell-Tc-Rh-900-Case-1024x1024.jpg 1024w, https:\/\/tehnikabacko.rs\/wp-content\/uploads\/2024\/02\/EIN-4258237-A2-Einhell-Tc-Rh-900-Case-150x150.jpg 150w, https:\/\/tehnikabacko.rs\/wp-content\/uploads\/2024\/02\/EIN-4258237-A2-Einhell-Tc-Rh-900-Case-768x768.jpg 768w, https:\/\/tehnikabacko.rs\/wp-content\/uploads\/2024\/02\/EIN-4258237-A2-Einhell-Tc-Rh-900-Case-1536x1536.jpg 1536w, https:\/\/tehnikabacko.rs\/wp-content\/uploads\/2024\/02\/EIN-4258237-A2-Einhell-Tc-Rh-900-Case-400x400.jpg 400w, https:\/\/tehnikabacko.rs\/wp-content\/uploads\/2024\/02\/EIN-4258237-A2-Einhell-Tc-Rh-900-Case-600x600.jpg 600w, https:\/\/tehnikabacko.rs\/wp-content\/uploads\/2024\/02\/EIN-4258237-A2-Einhell-Tc-Rh-900-Case-100x100.jpg 100w, https:\/\/tehnikabacko.rs\/wp-content\/uploads\/2024\/02\/EIN-4258237-A2-Einhell-Tc-Rh-900-Case-50x50.jpg 50w, https:\/\/tehnikabacko.rs\/wp-content\/uploads\/2024\/02\/EIN-4258237-A2-Einhell-Tc-Rh-900-Case-96x96.jpg 96w, https:\/\/tehnikabacko.rs\/wp-content\/uploads\/2024\/02\/EIN-4258237-A2-Einhell-Tc-Rh-900-Case-460x460.jpg 460w, https:\/\/tehnikabacko.rs\/wp-content\/uploads\/2024\/02\/EIN-4258237-A2-Einhell-Tc-Rh-900-Case.jpg 1600w\" sizes=\"(max-width: 372px) 100vw, 372px\" \/><\/p>\n<p>&nbsp;<\/p>\n<p><img decoding=\"async\" class=\"alignnone wp-image-10342\" src=\"https:\/\/tehnikabacko.rs\/wp-content\/uploads\/2024\/02\/Einhell_Cekic-busilica-TH-RH-9001-300x250.jpg\" alt=\"\" width=\"345\" height=\"287\" srcset=\"https:\/\/tehnikabacko.rs\/wp-content\/uploads\/2024\/02\/Einhell_Cekic-busilica-TH-RH-9001-300x250.jpg 300w, https:\/\/tehnikabacko.rs\/wp-content\/uploads\/2024\/02\/Einhell_Cekic-busilica-TH-RH-9001-1024x853.jpg 1024w, https:\/\/tehnikabacko.rs\/wp-content\/uploads\/2024\/02\/Einhell_Cekic-busilica-TH-RH-9001-768x640.jpg 768w, https:\/\/tehnikabacko.rs\/wp-content\/uploads\/2024\/02\/Einhell_Cekic-busilica-TH-RH-9001-600x500.jpg 600w, https:\/\/tehnikabacko.rs\/wp-content\/uploads\/2024\/02\/Einhell_Cekic-busilica-TH-RH-9001.jpg 1200w\" sizes=\"(max-width: 345px) 100vw, 345px\" \/><\/p>\n<p><img decoding=\"async\" class=\"alignnone size-medium wp-image-10343\" src=\"https:\/\/tehnikabacko.rs\/wp-content\/uploads\/2024\/02\/TC-RH-900-1-12-300x300.webp\" alt=\"\" width=\"300\" height=\"300\" srcset=\"https:\/\/tehnikabacko.rs\/wp-content\/uploads\/2024\/02\/TC-RH-900-1-12-300x300.webp 300w, https:\/\/tehnikabacko.rs\/wp-content\/uploads\/2024\/02\/TC-RH-900-1-12-1024x1024.webp 1024w, https:\/\/tehnikabacko.rs\/wp-content\/uploads\/2024\/02\/TC-RH-900-1-12-150x150.webp 150w, https:\/\/tehnikabacko.rs\/wp-content\/uploads\/2024\/02\/TC-RH-900-1-12-768x768.webp 768w, https:\/\/tehnikabacko.rs\/wp-content\/uploads\/2024\/02\/TC-RH-900-1-12-400x400.webp 400w, https:\/\/tehnikabacko.rs\/wp-content\/uploads\/2024\/02\/TC-RH-900-1-12-600x600.webp 600w, https:\/\/tehnikabacko.rs\/wp-content\/uploads\/2024\/02\/TC-RH-900-1-12-100x100.webp 100w, https:\/\/tehnikabacko.rs\/wp-content\/uploads\/2024\/02\/TC-RH-900-1-12-50x50.webp 50w, https:\/\/tehnikabacko.rs\/wp-content\/uploads\/2024\/02\/TC-RH-900-1-12-96x96.webp 96w, https:\/\/tehnikabacko.rs\/wp-content\/uploads\/2024\/02\/TC-RH-900-1-12-460x460.webp 460w, https:\/\/tehnikabacko.rs\/wp-content\/uploads\/2024\/02\/TC-RH-900-1-12.webp 1080w\" sizes=\"(max-width: 300px) 100vw, 300px\" \/><\/p>\n<p>&nbsp;<\/p>\n<p>&nbsp;<\/p>\n<p>&nbsp;<\/p>\n","protected":false},"excerpt":{"rendered":"<p>Udarna bu\u0161ilica sa mehanizmom pneumatskog \u010deki\u0107a za lak\u0161e prodiranje Univerzalna SDS-plus glava ure\u0111aja 3 funkcije: bu\u0161enje\/ udarno bu\u0161enje\/\u0161temovanje sa fiksatorom Komponente visokog kvaliteta za dug vek trajanja Aluminijumski zup\u010danik &#8211; lagan ali robustan Sklopka za preopterec\u0301enje omogu\u0107uje sigurnost Beskona\u010dno podesiv grani\u010dnik dubine od \u010dvrstog metala Dodatni rukohvat sigurno u\u010dvr\u0161c\u0301en rebrima Isporu\u010deno u prakti\u010dnom koferu Tehni\u010dke [&hellip;]<\/p>\n","protected":false},"featured_media":10344,"comment_status":"open","ping_status":"closed","template":"","meta":{"inline_featured_image":false},"product_brand":[],"product_cat":[148,298,280],"product_tag":[],"class_list":{"0":"post-10340","1":"product","2":"type-product","3":"status-publish","4":"has-post-thumbnail","6":"product_cat-alati","7":"product_cat-busilica","8":"product_cat-udarni-cekic","10":"first","11":"instock","12":"shipping-taxable","13":"purchasable","14":"product-type-simple"},"_links":{"self":[{"href":"https:\/\/tehnikabacko.rs\/index.php\/wp-json\/wp\/v2\/product\/10340","targetHints":{"allow":["GET"]}}],"collection":[{"href":"https:\/\/tehnikabacko.rs\/index.php\/wp-json\/wp\/v2\/product"}],"about":[{"href":"https:\/\/tehnikabacko.rs\/index.php\/wp-json\/wp\/v2\/types\/product"}],"replies":[{"embeddable":true,"href":"https:\/\/tehnikabacko.rs\/index.php\/wp-json\/wp\/v2\/comments?post=10340"}],"wp:featuredmedia":[{"embeddable":true,"href":"https:\/\/tehnikabacko.rs\/index.php\/wp-json\/wp\/v2\/media\/10344"}],"wp:attachment":[{"href":"https:\/\/tehnikabacko.rs\/index.php\/wp-json\/wp\/v2\/media?parent=10340"}],"wp:term":[{"taxonomy":"product_brand","embeddable":true,"href":"https:\/\/tehnikabacko.rs\/index.php\/wp-json\/wp\/v2\/product_brand?post=10340"},{"taxonomy":"product_cat","embeddable":true,"href":"https:\/\/tehnikabacko.rs\/index.php\/wp-json\/wp\/v2\/product_cat?post=10340"},{"taxonomy":"product_tag","embeddable":true,"href":"https:\/\/tehnikabacko.rs\/index.php\/wp-json\/wp\/v2\/product_tag?post=10340"}],"curies":[{"name":"wp","href":"https:\/\/api.w.org\/{rel}","templated":true}]}}