{"id":10316,"date":"2024-01-24T14:50:51","date_gmt":"2024-01-24T14:50:51","guid":{"rendered":"https:\/\/tehnikabacko.rs\/?post_type=product&#038;p=10316"},"modified":"2024-01-24T14:50:51","modified_gmt":"2024-01-24T14:50:51","slug":"royalty-rlhvc600-stapni-usisivac-sa-punjivom-baterijom-i-hepa-filterom","status":"publish","type":"product","link":"https:\/\/tehnikabacko.rs\/index.php\/product\/royalty-rlhvc600-stapni-usisivac-sa-punjivom-baterijom-i-hepa-filterom\/","title":{"rendered":"ROYALTY RLHVC600 \u0160TAPNI USISIVA\u010c SA PUNJIVOM BATERIJOM I HEPA FILTEROM"},"content":{"rendered":"<ul>\n<li>\u00a0Ima kabl od 5 metara.<\/li>\n<li>\u00a0Snaga: 1200W.<\/li>\n<li>\u00a0Brzo uklanja prljav\u0161tinu, pra\u0161inu, kosu i sme\u0107e.<\/li>\n<li>\u00a0Brzi motor bez \u010detkica prodire duboko u tepihe kako bi uklonio zaglavljenu prljav\u0161tinu.<\/li>\n<li>\u00a0Mo\u017ee se lako dr\u017eati u ruci kako bi se dosegla visoka i te\u0161ko dostupna podru\u010dja.<\/li>\n<li>\u00a0Dizajn je vrlo elegantan, bez kesa i bez nereda.<\/li>\n<li>\u00a0Te\u017eina glavnog tela: 1,8kg.<\/li>\n<li>\u00a0Lako se prazni.<\/li>\n<li>\u00a0Ima posudu za pra\u0161inu od 1L koju mo\u017eete isprazniti jednim klikom bez da zaprljate ruke.<\/li>\n<li>\u00a0Ima filtere koji se mogu prati. Ima 4-stepen filtracije.<\/li>\n<li>\u00a0Dizajn sa malom bukom i te\u017einom. Boja: crno\/crveni.<\/li>\n<\/ul>\n","protected":false},"excerpt":{"rendered":"<p>\u00a0Ima kabl od 5 metara. \u00a0Snaga: 1200W. \u00a0Brzo uklanja prljav\u0161tinu, pra\u0161inu, kosu i sme\u0107e. \u00a0Brzi motor bez \u010detkica prodire duboko u tepihe kako bi uklonio zaglavljenu prljav\u0161tinu. \u00a0Mo\u017ee se lako dr\u017eati u ruci kako bi se dosegla visoka i te\u0161ko dostupna podru\u010dja. \u00a0Dizajn je vrlo elegantan, bez kesa i bez nereda. \u00a0Te\u017eina glavnog tela: 1,8kg. [&hellip;]<\/p>\n","protected":false},"featured_media":10317,"comment_status":"open","ping_status":"closed","template":"","meta":{"inline_featured_image":false},"product_brand":[],"product_cat":[307],"product_tag":[],"class_list":{"0":"post-10316","1":"product","2":"type-product","3":"status-publish","4":"has-post-thumbnail","6":"product_cat-usisivaci","8":"first","9":"instock","10":"shipping-taxable","11":"purchasable","12":"product-type-simple"},"_links":{"self":[{"href":"https:\/\/tehnikabacko.rs\/index.php\/wp-json\/wp\/v2\/product\/10316","targetHints":{"allow":["GET"]}}],"collection":[{"href":"https:\/\/tehnikabacko.rs\/index.php\/wp-json\/wp\/v2\/product"}],"about":[{"href":"https:\/\/tehnikabacko.rs\/index.php\/wp-json\/wp\/v2\/types\/product"}],"replies":[{"embeddable":true,"href":"https:\/\/tehnikabacko.rs\/index.php\/wp-json\/wp\/v2\/comments?post=10316"}],"wp:featuredmedia":[{"embeddable":true,"href":"https:\/\/tehnikabacko.rs\/index.php\/wp-json\/wp\/v2\/media\/10317"}],"wp:attachment":[{"href":"https:\/\/tehnikabacko.rs\/index.php\/wp-json\/wp\/v2\/media?parent=10316"}],"wp:term":[{"taxonomy":"product_brand","embeddable":true,"href":"https:\/\/tehnikabacko.rs\/index.php\/wp-json\/wp\/v2\/product_brand?post=10316"},{"taxonomy":"product_cat","embeddable":true,"href":"https:\/\/tehnikabacko.rs\/index.php\/wp-json\/wp\/v2\/product_cat?post=10316"},{"taxonomy":"product_tag","embeddable":true,"href":"https:\/\/tehnikabacko.rs\/index.php\/wp-json\/wp\/v2\/product_tag?post=10316"}],"curies":[{"name":"wp","href":"https:\/\/api.w.org\/{rel}","templated":true}]}}