{"id":10312,"date":"2024-01-24T14:42:05","date_gmt":"2024-01-24T14:42:05","guid":{"rendered":"https:\/\/tehnikabacko.rs\/?post_type=product&#038;p=10312"},"modified":"2025-09-12T11:10:15","modified_gmt":"2025-09-12T11:10:15","slug":"elektricna-testera-aet-180","status":"publish","type":"product","link":"https:\/\/tehnikabacko.rs\/index.php\/product\/elektricna-testera-aet-180\/","title":{"rendered":"Elektri\u010dna testera AGM AET 180"},"content":{"rendered":"<table class=\"table\">\n<thead class=\"thead-dark\">\n<tr>\n<th colspan=\"2\">\n<div class=\"d-flex align-items-center\"><span class=\"h5 mb-0 text-light\">Karakteristike<\/span><a class=\"compare-product btn btn-sm btn-secondary ml-auto\" data-id=\"11161\" data-title=\"Elektri\u010dna testera AET 180\" data-image=\"1821_WpDVW8INm7fIOULsNDC1_s.jpg\"><i class=\"czi-compare\"><\/i>\u00a0Dodaj u Pore\u0111enje<\/a><\/div>\n<\/th>\n<\/tr>\n<\/thead>\n<tbody>\n<tr>\n<td>Kategorija<\/td>\n<td><strong>Elektri\u010dne testere<\/strong><\/td>\n<\/tr>\n<tr>\n<td>Motor<\/td>\n<td><strong>Elektri\u010dni<\/strong><\/td>\n<\/tr>\n<tr>\n<td>Tip motora<\/td>\n<td><strong>Elektro-motor<\/strong><\/td>\n<\/tr>\n<tr>\n<td>Napon<\/td>\n<td><strong>230 V ~ 50 Hz<\/strong><\/td>\n<\/tr>\n<tr>\n<td>Priklju\u010dna snaga<\/td>\n<td><strong>1800 W<\/strong><\/td>\n<\/tr>\n<tr>\n<td>Du\u017eina vodilice<\/td>\n<td><strong>355 mm<\/strong><\/td>\n<\/tr>\n<tr>\n<td>Du\u017eina rezne garniture<\/td>\n<td><strong>45 cm<\/strong><\/td>\n<\/tr>\n<tr>\n<td>Brzina lanca<\/td>\n<td><strong>15 m\/s<\/strong><\/td>\n<\/tr>\n<tr>\n<td>Rezervoar (ulje)<\/td>\n<td><strong>220 ml<\/strong><\/td>\n<\/tr>\n<tr>\n<td>Ulje za lanac<\/td>\n<td><strong>SAE 10W30<\/strong><\/td>\n<\/tr>\n<tr>\n<td>Masa<\/td>\n<td><strong>6.83 kg<\/strong><\/td>\n<\/tr>\n<\/tbody>\n<\/table>\n","protected":false},"excerpt":{"rendered":"<p>Elektri\u010dna testera AET 1821 AGM predstavlja testeru sa dovoljno snage. Elektri\u010dna testera AGM je predvi\u0111ena za ku\u0107ne poslove, rezanje manjeg drve\u0107a i sli\u010dno. Elektri\u010dna testera AET 1821 je ure\u0111aj koji predstavlja idealan izbor za vas.<\/p>\n","protected":false},"featured_media":10313,"comment_status":"open","ping_status":"closed","template":"","meta":{"inline_featured_image":false},"product_brand":[],"product_cat":[284,287],"product_tag":[],"class_list":{"0":"post-10312","1":"product","2":"type-product","3":"status-publish","4":"has-post-thumbnail","6":"product_cat-elektricna-testera","7":"product_cat-testere","9":"first","10":"instock","11":"sale","12":"shipping-taxable","13":"purchasable","14":"product-type-simple"},"_links":{"self":[{"href":"https:\/\/tehnikabacko.rs\/index.php\/wp-json\/wp\/v2\/product\/10312","targetHints":{"allow":["GET"]}}],"collection":[{"href":"https:\/\/tehnikabacko.rs\/index.php\/wp-json\/wp\/v2\/product"}],"about":[{"href":"https:\/\/tehnikabacko.rs\/index.php\/wp-json\/wp\/v2\/types\/product"}],"replies":[{"embeddable":true,"href":"https:\/\/tehnikabacko.rs\/index.php\/wp-json\/wp\/v2\/comments?post=10312"}],"wp:featuredmedia":[{"embeddable":true,"href":"https:\/\/tehnikabacko.rs\/index.php\/wp-json\/wp\/v2\/media\/10313"}],"wp:attachment":[{"href":"https:\/\/tehnikabacko.rs\/index.php\/wp-json\/wp\/v2\/media?parent=10312"}],"wp:term":[{"taxonomy":"product_brand","embeddable":true,"href":"https:\/\/tehnikabacko.rs\/index.php\/wp-json\/wp\/v2\/product_brand?post=10312"},{"taxonomy":"product_cat","embeddable":true,"href":"https:\/\/tehnikabacko.rs\/index.php\/wp-json\/wp\/v2\/product_cat?post=10312"},{"taxonomy":"product_tag","embeddable":true,"href":"https:\/\/tehnikabacko.rs\/index.php\/wp-json\/wp\/v2\/product_tag?post=10312"}],"curies":[{"name":"wp","href":"https:\/\/api.w.org\/{rel}","templated":true}]}}