{"id":10308,"date":"2024-01-24T14:38:58","date_gmt":"2024-01-24T14:38:58","guid":{"rendered":"https:\/\/tehnikabacko.rs\/?post_type=product&#038;p=10308"},"modified":"2024-01-24T14:38:58","modified_gmt":"2024-01-24T14:38:58","slug":"tesla-kt301bx-kuvalo-za-vodu-2200w","status":"publish","type":"product","link":"https:\/\/tehnikabacko.rs\/index.php\/product\/tesla-kt301bx-kuvalo-za-vodu-2200w\/","title":{"rendered":"Tesla KT301BX kuvalo za vodu 2200W"},"content":{"rendered":"<div class=\"product-specification row\">\n<div class=\"col-md-6 col-sm-12\">\n<div class=\"feature-group\">\n<div class=\"features\">\n<div class=\"row\" data-counter=\"54\" data-split=\"435\">\n<div class=\"col-xs-6\" title=\"Kapacitet vodenog rezervoara\">Kapacitet vodenog rezervoara<\/div>\n<div class=\"col-xs-6\" title=\"1,5 L\"><i>1,5 L<\/i><\/div>\n<\/div>\n<div class=\"row\" data-counter=\"84\" data-split=\"435\">\n<div class=\"col-xs-6\" title=\"Boja proizvoda\">Boja proizvoda<\/div>\n<div class=\"col-xs-6\" title=\"Crno\"><i>Crno<\/i><\/div>\n<\/div>\n<div class=\"row\" data-counter=\"114\" data-split=\"435\">\n<div class=\"col-xs-6\" title=\"Materijal ku\u0107i\u0161ta\">Materijal ku\u0107i\u0161ta<\/div>\n<div class=\"col-xs-6\" title=\"Plastika, Ner\u0111aju\u010di \u010delik\"><i>Plastika, Ner\u0111aju\u010di \u010delik<\/i><\/div>\n<\/div>\n<div class=\"row\" data-counter=\"144\" data-split=\"435\">\n<div class=\"col-xs-6\" title=\"Tip kontrolera\">Tip kontrolera<\/div>\n<div class=\"col-xs-6\" title=\"Dugmad\"><i>Dugmad<\/i><\/div>\n<\/div>\n<div class=\"row\" data-counter=\"174\" data-split=\"435\">\n<div class=\"col-xs-6\" title=\"Indikator nivoa vode\">Indikator nivoa vode<\/div>\n<div class=\"col-xs-6\" title=\"Da\"><\/div>\n<\/div>\n<div class=\"row\" data-counter=\"204\" data-split=\"435\">\n<div class=\"col-xs-6\" title=\"Za\u0161tita od pregrevanja\">Za\u0161tita od pregrevanja<\/div>\n<div class=\"col-xs-6\" title=\"Da\"><\/div>\n<\/div>\n<div class=\"row\" data-counter=\"234\" data-split=\"435\">\n<div class=\"col-xs-6\" title=\"LED napajanja\">LED napajanja<\/div>\n<div class=\"col-xs-6\" title=\"Da\"><\/div>\n<\/div>\n<\/div>\n<\/div>\n<\/div>\n<div class=\"col-md-6 col-sm-12\">\n<div class=\"feature-group\">\n<h4>Ergonomija<\/h4>\n<div class=\"features\">\n<div class=\"row\" data-counter=\"54\" data-split=\"435\">\n<div class=\"col-xs-6\" title=\"Automatsko isklju\u010divanje\">Automatsko isklju\u010divanje<\/div>\n<div class=\"col-xs-6\" title=\"Da\"><\/div>\n<\/div>\n<div class=\"row\" data-counter=\"84\" data-split=\"435\">\n<div class=\"col-xs-6\" title=\"Be\u017ei\u010dan\">Be\u017ei\u010dan<\/div>\n<div class=\"col-xs-6\" title=\"Ne\"><\/div>\n<\/div>\n<div class=\"row\" data-counter=\"114\" data-split=\"435\">\n<div class=\"col-xs-6\" title=\"Sme\u0161tanje kablova\">Sme\u0161tanje kablova<\/div>\n<div class=\"col-xs-6\" title=\"Da\"><\/div>\n<\/div>\n<div class=\"row\" data-counter=\"144\" data-split=\"435\">\n<div class=\"col-xs-6\" title=\"Rotaciona baza od 360\u00b0\">Rotaciona baza od 360\u00b0<\/div>\n<div class=\"col-xs-6\" title=\"Da\"><\/div>\n<\/div>\n<div class=\"row\" data-counter=\"174\" data-split=\"435\">\n<div class=\"col-xs-6\" title=\"Osvetljen on\/off prekida\u010d\">Osvetljen on\/off prekida\u010d<\/div>\n<div class=\"col-xs-6\" title=\"Da\"><\/div>\n<\/div>\n<div class=\"row\" data-counter=\"204\" data-split=\"435\">\n<div class=\"col-xs-6\" title=\"Poklopac sa \u0161arkom\">Poklopac sa \u0161arkom<\/div>\n<div class=\"col-xs-6\" title=\"Da\"><\/div>\n<\/div>\n<div class=\"row\" data-counter=\"234\" data-split=\"435\">\n<div class=\"col-xs-6\" title=\"Tip otvora na poklopcu\">Tip otvora na poklopcu<\/div>\n<div class=\"col-xs-6\" title=\"Dugme\"><i>Dugme<\/i><\/div>\n<\/div>\n<\/div>\n<\/div>\n<div class=\"feature-group\">\n<h4>Menad\u017ement potro\u0161nje<\/h4>\n<div class=\"features\">\n<div class=\"row\" data-counter=\"288\" data-split=\"435\">\n<div class=\"col-xs-6\" title=\"Snaga\">Snaga<\/div>\n<div class=\"col-xs-6\" title=\"2200 W\"><i>2200 W<\/i><\/div>\n<\/div>\n<div class=\"row\" data-counter=\"318\" data-split=\"435\">\n<div class=\"col-xs-6\" title=\"Izvor napajanja\">Izvor napajanja<\/div>\n<div class=\"col-xs-6\" title=\"AC\"><i>AC<\/i><\/div>\n<\/div>\n<\/div>\n<\/div>\n<\/div>\n<div class=\"col-md-6 col-sm-12\">\n<div class=\"feature-group\">\n<h4>Te\u017eina i dimenzije<\/h4>\n<div class=\"features\">\n<div class=\"row\" data-counter=\"372\" data-split=\"435\">\n<div class=\"col-xs-6\" title=\"\u0160irina\">\u0160irina<\/div>\n<div class=\"col-xs-6\" title=\"160 mm\"><i>160 mm<\/i><\/div>\n<\/div>\n<div class=\"row\" data-counter=\"402\" data-split=\"435\">\n<div class=\"col-xs-6\" title=\"Dubina\">Dubina<\/div>\n<div class=\"col-xs-6\" title=\"237 mm\"><i>237 mm<\/i><\/div>\n<\/div>\n<div class=\"row\" data-counter=\"432\" data-split=\"435\">\n<div class=\"col-xs-6\" title=\"Visina\">Visina<\/div>\n<div class=\"col-xs-6\" title=\"252 mm\"><i>252 mm<\/i><\/div>\n<\/div>\n<div class=\"row\" data-counter=\"462\" data-split=\"435\">\n<div class=\"col-xs-6\" title=\"Te\u017eina\">Te\u017eina<\/div>\n<div class=\"col-xs-6\" title=\"1,11 kg\"><i>1,11 kg<\/i><\/div>\n<\/div>\n<\/div>\n<\/div>\n<\/div>\n<div class=\"col-md-6 col-sm-12\">\n<div class=\"feature-group\">\n<h4>Podaci o pakovanju<\/h4>\n<div class=\"features\">\n<div class=\"row\" data-counter=\"516\" data-split=\"435\">\n<div class=\"col-xs-6\" title=\"\u0160irina paketa\">\u0160irina paketa<\/div>\n<div class=\"col-xs-6\" title=\"204 mm\"><i>204 mm<\/i><\/div>\n<\/div>\n<div class=\"row\" data-counter=\"546\" data-split=\"435\">\n<div class=\"col-xs-6\" title=\"Dubina paketa\">Dubina paketa<\/div>\n<div class=\"col-xs-6\" title=\"246 mm\"><i>246 mm<\/i><\/div>\n<\/div>\n<div class=\"row\" data-counter=\"576\" data-split=\"435\">\n<div class=\"col-xs-6\" title=\"Visina paketa\">Visina paketa<\/div>\n<div class=\"col-xs-6\" title=\"220 mm\"><i>220 mm<\/i><\/div>\n<\/div>\n<div class=\"row\" data-counter=\"606\" data-split=\"435\">\n<div class=\"col-xs-6\" title=\"Te\u017eina paketa\">Te\u017eina paketa<\/div>\n<div class=\"col-xs-6\" title=\"1,35 kg\"><i>1,35 kg<\/i><\/div>\n<\/div>\n<div class=\"row\" data-counter=\"636\" data-split=\"435\">\n<div class=\"col-xs-6\" title=\"Uputstvo\">Uputstvo<\/div>\n<div class=\"col-xs-6\" title=\"Da\"><\/div>\n<\/div>\n<\/div>\n<\/div>\n<\/div>\n<\/div>\n","protected":false},"excerpt":{"rendered":"<p>Kapacitet vodenog rezervoara 1,5 L Boja proizvoda Crno Materijal ku\u0107i\u0161ta Plastika, Ner\u0111aju\u010di \u010delik Tip kontrolera Dugmad Indikator nivoa vode Za\u0161tita od pregrevanja LED napajanja Ergonomija Automatsko isklju\u010divanje Be\u017ei\u010dan Sme\u0161tanje kablova Rotaciona baza od 360\u00b0 Osvetljen on\/off prekida\u010d Poklopac sa \u0161arkom Tip otvora na poklopcu Dugme Menad\u017ement potro\u0161nje Snaga 2200 W Izvor napajanja AC Te\u017eina i [&hellip;]<\/p>\n","protected":false},"featured_media":10309,"comment_status":"open","ping_status":"closed","template":"","meta":{"inline_featured_image":false},"product_brand":[],"product_cat":[342],"product_tag":[],"class_list":{"0":"post-10308","1":"product","2":"type-product","3":"status-publish","4":"has-post-thumbnail","6":"product_cat-kuvala-za-vodu","8":"first","9":"instock","10":"shipping-taxable","11":"purchasable","12":"product-type-simple"},"_links":{"self":[{"href":"https:\/\/tehnikabacko.rs\/index.php\/wp-json\/wp\/v2\/product\/10308","targetHints":{"allow":["GET"]}}],"collection":[{"href":"https:\/\/tehnikabacko.rs\/index.php\/wp-json\/wp\/v2\/product"}],"about":[{"href":"https:\/\/tehnikabacko.rs\/index.php\/wp-json\/wp\/v2\/types\/product"}],"replies":[{"embeddable":true,"href":"https:\/\/tehnikabacko.rs\/index.php\/wp-json\/wp\/v2\/comments?post=10308"}],"wp:featuredmedia":[{"embeddable":true,"href":"https:\/\/tehnikabacko.rs\/index.php\/wp-json\/wp\/v2\/media\/10309"}],"wp:attachment":[{"href":"https:\/\/tehnikabacko.rs\/index.php\/wp-json\/wp\/v2\/media?parent=10308"}],"wp:term":[{"taxonomy":"product_brand","embeddable":true,"href":"https:\/\/tehnikabacko.rs\/index.php\/wp-json\/wp\/v2\/product_brand?post=10308"},{"taxonomy":"product_cat","embeddable":true,"href":"https:\/\/tehnikabacko.rs\/index.php\/wp-json\/wp\/v2\/product_cat?post=10308"},{"taxonomy":"product_tag","embeddable":true,"href":"https:\/\/tehnikabacko.rs\/index.php\/wp-json\/wp\/v2\/product_tag?post=10308"}],"curies":[{"name":"wp","href":"https:\/\/api.w.org\/{rel}","templated":true}]}}