{"id":10304,"date":"2024-01-24T14:32:38","date_gmt":"2024-01-24T14:32:38","guid":{"rendered":"https:\/\/tehnikabacko.rs\/?post_type=product&#038;p=10304"},"modified":"2024-01-24T14:32:38","modified_gmt":"2024-01-24T14:32:38","slug":"colossus-xxl-friteza-na-vruc-vazduh-46l-css-5006c","status":"publish","type":"product","link":"https:\/\/tehnikabacko.rs\/index.php\/product\/colossus-xxl-friteza-na-vruc-vazduh-46l-css-5006c\/","title":{"rendered":"COLOSSUS XXL Friteza na vru\u0107 vazduh 4,6l CSS-5006C"},"content":{"rendered":"<div id=\"buy_prod_description\" class=\"buy-prod buy-prod-description\">\n<h2 class=\"title-primary\">Opis<\/h2>\n<p>Snaga 1500W<\/p>\n<p>Zapremina korpice \u010dak 4,6l<\/p>\n<p>Priprema hrane bez ulja<\/p>\n<p>Topao vazduh greje cirkularno hranu<\/p>\n<p>Sigurnosni mehanizam u toku rada (zaustavlja rad kada se izvu\u010de posuda)<\/p>\n<p>Odvajajuca teflonska re\u0161etka<\/p>\n<p>Resetkasta posuda za hranu<\/p>\n<p>Tajmer 30 min<\/p>\n<p>Potenciometar za temperaturu pecenja 80-200 stepeni<\/p>\n<p>Indikator lampica<\/p>\n<p>Za\u0161tita protiv pregrevanja Ru\u010dka hladna na dodir&#8230;<\/p>\n<\/div>\n<div id=\"buy_prod_details\" class=\"buy-prod buy-prod-details link-inherit off-on\">\n<h2 class=\"title-primary\">Informacije o proizvodu<\/h2>\n<div class=\"form-horizontal\">\n<div class=\"form-group buy-prod-sku\">\n<div class=\"form-label\"><span class=\"label-prod\">Kod proizvoda &#8211; SKU<\/span><\/div>\n<div class=\"form-text data-container-sku\">CSS-5006C<\/div>\n<\/div>\n<div class=\"form-group buy-prod-cat\">\n<div class=\"form-label\"><span class=\"label-prod\">Kategorija<\/span><\/div>\n<div class=\"form-text\"><a href=\"https:\/\/www.colossus.rs\/catalog\/friteze-na-vruc-vazduh-192\">Friteze na vru\u0107 vazduh<\/a><\/div>\n<\/div>\n<div class=\"form-group buy-prod-manuf\">\n<div class=\"form-label\"><span class=\"label-prod\">Brend<\/span><\/div>\n<div class=\"form-text\"><a href=\"https:\/\/www.colossus.rs\/catalog\/brand\/colossus-technology-1000114\">Colossus technology<\/a><\/div>\n<\/div>\n<div class=\"form-group buy-prod-custom-fields-barkod\">\n<div class=\"form-label flex-shrink-0\"><span class=\"label-prod\">Bar kod<\/span><\/div>\n<div class=\"form-text\">8606012417113<\/div>\n<\/div>\n<div class=\"form-group buy-prod-tags\">\n<div class=\"form-label\"><span class=\"label-prod\">Tagovi<\/span><\/div>\n<div class=\"form-text\"><a href=\"https:\/\/www.colossus.rs\/catalog\/tag\/friteza-na-vruc-vazduh\">Friteza na vru\u0107 vazduh<\/a><\/div>\n<\/div>\n<\/div>\n<\/div>\n<div id=\"buy_prod_reviews\" class=\"buy-prod buy-prod-reviews top-success-form\">\n<h2 class=\"title-primary\">Komentari<\/h2>\n<\/div>\n","protected":false},"excerpt":{"rendered":"<p>Opis Snaga 1500W Zapremina korpice \u010dak 4,6l Priprema hrane bez ulja Topao vazduh greje cirkularno hranu Sigurnosni mehanizam u toku rada (zaustavlja rad kada se izvu\u010de posuda) Odvajajuca teflonska re\u0161etka Resetkasta posuda za hranu Tajmer 30 min Potenciometar za temperaturu pecenja 80-200 stepeni Indikator lampica Za\u0161tita protiv pregrevanja Ru\u010dka hladna na dodir&#8230; Informacije o proizvodu [&hellip;]<\/p>\n","protected":false},"featured_media":10305,"comment_status":"open","ping_status":"closed","template":"","meta":{"inline_featured_image":false},"product_brand":[],"product_cat":[341],"product_tag":[],"class_list":{"0":"post-10304","1":"product","2":"type-product","3":"status-publish","4":"has-post-thumbnail","6":"product_cat-friteze","8":"first","9":"instock","10":"shipping-taxable","11":"purchasable","12":"product-type-simple"},"_links":{"self":[{"href":"https:\/\/tehnikabacko.rs\/index.php\/wp-json\/wp\/v2\/product\/10304","targetHints":{"allow":["GET"]}}],"collection":[{"href":"https:\/\/tehnikabacko.rs\/index.php\/wp-json\/wp\/v2\/product"}],"about":[{"href":"https:\/\/tehnikabacko.rs\/index.php\/wp-json\/wp\/v2\/types\/product"}],"replies":[{"embeddable":true,"href":"https:\/\/tehnikabacko.rs\/index.php\/wp-json\/wp\/v2\/comments?post=10304"}],"wp:featuredmedia":[{"embeddable":true,"href":"https:\/\/tehnikabacko.rs\/index.php\/wp-json\/wp\/v2\/media\/10305"}],"wp:attachment":[{"href":"https:\/\/tehnikabacko.rs\/index.php\/wp-json\/wp\/v2\/media?parent=10304"}],"wp:term":[{"taxonomy":"product_brand","embeddable":true,"href":"https:\/\/tehnikabacko.rs\/index.php\/wp-json\/wp\/v2\/product_brand?post=10304"},{"taxonomy":"product_cat","embeddable":true,"href":"https:\/\/tehnikabacko.rs\/index.php\/wp-json\/wp\/v2\/product_cat?post=10304"},{"taxonomy":"product_tag","embeddable":true,"href":"https:\/\/tehnikabacko.rs\/index.php\/wp-json\/wp\/v2\/product_tag?post=10304"}],"curies":[{"name":"wp","href":"https:\/\/api.w.org\/{rel}","templated":true}]}}