{"id":10294,"date":"2024-01-15T11:25:49","date_gmt":"2024-01-15T11:25:49","guid":{"rendered":"https:\/\/tehnikabacko.rs\/?post_type=product&#038;p=10294"},"modified":"2025-06-01T10:03:45","modified_gmt":"2025-06-01T10:03:45","slug":"vakuumski-aparat-sv2000","status":"publish","type":"product","link":"https:\/\/tehnikabacko.rs\/index.php\/product\/vakuumski-aparat-sv2000\/","title":{"rendered":"Vakuumski aparat SV2000"},"content":{"rendered":"<table class=\"woocommerce-product-attributes shop_attributes\">\n<tbody>\n<tr class=\"woocommerce-product-attributes-item woocommerce-product-attributes-item--weight\">\n<th class=\"woocommerce-product-attributes-item__label\">TE\u017dINA<\/th>\n<td class=\"woocommerce-product-attributes-item__value\">N\/A<\/td>\n<\/tr>\n<tr class=\"woocommerce-product-attributes-item woocommerce-product-attributes-item--dimensions\">\n<th class=\"woocommerce-product-attributes-item__label\">DIMENZIJE<\/th>\n<td class=\"woocommerce-product-attributes-item__value\">N\/A<\/td>\n<\/tr>\n<tr class=\"woocommerce-product-attributes-item woocommerce-product-attributes-item--attribute_pa_boja\">\n<th class=\"woocommerce-product-attributes-item__label\">BOJA<\/th>\n<td class=\"woocommerce-product-attributes-item__value\">bijela, srebrno-siva<\/td>\n<\/tr>\n<tr class=\"woocommerce-product-attributes-item woocommerce-product-attributes-item--attribute_pa_volumen-pumpanja\">\n<th class=\"woocommerce-product-attributes-item__label\">VOLUMEN PUMPANJA<\/th>\n<td class=\"woocommerce-product-attributes-item__value\"><a href=\"https:\/\/www.status-trgovina.hr\/volumen-pumpanja\/22-litre-na-minutu\/\" rel=\"tag\">22 litre\/minutu<\/a><\/td>\n<\/tr>\n<tr class=\"woocommerce-product-attributes-item woocommerce-product-attributes-item--attribute_pa_duzina-vakuumskog-kanala\">\n<th class=\"woocommerce-product-attributes-item__label\">DU\u017dINA VAKUUMSKOG KANALA<\/th>\n<td class=\"woocommerce-product-attributes-item__value\">280 mm<\/td>\n<\/tr>\n<tr class=\"woocommerce-product-attributes-item woocommerce-product-attributes-item--attribute_pa_motor\">\n<th class=\"woocommerce-product-attributes-item__label\">MOTOR<\/th>\n<td class=\"woocommerce-product-attributes-item__value\">230 V AC (izmjeni\u010dni elektromotor)<\/td>\n<\/tr>\n<tr class=\"woocommerce-product-attributes-item woocommerce-product-attributes-item--attribute_pa_podtlak\">\n<th class=\"woocommerce-product-attributes-item__label\">PODTLAK<\/th>\n<td class=\"woocommerce-product-attributes-item__value\">-800 mbar<\/td>\n<\/tr>\n<tr class=\"woocommerce-product-attributes-item woocommerce-product-attributes-item--attribute_pa_vrsta-pumpe\">\n<th class=\"woocommerce-product-attributes-item__label\">VRSTA PUMPE<\/th>\n<td class=\"woocommerce-product-attributes-item__value\"><a href=\"https:\/\/www.status-trgovina.hr\/vrsta-pumpe\/dupla\/\" rel=\"tag\">dupla<\/a><\/td>\n<\/tr>\n<tr class=\"woocommerce-product-attributes-item woocommerce-product-attributes-item--attribute_pa_duzina\">\n<th class=\"woocommerce-product-attributes-item__label\">DU\u017dINA<\/th>\n<td class=\"woocommerce-product-attributes-item__value\">385 mm<\/td>\n<\/tr>\n<tr class=\"woocommerce-product-attributes-item woocommerce-product-attributes-item--attribute_pa_kanal-za-noz\">\n<th class=\"woocommerce-product-attributes-item__label\">KANAL ZA NO\u017d<\/th>\n<td class=\"woocommerce-product-attributes-item__value\">da<\/td>\n<\/tr>\n<tr class=\"woocommerce-product-attributes-item woocommerce-product-attributes-item--attribute_pa_prostor-za-foliju-u-roli\">\n<th class=\"woocommerce-product-attributes-item__label\">PROSTOR ZA FOLIJU U ROLI<\/th>\n<td class=\"woocommerce-product-attributes-item__value\">da<\/td>\n<\/tr>\n<tr class=\"woocommerce-product-attributes-item woocommerce-product-attributes-item--attribute_pa_sirina\">\n<th class=\"woocommerce-product-attributes-item__label\">\u0160IRINA<\/th>\n<td class=\"woocommerce-product-attributes-item__value\">235 mm<\/td>\n<\/tr>\n<tr class=\"woocommerce-product-attributes-item woocommerce-product-attributes-item--attribute_pa_visina\">\n<th class=\"woocommerce-product-attributes-item__label\">VISINA<\/th>\n<td class=\"woocommerce-product-attributes-item__value\">93 mm<\/td>\n<\/tr>\n<tr class=\"woocommerce-product-attributes-item woocommerce-product-attributes-item--attribute_pa_integriran-noz\">\n<th class=\"woocommerce-product-attributes-item__label\">INTEGRIRAN NO\u017d<\/th>\n<td class=\"woocommerce-product-attributes-item__value\">da<\/td>\n<\/tr>\n<\/tbody>\n<\/table>\n","protected":false},"excerpt":{"rendered":"<p>TE\u017dINA N\/A DIMENZIJE N\/A BOJA bijela, srebrno-siva VOLUMEN PUMPANJA 22 litre\/minutu DU\u017dINA VAKUUMSKOG KANALA 280 mm MOTOR 230 V AC (izmjeni\u010dni elektromotor) PODTLAK -800 mbar VRSTA PUMPE dupla DU\u017dINA 385 mm KANAL ZA NO\u017d da PROSTOR ZA FOLIJU U ROLI da \u0160IRINA 235 mm VISINA 93 mm INTEGRIRAN NO\u017d da<\/p>\n","protected":false},"featured_media":10288,"comment_status":"open","ping_status":"closed","template":"","meta":{"inline_featured_image":false},"product_brand":[],"product_cat":[316],"product_tag":[],"class_list":{"0":"post-10294","1":"product","2":"type-product","3":"status-publish","4":"has-post-thumbnail","6":"product_cat-vakumerke","8":"first","9":"instock","10":"shipping-taxable","11":"purchasable","12":"product-type-simple"},"_links":{"self":[{"href":"https:\/\/tehnikabacko.rs\/index.php\/wp-json\/wp\/v2\/product\/10294","targetHints":{"allow":["GET"]}}],"collection":[{"href":"https:\/\/tehnikabacko.rs\/index.php\/wp-json\/wp\/v2\/product"}],"about":[{"href":"https:\/\/tehnikabacko.rs\/index.php\/wp-json\/wp\/v2\/types\/product"}],"replies":[{"embeddable":true,"href":"https:\/\/tehnikabacko.rs\/index.php\/wp-json\/wp\/v2\/comments?post=10294"}],"wp:featuredmedia":[{"embeddable":true,"href":"https:\/\/tehnikabacko.rs\/index.php\/wp-json\/wp\/v2\/media\/10288"}],"wp:attachment":[{"href":"https:\/\/tehnikabacko.rs\/index.php\/wp-json\/wp\/v2\/media?parent=10294"}],"wp:term":[{"taxonomy":"product_brand","embeddable":true,"href":"https:\/\/tehnikabacko.rs\/index.php\/wp-json\/wp\/v2\/product_brand?post=10294"},{"taxonomy":"product_cat","embeddable":true,"href":"https:\/\/tehnikabacko.rs\/index.php\/wp-json\/wp\/v2\/product_cat?post=10294"},{"taxonomy":"product_tag","embeddable":true,"href":"https:\/\/tehnikabacko.rs\/index.php\/wp-json\/wp\/v2\/product_tag?post=10294"}],"curies":[{"name":"wp","href":"https:\/\/api.w.org\/{rel}","templated":true}]}}