{"id":10285,"date":"2024-01-15T11:21:51","date_gmt":"2024-01-15T11:21:51","guid":{"rendered":"https:\/\/tehnikabacko.rs\/?post_type=product&#038;p=10285"},"modified":"2024-01-15T11:21:51","modified_gmt":"2024-01-15T11:21:51","slug":"grejalica-ardes-ar4w04p","status":"publish","type":"product","link":"https:\/\/tehnikabacko.rs\/index.php\/product\/grejalica-ardes-ar4w04p\/","title":{"rendered":"GREJALICA ARDES AR4W04P"},"content":{"rendered":"<p>Ardes grejalica AR4W04P<br \/>\nKupatilska kerami\u010dka grejalica sa daljinskim upravlja\u010dem<br \/>\nSnaga: 2000 W (1000\/2000 W)<br \/>\nZa prostorije do 60 m2<br \/>\nPode\u0161avanje 2 nivoa grejanja: eco &amp; comfort (1\/2 kW)<br \/>\nMonta\u017ea: zidna<br \/>\nDetekcija otvorenog prozora<br \/>\nFunkcija izduvavanja hladnog vazduha<br \/>\nDaljinski upravlja\u010d<br \/>\nTajmer: 12 h<br \/>\nNedeljno programiranje<br \/>\nLED displej sa indikatorom temprature<br \/>\nSistem zastite od pregrevanja<br \/>\nIP22 za\u0161tita: za\u0161tita od kosih i vertikalnih kapljica vode<br \/>\nNapajanje: 220-240 V\/50 Hz<br \/>\nDimenzije: 45 x 11,5 x 18,6 cm<br \/>\nTe\u017eina neto\/bruto: 1,9\/2,2 kg<br \/>\nBoja: bela<\/p>\n","protected":false},"excerpt":{"rendered":"<p>Ardes grejalica AR4W04P Kupatilska kerami\u010dka grejalica sa daljinskim upravlja\u010dem Snaga: 2000 W (1000\/2000 W) Za prostorije do 60 m2 Pode\u0161avanje 2 nivoa grejanja: eco &amp; comfort (1\/2 kW) Monta\u017ea: zidna Detekcija otvorenog prozora Funkcija izduvavanja hladnog vazduha Daljinski upravlja\u010d Tajmer: 12 h Nedeljno programiranje LED displej sa indikatorom temprature Sistem zastite od pregrevanja IP22 za\u0161tita: [&hellip;]<\/p>\n","protected":false},"featured_media":10286,"comment_status":"open","ping_status":"closed","template":"","meta":{"inline_featured_image":false},"product_brand":[],"product_cat":[312],"product_tag":[],"class_list":{"0":"post-10285","1":"product","2":"type-product","3":"status-publish","4":"has-post-thumbnail","6":"product_cat-grejalice","8":"first","9":"instock","10":"shipping-taxable","11":"purchasable","12":"product-type-simple"},"_links":{"self":[{"href":"https:\/\/tehnikabacko.rs\/index.php\/wp-json\/wp\/v2\/product\/10285","targetHints":{"allow":["GET"]}}],"collection":[{"href":"https:\/\/tehnikabacko.rs\/index.php\/wp-json\/wp\/v2\/product"}],"about":[{"href":"https:\/\/tehnikabacko.rs\/index.php\/wp-json\/wp\/v2\/types\/product"}],"replies":[{"embeddable":true,"href":"https:\/\/tehnikabacko.rs\/index.php\/wp-json\/wp\/v2\/comments?post=10285"}],"wp:featuredmedia":[{"embeddable":true,"href":"https:\/\/tehnikabacko.rs\/index.php\/wp-json\/wp\/v2\/media\/10286"}],"wp:attachment":[{"href":"https:\/\/tehnikabacko.rs\/index.php\/wp-json\/wp\/v2\/media?parent=10285"}],"wp:term":[{"taxonomy":"product_brand","embeddable":true,"href":"https:\/\/tehnikabacko.rs\/index.php\/wp-json\/wp\/v2\/product_brand?post=10285"},{"taxonomy":"product_cat","embeddable":true,"href":"https:\/\/tehnikabacko.rs\/index.php\/wp-json\/wp\/v2\/product_cat?post=10285"},{"taxonomy":"product_tag","embeddable":true,"href":"https:\/\/tehnikabacko.rs\/index.php\/wp-json\/wp\/v2\/product_tag?post=10285"}],"curies":[{"name":"wp","href":"https:\/\/api.w.org\/{rel}","templated":true}]}}