{"id":10283,"date":"2024-01-15T11:08:59","date_gmt":"2024-01-15T11:08:59","guid":{"rendered":"https:\/\/tehnikabacko.rs\/?post_type=product&#038;p=10283"},"modified":"2024-01-15T11:12:17","modified_gmt":"2024-01-15T11:12:17","slug":"produzni-kabl-20m-sifra-nv2-20-or-p","status":"publish","type":"product","link":"https:\/\/tehnikabacko.rs\/index.php\/product\/produzni-kabl-20m-sifra-nv2-20-or-p\/","title":{"rendered":"PRODUZNI KABL 20M \u0160ifra NV2-20\/OR-P"},"content":{"rendered":"<table class=\"tbl-technical-data\" cellspacing=\"0\" cellpadding=\"0\">\n<tbody>\n<tr>\n<td>Brend<\/td>\n<td>PROSTO<\/td>\n<\/tr>\n<tr>\n<td>Max. optere\u0107enje<\/td>\n<td>250 V~ \/ 16 A \/ 3680 W<\/td>\n<\/tr>\n<tr>\n<td>Kabel<\/td>\n<td>H05VV-F 3&#215;1.5mm2<\/td>\n<\/tr>\n<tr>\n<td>Boja<\/td>\n<td>Narand\u017easta<\/td>\n<\/tr>\n<tr>\n<td>Du\u017eina kabela<\/td>\n<td>20 m<\/td>\n<\/tr>\n<tr>\n<td>IP za\u0161tita<\/td>\n<td>IP20<\/td>\n<\/tr>\n<tr>\n<td>Za\u0161tita za decu<\/td>\n<td>Da<\/td>\n<\/tr>\n<\/tbody>\n<\/table>\n","protected":false},"excerpt":{"rendered":"<p>Brend PROSTO Max. optere\u0107enje 250 V~ \/ 16 A \/ 3680 W Kabel H05VV-F 3&#215;1.5mm2 Boja Narand\u017easta Du\u017eina kabela 20 m IP za\u0161tita IP20 Za\u0161tita za decu Da<\/p>\n","protected":false},"featured_media":10261,"comment_status":"open","ping_status":"closed","template":"","meta":{"inline_featured_image":false},"product_brand":[],"product_cat":[339],"product_tag":[],"class_list":{"0":"post-10283","1":"product","2":"type-product","3":"status-publish","4":"has-post-thumbnail","6":"product_cat-produzni-kablovi","8":"first","9":"instock","10":"shipping-taxable","11":"purchasable","12":"product-type-simple"},"_links":{"self":[{"href":"https:\/\/tehnikabacko.rs\/index.php\/wp-json\/wp\/v2\/product\/10283","targetHints":{"allow":["GET"]}}],"collection":[{"href":"https:\/\/tehnikabacko.rs\/index.php\/wp-json\/wp\/v2\/product"}],"about":[{"href":"https:\/\/tehnikabacko.rs\/index.php\/wp-json\/wp\/v2\/types\/product"}],"replies":[{"embeddable":true,"href":"https:\/\/tehnikabacko.rs\/index.php\/wp-json\/wp\/v2\/comments?post=10283"}],"wp:featuredmedia":[{"embeddable":true,"href":"https:\/\/tehnikabacko.rs\/index.php\/wp-json\/wp\/v2\/media\/10261"}],"wp:attachment":[{"href":"https:\/\/tehnikabacko.rs\/index.php\/wp-json\/wp\/v2\/media?parent=10283"}],"wp:term":[{"taxonomy":"product_brand","embeddable":true,"href":"https:\/\/tehnikabacko.rs\/index.php\/wp-json\/wp\/v2\/product_brand?post=10283"},{"taxonomy":"product_cat","embeddable":true,"href":"https:\/\/tehnikabacko.rs\/index.php\/wp-json\/wp\/v2\/product_cat?post=10283"},{"taxonomy":"product_tag","embeddable":true,"href":"https:\/\/tehnikabacko.rs\/index.php\/wp-json\/wp\/v2\/product_tag?post=10283"}],"curies":[{"name":"wp","href":"https:\/\/api.w.org\/{rel}","templated":true}]}}