{"id":10282,"date":"2024-01-15T11:06:06","date_gmt":"2024-01-15T11:06:06","guid":{"rendered":"https:\/\/tehnikabacko.rs\/?post_type=product&#038;p=10282"},"modified":"2024-01-15T11:06:06","modified_gmt":"2024-01-15T11:06:06","slug":"elektricno-rende-agm-pl-710","status":"publish","type":"product","link":"https:\/\/tehnikabacko.rs\/index.php\/product\/elektricno-rende-agm-pl-710\/","title":{"rendered":"Elektri\u010dno rende AGM PL 710"},"content":{"rendered":"<table class=\"table product-attrbite-table\">\n<thead>\n<tr>\n<th>Karakteristika<\/th>\n<th>Vrednost<\/th>\n<\/tr>\n<\/thead>\n<tbody>\n<tr>\n<td>Kategorija<\/td>\n<td><a title=\"Rende\" href=\"https:\/\/www.agromarket.rs\/rende\">Rende<\/a><\/td>\n<\/tr>\n<tr class=\"attr-table-product-weight\">\n<td>Te\u017eina pakovanja<\/td>\n<td>3.22 kg<\/td>\n<\/tr>\n<tr class=\"attr-brend\">\n<td>Brend<\/td>\n<td><a title=\"Agm\" href=\"https:\/\/www.agromarket.rs\/proizvodi\/brend-agm\">Agm<\/a><\/td>\n<\/tr>\n<tr class=\"attr-napon\">\n<td>Napon<\/td>\n<td>230 V ~ 50 Hz<\/td>\n<\/tr>\n<tr class=\"attr-prikljucna-snaga\">\n<td>Priklju\u010dna snaga<\/td>\n<td>710 W<\/td>\n<\/tr>\n<tr class=\"attr-broj-obrtaja-el-aku-uredjaji\">\n<td>Broj obrtaja &#8211; el.\/aku. ure\u0111aji<\/td>\n<td>16500 rpm<\/td>\n<\/tr>\n<tr class=\"attr-sirina-radnog-zahvata\">\n<td>\u0160irina radnog zahvata<\/td>\n<td>82 mm<\/td>\n<\/tr>\n<tr class=\"attr-podesavanje-koraka\">\n<td>Pode\u0161avanje koraka<\/td>\n<td>0-2 mm<\/td>\n<\/tr>\n<\/tbody>\n<\/table>\n","protected":false},"excerpt":{"rendered":"<p>Karakteristika Vrednost Kategorija Rende Te\u017eina pakovanja 3.22 kg Brend Agm Napon 230 V ~ 50 Hz Priklju\u010dna snaga 710 W Broj obrtaja &#8211; el.\/aku. ure\u0111aji 16500 rpm \u0160irina radnog zahvata 82 mm Pode\u0161avanje koraka 0-2 mm<\/p>\n","protected":false},"featured_media":10251,"comment_status":"open","ping_status":"closed","template":"","meta":{"inline_featured_image":false},"product_brand":[],"product_cat":[148,279,297],"product_tag":[],"class_list":{"0":"post-10282","1":"product","2":"type-product","3":"status-publish","4":"has-post-thumbnail","6":"product_cat-alati","7":"product_cat-brusilica-elektricna","8":"product_cat-brusilice","10":"first","11":"instock","12":"shipping-taxable","13":"purchasable","14":"product-type-simple"},"_links":{"self":[{"href":"https:\/\/tehnikabacko.rs\/index.php\/wp-json\/wp\/v2\/product\/10282","targetHints":{"allow":["GET"]}}],"collection":[{"href":"https:\/\/tehnikabacko.rs\/index.php\/wp-json\/wp\/v2\/product"}],"about":[{"href":"https:\/\/tehnikabacko.rs\/index.php\/wp-json\/wp\/v2\/types\/product"}],"replies":[{"embeddable":true,"href":"https:\/\/tehnikabacko.rs\/index.php\/wp-json\/wp\/v2\/comments?post=10282"}],"wp:featuredmedia":[{"embeddable":true,"href":"https:\/\/tehnikabacko.rs\/index.php\/wp-json\/wp\/v2\/media\/10251"}],"wp:attachment":[{"href":"https:\/\/tehnikabacko.rs\/index.php\/wp-json\/wp\/v2\/media?parent=10282"}],"wp:term":[{"taxonomy":"product_brand","embeddable":true,"href":"https:\/\/tehnikabacko.rs\/index.php\/wp-json\/wp\/v2\/product_brand?post=10282"},{"taxonomy":"product_cat","embeddable":true,"href":"https:\/\/tehnikabacko.rs\/index.php\/wp-json\/wp\/v2\/product_cat?post=10282"},{"taxonomy":"product_tag","embeddable":true,"href":"https:\/\/tehnikabacko.rs\/index.php\/wp-json\/wp\/v2\/product_tag?post=10282"}],"curies":[{"name":"wp","href":"https:\/\/api.w.org\/{rel}","templated":true}]}}