{"id":10279,"date":"2024-01-15T11:00:48","date_gmt":"2024-01-15T11:00:48","guid":{"rendered":"https:\/\/tehnikabacko.rs\/?post_type=product&#038;p=10279"},"modified":"2024-05-03T12:00:22","modified_gmt":"2024-05-03T12:00:22","slug":"multifunkcionalni-trimer-agm-amt-3321","status":"publish","type":"product","link":"https:\/\/tehnikabacko.rs\/index.php\/product\/multifunkcionalni-trimer-agm-amt-3321\/","title":{"rendered":"Multifunkcionalni trimer AGM AMT 3321"},"content":{"rendered":"<table class=\"table product-attrbite-table\">\n<thead>\n<tr>\n<th>Karakteristika<\/th>\n<th>Vrednost<\/th>\n<\/tr>\n<\/thead>\n<tbody>\n<tr>\n<td>Kategorija<\/td>\n<td><a title=\"Multifunkcijski trimeri\" href=\"https:\/\/www.agromarket.rs\/multifunkcijski-trimeri\">Multifunkcijski trimeri<\/a><\/td>\n<\/tr>\n<tr class=\"attr-table-product-weight\">\n<td>Te\u017eina pakovanja<\/td>\n<td>15.1 kg<\/td>\n<\/tr>\n<tr class=\"attr-brend\">\n<td>Brend<\/td>\n<td><a title=\"Agm\" href=\"https:\/\/www.agromarket.rs\/proizvodi\/brend-agm\">Agm<\/a><\/td>\n<\/tr>\n<tr class=\"attr-snaga-motora\">\n<td>Snaga motora<\/td>\n<td>0.9 kW<\/td>\n<\/tr>\n<tr class=\"attr-zapremina-motora\">\n<td>Zapremina motora<\/td>\n<td>32.6 cm\u00b3<\/td>\n<\/tr>\n<tr class=\"attr-rezervoar-goriva\">\n<td>Rezervoar goriva<\/td>\n<td>1l<\/td>\n<\/tr>\n<tr class=\"attr-radni-zahvat-niti\">\n<td>Radni zahvat niti<\/td>\n<td>430 mm<\/td>\n<\/tr>\n<tr class=\"attr-duzina-seciva\">\n<td>Du\u017eina se\u010diva<\/td>\n<td>400 mm<\/td>\n<\/tr>\n<tr class=\"attr-duzina-vodilice-lancane-testere\">\n<td>Du\u017eina vodilice lan\u010dane testere<\/td>\n<td>254 mm<\/td>\n<\/tr>\n<tr class=\"attr-radni-zahvat-noza-tri-zuba\">\n<td>Radni zahvat no\u017ea (tri zuba)<\/td>\n<td>255 mm<\/td>\n<\/tr>\n<\/tbody>\n<\/table>\n","protected":false},"excerpt":{"rendered":"<p>Karakteristika Vrednost Kategorija Multifunkcijski trimeri Te\u017eina pakovanja 15.1 kg Brend Agm Snaga motora 0.9 kW Zapremina motora 32.6 cm\u00b3 Rezervoar goriva 1l Radni zahvat niti 430 mm Du\u017eina se\u010diva 400 mm Du\u017eina vodilice lan\u010dane testere 254 mm Radni zahvat no\u017ea (tri zuba) 255 mm<\/p>\n","protected":false},"featured_media":10489,"comment_status":"open","ping_status":"closed","template":"","meta":{"inline_featured_image":false},"product_brand":[],"product_cat":[148,320,290],"product_tag":[],"class_list":{"0":"post-10279","1":"product","2":"type-product","3":"status-publish","4":"has-post-thumbnail","6":"product_cat-alati","7":"product_cat-motorni-trimeri","8":"product_cat-trimeri-za-travu","10":"first","11":"instock","12":"shipping-taxable","13":"purchasable","14":"product-type-simple"},"_links":{"self":[{"href":"https:\/\/tehnikabacko.rs\/index.php\/wp-json\/wp\/v2\/product\/10279","targetHints":{"allow":["GET"]}}],"collection":[{"href":"https:\/\/tehnikabacko.rs\/index.php\/wp-json\/wp\/v2\/product"}],"about":[{"href":"https:\/\/tehnikabacko.rs\/index.php\/wp-json\/wp\/v2\/types\/product"}],"replies":[{"embeddable":true,"href":"https:\/\/tehnikabacko.rs\/index.php\/wp-json\/wp\/v2\/comments?post=10279"}],"wp:featuredmedia":[{"embeddable":true,"href":"https:\/\/tehnikabacko.rs\/index.php\/wp-json\/wp\/v2\/media\/10489"}],"wp:attachment":[{"href":"https:\/\/tehnikabacko.rs\/index.php\/wp-json\/wp\/v2\/media?parent=10279"}],"wp:term":[{"taxonomy":"product_brand","embeddable":true,"href":"https:\/\/tehnikabacko.rs\/index.php\/wp-json\/wp\/v2\/product_brand?post=10279"},{"taxonomy":"product_cat","embeddable":true,"href":"https:\/\/tehnikabacko.rs\/index.php\/wp-json\/wp\/v2\/product_cat?post=10279"},{"taxonomy":"product_tag","embeddable":true,"href":"https:\/\/tehnikabacko.rs\/index.php\/wp-json\/wp\/v2\/product_tag?post=10279"}],"curies":[{"name":"wp","href":"https:\/\/api.w.org\/{rel}","templated":true}]}}