{"id":10276,"date":"2024-01-15T10:53:57","date_gmt":"2024-01-15T10:53:57","guid":{"rendered":"https:\/\/tehnikabacko.rs\/?post_type=product&#038;p=10276"},"modified":"2025-06-02T12:24:51","modified_gmt":"2025-06-02T12:24:51","slug":"elektricni-trimer-za-travu-agm-et-300","status":"publish","type":"product","link":"https:\/\/tehnikabacko.rs\/index.php\/product\/elektricni-trimer-za-travu-agm-et-300\/","title":{"rendered":"Elektri\u010dni trimer za travu AGM ET 300"},"content":{"rendered":"<table class=\"table product-attrbite-table\">\n<thead>\n<tr>\n<th>Karakteristika<\/th>\n<th>Vrednost<\/th>\n<\/tr>\n<\/thead>\n<tbody>\n<tr>\n<td>Kategorija<\/td>\n<td><a title=\"Elektri\u010dni trimeri\" href=\"https:\/\/www.agromarket.rs\/elektricni-trimeri\">Elektri\u010dni trimeri<\/a><\/td>\n<\/tr>\n<tr class=\"attr-table-product-weight\">\n<td>Te\u017eina pakovanja<\/td>\n<td>1.76 kg<\/td>\n<\/tr>\n<tr class=\"attr-brend\">\n<td>Brend<\/td>\n<td><a title=\"Agm\" href=\"https:\/\/www.agromarket.rs\/proizvodi\/brend-agm\">Agm<\/a><\/td>\n<\/tr>\n<tr class=\"attr-tip-elektromotora\">\n<td>Tip elektromotora<\/td>\n<td>Kolektorski<\/td>\n<\/tr>\n<tr class=\"attr-napon\">\n<td>Napon<\/td>\n<td>230 V ~ 50 Hz<\/td>\n<\/tr>\n<tr class=\"attr-prikljucna-snaga\">\n<td>Priklju\u010dna snaga<\/td>\n<td>300 W<\/td>\n<\/tr>\n<tr class=\"attr-broj-obrtaja-el-aku-uredjaji\">\n<td>Broj obrtaja &#8211; el.\/aku. ure\u0111aji<\/td>\n<td>12000 rpm<\/td>\n<\/tr>\n<tr class=\"attr-duzina-niti\">\n<td>Du\u017eina niti<\/td>\n<td>6 m (2 x 3 m)<\/td>\n<\/tr>\n<tr class=\"attr-precnik-niti\">\n<td>Pre\u010dnik niti<\/td>\n<td>1.2 mm<\/td>\n<\/tr>\n<tr class=\"attr-radni-zahvat-niti\">\n<td>Radni zahvat niti<\/td>\n<td>220 mm<\/td>\n<\/tr>\n<tr class=\"attr-tip-glave\">\n<td>Tip glave<\/td>\n<td>TAP &#8222;n&#8220; GO<\/td>\n<\/tr>\n<\/tbody>\n<\/table>\n","protected":false},"excerpt":{"rendered":"<p>Karakteristika Vrednost Kategorija Elektri\u010dni trimeri Te\u017eina pakovanja 1.76 kg Brend Agm Tip elektromotora Kolektorski Napon 230 V ~ 50 Hz Priklju\u010dna snaga 300 W Broj obrtaja &#8211; el.\/aku. ure\u0111aji 12000 rpm Du\u017eina niti 6 m (2 x 3 m) Pre\u010dnik niti 1.2 mm Radni zahvat niti 220 mm Tip glave TAP &#8222;n&#8220; GO<\/p>\n","protected":false},"featured_media":10262,"comment_status":"open","ping_status":"closed","template":"","meta":{"inline_featured_image":false},"product_brand":[],"product_cat":[148,337,290],"product_tag":[],"class_list":{"0":"post-10276","1":"product","2":"type-product","3":"status-publish","4":"has-post-thumbnail","6":"product_cat-alati","7":"product_cat-elektricni-trimeri","8":"product_cat-trimeri-za-travu","10":"first","11":"instock","12":"shipping-taxable","13":"purchasable","14":"product-type-simple"},"_links":{"self":[{"href":"https:\/\/tehnikabacko.rs\/index.php\/wp-json\/wp\/v2\/product\/10276","targetHints":{"allow":["GET"]}}],"collection":[{"href":"https:\/\/tehnikabacko.rs\/index.php\/wp-json\/wp\/v2\/product"}],"about":[{"href":"https:\/\/tehnikabacko.rs\/index.php\/wp-json\/wp\/v2\/types\/product"}],"replies":[{"embeddable":true,"href":"https:\/\/tehnikabacko.rs\/index.php\/wp-json\/wp\/v2\/comments?post=10276"}],"wp:featuredmedia":[{"embeddable":true,"href":"https:\/\/tehnikabacko.rs\/index.php\/wp-json\/wp\/v2\/media\/10262"}],"wp:attachment":[{"href":"https:\/\/tehnikabacko.rs\/index.php\/wp-json\/wp\/v2\/media?parent=10276"}],"wp:term":[{"taxonomy":"product_brand","embeddable":true,"href":"https:\/\/tehnikabacko.rs\/index.php\/wp-json\/wp\/v2\/product_brand?post=10276"},{"taxonomy":"product_cat","embeddable":true,"href":"https:\/\/tehnikabacko.rs\/index.php\/wp-json\/wp\/v2\/product_cat?post=10276"},{"taxonomy":"product_tag","embeddable":true,"href":"https:\/\/tehnikabacko.rs\/index.php\/wp-json\/wp\/v2\/product_tag?post=10276"}],"curies":[{"name":"wp","href":"https:\/\/api.w.org\/{rel}","templated":true}]}}