{"id":10274,"date":"2024-01-15T10:52:24","date_gmt":"2024-01-15T10:52:24","guid":{"rendered":"https:\/\/tehnikabacko.rs\/?post_type=product&#038;p=10274"},"modified":"2024-01-15T11:13:39","modified_gmt":"2024-01-15T11:13:39","slug":"elektricni-trimer-za-zivu-ogradu-agm-aht-450","status":"publish","type":"product","link":"https:\/\/tehnikabacko.rs\/index.php\/product\/elektricni-trimer-za-zivu-ogradu-agm-aht-450\/","title":{"rendered":"Elektri\u010dni trimer za \u017eivu ogradu AGM AHT 450"},"content":{"rendered":"<table class=\"table product-attrbite-table\">\n<thead>\n<tr>\n<th>Karakteristika<\/th>\n<th>Vrednost<\/th>\n<\/tr>\n<\/thead>\n<tbody>\n<tr>\n<td>Kategorija<\/td>\n<td><a title=\"Elektri\u010dni trimeri za \u017eivu ogradu\" href=\"https:\/\/www.agromarket.rs\/elektricni-trimeri-za-zivu-ogradu\">Elektri\u010dni trimeri za \u017eivu ogradu<\/a><\/td>\n<\/tr>\n<tr class=\"attr-table-product-weight\">\n<td>Te\u017eina pakovanja<\/td>\n<td>3 kg<\/td>\n<\/tr>\n<tr class=\"attr-brend\">\n<td>Brend<\/td>\n<td><a title=\"Agm\" href=\"https:\/\/www.agromarket.rs\/proizvodi\/brend-agm\">Agm<\/a><\/td>\n<\/tr>\n<tr class=\"attr-tip-elektromotora\">\n<td>Tip elektromotora<\/td>\n<td>Kolektorski<\/td>\n<\/tr>\n<tr class=\"attr-napon\">\n<td>Napon<\/td>\n<td>230 V ~ 50 Hz<\/td>\n<\/tr>\n<tr class=\"attr-prikljucna-snaga\">\n<td>Priklju\u010dna snaga<\/td>\n<td>450 W<\/td>\n<\/tr>\n<tr class=\"attr-broj-obrtaja-el-aku-uredjaji\">\n<td>Broj obrtaja &#8211; el.\/aku. ure\u0111aji<\/td>\n<td>3000 rpm<\/td>\n<\/tr>\n<tr class=\"attr-tip-seciva\">\n<td>Tip se\u010diva<\/td>\n<td>Kontra-rotiraju\u0107e, duplo<\/td>\n<\/tr>\n<tr class=\"attr-tip-rukohvata\">\n<td>Tip rukohvata<\/td>\n<td>Klasi\u010dan rukohvat<\/td>\n<\/tr>\n<tr class=\"attr-duzina-seciva\">\n<td>Du\u017eina se\u010diva<\/td>\n<td>520 mm<\/td>\n<\/tr>\n<tr class=\"attr-nosac-seciva\">\n<td>Nosa\u010d se\u010diva<\/td>\n<td>Polipropilenski<\/td>\n<\/tr>\n<tr class=\"attr-precnik-secenja\">\n<td>Pre\u010dnik se\u010denja<\/td>\n<td>18 mm<\/td>\n<\/tr>\n<tr class=\"attr-radni-zahvat-seciva\">\n<td>Radni zahvat se\u010diva<\/td>\n<td>450 mm<\/td>\n<\/tr>\n<\/tbody>\n<\/table>\n","protected":false},"excerpt":{"rendered":"<p>Karakteristika Vrednost Kategorija Elektri\u010dni trimeri za \u017eivu ogradu Te\u017eina pakovanja 3 kg Brend Agm Tip elektromotora Kolektorski Napon 230 V ~ 50 Hz Priklju\u010dna snaga 450 W Broj obrtaja &#8211; el.\/aku. ure\u0111aji 3000 rpm Tip se\u010diva Kontra-rotiraju\u0107e, duplo Tip rukohvata Klasi\u010dan rukohvat Du\u017eina se\u010diva 520 mm Nosa\u010d se\u010diva Polipropilenski Pre\u010dnik se\u010denja 18 mm Radni zahvat [&hellip;]<\/p>\n","protected":false},"featured_media":10275,"comment_status":"open","ping_status":"closed","template":"","meta":{"inline_featured_image":false},"product_brand":[],"product_cat":[148,340],"product_tag":[],"class_list":{"0":"post-10274","1":"product","2":"type-product","3":"status-publish","4":"has-post-thumbnail","6":"product_cat-alati","7":"product_cat-trimeri-za-zivicu","9":"first","10":"instock","11":"shipping-taxable","12":"purchasable","13":"product-type-simple"},"_links":{"self":[{"href":"https:\/\/tehnikabacko.rs\/index.php\/wp-json\/wp\/v2\/product\/10274","targetHints":{"allow":["GET"]}}],"collection":[{"href":"https:\/\/tehnikabacko.rs\/index.php\/wp-json\/wp\/v2\/product"}],"about":[{"href":"https:\/\/tehnikabacko.rs\/index.php\/wp-json\/wp\/v2\/types\/product"}],"replies":[{"embeddable":true,"href":"https:\/\/tehnikabacko.rs\/index.php\/wp-json\/wp\/v2\/comments?post=10274"}],"wp:featuredmedia":[{"embeddable":true,"href":"https:\/\/tehnikabacko.rs\/index.php\/wp-json\/wp\/v2\/media\/10275"}],"wp:attachment":[{"href":"https:\/\/tehnikabacko.rs\/index.php\/wp-json\/wp\/v2\/media?parent=10274"}],"wp:term":[{"taxonomy":"product_brand","embeddable":true,"href":"https:\/\/tehnikabacko.rs\/index.php\/wp-json\/wp\/v2\/product_brand?post=10274"},{"taxonomy":"product_cat","embeddable":true,"href":"https:\/\/tehnikabacko.rs\/index.php\/wp-json\/wp\/v2\/product_cat?post=10274"},{"taxonomy":"product_tag","embeddable":true,"href":"https:\/\/tehnikabacko.rs\/index.php\/wp-json\/wp\/v2\/product_tag?post=10274"}],"curies":[{"name":"wp","href":"https:\/\/api.w.org\/{rel}","templated":true}]}}