{"id":10273,"date":"2024-01-15T10:49:28","date_gmt":"2024-01-15T10:49:28","guid":{"rendered":"https:\/\/tehnikabacko.rs\/?post_type=product&#038;p=10273"},"modified":"2024-01-15T10:49:29","modified_gmt":"2024-01-15T10:49:29","slug":"elektricni-trimer-za-travu-villager-et-355","status":"publish","type":"product","link":"https:\/\/tehnikabacko.rs\/index.php\/product\/elektricni-trimer-za-travu-villager-et-355\/","title":{"rendered":"Elektri\u010dni trimer za travu Villager ET 355"},"content":{"rendered":"<table class=\"table product-attrbite-table\">\n<thead>\n<tr>\n<th>Karakteristika<\/th>\n<th>Vrednost<\/th>\n<\/tr>\n<\/thead>\n<tbody>\n<tr>\n<td>Kategorija<\/td>\n<td><a title=\"Elektri\u010dni trimeri\" href=\"https:\/\/www.agromarket.rs\/elektricni-trimeri\">Elektri\u010dni trimeri<\/a><\/td>\n<\/tr>\n<tr class=\"attr-table-product-weight\">\n<td>Te\u017eina pakovanja<\/td>\n<td>2.34 kg<\/td>\n<\/tr>\n<tr class=\"attr-brend\">\n<td>Brend<\/td>\n<td><a title=\"Villager\" href=\"https:\/\/www.agromarket.rs\/proizvodi\/brend-villager\">Villager<\/a><\/td>\n<\/tr>\n<tr class=\"attr-tip-elektromotora\">\n<td>Tip elektromotora<\/td>\n<td>Kolektorski<\/td>\n<\/tr>\n<tr class=\"attr-napon\">\n<td>Napon<\/td>\n<td>230 V ~ 50 Hz<\/td>\n<\/tr>\n<tr class=\"attr-prikljucna-snaga\">\n<td>Priklju\u010dna snaga<\/td>\n<td>350 W<\/td>\n<\/tr>\n<tr class=\"attr-broj-obrtaja-el-aku-uredjaji\">\n<td>Broj obrtaja &#8211; el.\/aku. ure\u0111aji<\/td>\n<td>12000 rpm<\/td>\n<\/tr>\n<tr class=\"attr-radni-zahvat-niti\">\n<td>Radni zahvat niti<\/td>\n<td>250 mm<\/td>\n<\/tr>\n<tr class=\"attr-tip-kardanske-cevi\">\n<td>Tip kardanske cevi<\/td>\n<td>Podesiva teleskopska<\/td>\n<\/tr>\n<tr class=\"attr-tip-rukohvata\">\n<td>Tip rukohvata<\/td>\n<td>Loop rukohvat<\/td>\n<\/tr>\n<tr class=\"attr-precnik-niti\">\n<td>Pre\u010dnik niti<\/td>\n<td>1.2 mm<\/td>\n<\/tr>\n<\/tbody>\n<\/table>\n","protected":false},"excerpt":{"rendered":"<p>Karakteristika Vrednost Kategorija Elektri\u010dni trimeri Te\u017eina pakovanja 2.34 kg Brend Villager Tip elektromotora Kolektorski Napon 230 V ~ 50 Hz Priklju\u010dna snaga 350 W Broj obrtaja &#8211; el.\/aku. ure\u0111aji 12000 rpm Radni zahvat niti 250 mm Tip kardanske cevi Podesiva teleskopska Tip rukohvata Loop rukohvat Pre\u010dnik niti 1.2 mm<\/p>\n","protected":false},"featured_media":10257,"comment_status":"open","ping_status":"closed","template":"","meta":{"inline_featured_image":false},"product_brand":[],"product_cat":[148,337,290],"product_tag":[],"class_list":{"0":"post-10273","1":"product","2":"type-product","3":"status-publish","4":"has-post-thumbnail","6":"product_cat-alati","7":"product_cat-elektricni-trimeri","8":"product_cat-trimeri-za-travu","10":"first","11":"instock","12":"shipping-taxable","13":"purchasable","14":"product-type-simple"},"_links":{"self":[{"href":"https:\/\/tehnikabacko.rs\/index.php\/wp-json\/wp\/v2\/product\/10273","targetHints":{"allow":["GET"]}}],"collection":[{"href":"https:\/\/tehnikabacko.rs\/index.php\/wp-json\/wp\/v2\/product"}],"about":[{"href":"https:\/\/tehnikabacko.rs\/index.php\/wp-json\/wp\/v2\/types\/product"}],"replies":[{"embeddable":true,"href":"https:\/\/tehnikabacko.rs\/index.php\/wp-json\/wp\/v2\/comments?post=10273"}],"wp:featuredmedia":[{"embeddable":true,"href":"https:\/\/tehnikabacko.rs\/index.php\/wp-json\/wp\/v2\/media\/10257"}],"wp:attachment":[{"href":"https:\/\/tehnikabacko.rs\/index.php\/wp-json\/wp\/v2\/media?parent=10273"}],"wp:term":[{"taxonomy":"product_brand","embeddable":true,"href":"https:\/\/tehnikabacko.rs\/index.php\/wp-json\/wp\/v2\/product_brand?post=10273"},{"taxonomy":"product_cat","embeddable":true,"href":"https:\/\/tehnikabacko.rs\/index.php\/wp-json\/wp\/v2\/product_cat?post=10273"},{"taxonomy":"product_tag","embeddable":true,"href":"https:\/\/tehnikabacko.rs\/index.php\/wp-json\/wp\/v2\/product_tag?post=10273"}],"curies":[{"name":"wp","href":"https:\/\/api.w.org\/{rel}","templated":true}]}}