{"id":10222,"date":"2023-11-11T10:24:33","date_gmt":"2023-11-11T10:24:33","guid":{"rendered":"https:\/\/tehnikabacko.rs\/?post_type=product&#038;p=10222"},"modified":"2023-11-11T10:24:33","modified_gmt":"2023-11-11T10:24:33","slug":"elektricni-cekic-vln-1609","status":"publish","type":"product","link":"https:\/\/tehnikabacko.rs\/index.php\/product\/elektricni-cekic-vln-1609\/","title":{"rendered":"Elektri\u010dni \u010deki\u0107 VLN 1609"},"content":{"rendered":"<table class=\"table product-attrbite-table\">\n<thead>\n<tr>\n<th>Karakteristika<\/th>\n<th>Vrednost<\/th>\n<\/tr>\n<\/thead>\n<tbody>\n<tr>\n<td>Kategorija<\/td>\n<td><a title=\"Elektro-pneumatski \u010deki\u0107i\" href=\"https:\/\/www.agromarket.rs\/elektro-pneumatski-cekici\">Elektro-pneumatski \u010deki\u0107i<\/a><\/td>\n<\/tr>\n<tr class=\"attr-table-product-weight\">\n<td>Te\u017eina pakovanja<\/td>\n<td>11 kg<\/td>\n<\/tr>\n<tr class=\"attr-brend\">\n<td>Brend<\/td>\n<td><a title=\"Villager\" href=\"https:\/\/www.agromarket.rs\/proizvodi\/brend-villager\">Villager<\/a><\/td>\n<\/tr>\n<tr class=\"attr-tip-elektromotora\">\n<td>Tip elektromotora<\/td>\n<td>Kolektorski<\/td>\n<\/tr>\n<tr class=\"attr-prihvat-alata-cekici\">\n<td>Prihvat alata &#8211; \u010deki\u0107i<\/td>\n<td>SDS MAX<\/td>\n<\/tr>\n<tr class=\"attr-napon\">\n<td>Napon<\/td>\n<td>230 V ~ 50 Hz<\/td>\n<\/tr>\n<tr class=\"attr-prikljucna-snaga\">\n<td>Priklju\u010dna snaga<\/td>\n<td>1600 W<\/td>\n<\/tr>\n<tr class=\"attr-broj-obrtaja-el-aku-uredjaji\">\n<td>Broj obrtaja &#8211; el.\/aku. ure\u0111aji<\/td>\n<td>0 &#8211; 560 rpm<\/td>\n<\/tr>\n<tr class=\"attr-snaga-udaraca-cekici\">\n<td>Snaga udaraca &#8211; \u010deki\u0107i<\/td>\n<td>9 J<\/td>\n<\/tr>\n<tr class=\"attr-broj-udaraca-cekici\">\n<td>Broj udaraca &#8211; \u010deki\u0107i<\/td>\n<td>0 &#8211; 3530 ipm<\/td>\n<\/tr>\n<tr class=\"attr-kapacitet-busenja-cekici\">\n<td>Kapacitet bu\u0161enja &#8211; \u010deki\u0107i<\/td>\n<td>beton, drvo &#8211; 40 mm, 60 mm<\/td>\n<\/tr>\n<\/tbody>\n<\/table>\n","protected":false},"excerpt":{"rendered":"<p>Karakteristika Vrednost Kategorija Elektro-pneumatski \u010deki\u0107i Te\u017eina pakovanja 11 kg Brend Villager Tip elektromotora Kolektorski Prihvat alata &#8211; \u010deki\u0107i SDS MAX Napon 230 V ~ 50 Hz Priklju\u010dna snaga 1600 W Broj obrtaja &#8211; el.\/aku. ure\u0111aji 0 &#8211; 560 rpm Snaga udaraca &#8211; \u010deki\u0107i 9 J Broj udaraca &#8211; \u010deki\u0107i 0 &#8211; 3530 ipm Kapacitet bu\u0161enja [&hellip;]<\/p>\n","protected":false},"featured_media":10212,"comment_status":"open","ping_status":"closed","template":"","meta":{"inline_featured_image":false},"product_brand":[],"product_cat":[148,298,278,280,257],"product_tag":[],"class_list":{"0":"post-10222","1":"product","2":"type-product","3":"status-publish","4":"has-post-thumbnail","6":"product_cat-alati","7":"product_cat-busilica","8":"product_cat-elektricna-busilica","9":"product_cat-udarni-cekic","10":"product_cat-villager","12":"first","13":"instock","14":"shipping-taxable","15":"purchasable","16":"product-type-simple"},"_links":{"self":[{"href":"https:\/\/tehnikabacko.rs\/index.php\/wp-json\/wp\/v2\/product\/10222","targetHints":{"allow":["GET"]}}],"collection":[{"href":"https:\/\/tehnikabacko.rs\/index.php\/wp-json\/wp\/v2\/product"}],"about":[{"href":"https:\/\/tehnikabacko.rs\/index.php\/wp-json\/wp\/v2\/types\/product"}],"replies":[{"embeddable":true,"href":"https:\/\/tehnikabacko.rs\/index.php\/wp-json\/wp\/v2\/comments?post=10222"}],"wp:featuredmedia":[{"embeddable":true,"href":"https:\/\/tehnikabacko.rs\/index.php\/wp-json\/wp\/v2\/media\/10212"}],"wp:attachment":[{"href":"https:\/\/tehnikabacko.rs\/index.php\/wp-json\/wp\/v2\/media?parent=10222"}],"wp:term":[{"taxonomy":"product_brand","embeddable":true,"href":"https:\/\/tehnikabacko.rs\/index.php\/wp-json\/wp\/v2\/product_brand?post=10222"},{"taxonomy":"product_cat","embeddable":true,"href":"https:\/\/tehnikabacko.rs\/index.php\/wp-json\/wp\/v2\/product_cat?post=10222"},{"taxonomy":"product_tag","embeddable":true,"href":"https:\/\/tehnikabacko.rs\/index.php\/wp-json\/wp\/v2\/product_tag?post=10222"}],"curies":[{"name":"wp","href":"https:\/\/api.w.org\/{rel}","templated":true}]}}