{"id":10219,"date":"2023-11-11T10:18:16","date_gmt":"2023-11-11T10:18:16","guid":{"rendered":"https:\/\/tehnikabacko.rs\/?post_type=product&#038;p=10219"},"modified":"2025-06-01T20:02:01","modified_gmt":"2025-06-01T20:02:01","slug":"elektricna-busilica-sa-podesavanjem-obrtnog-momenta-vln-240","status":"publish","type":"product","link":"https:\/\/tehnikabacko.rs\/index.php\/product\/elektricna-busilica-sa-podesavanjem-obrtnog-momenta-vln-240\/","title":{"rendered":"Elektri\u010dna bu\u0161ilica sa pode\u0161avanjem obrtnog momenta VLN 240"},"content":{"rendered":"<table class=\"table product-attrbite-table\">\n<thead>\n<tr>\n<th>Karakteristika<\/th>\n<th>Vrednost<\/th>\n<\/tr>\n<\/thead>\n<tbody>\n<tr>\n<td>Kategorija<\/td>\n<td><a title=\"Bu\u0161ilice\" href=\"https:\/\/www.agromarket.rs\/busilice\">Bu\u0161ilice<\/a><\/td>\n<\/tr>\n<tr class=\"attr-table-product-weight\">\n<td>Te\u017eina pakovanja<\/td>\n<td>0.14 kg<\/td>\n<\/tr>\n<tr class=\"attr-brend\">\n<td>Brend<\/td>\n<td><a title=\"Villager\" href=\"https:\/\/www.agromarket.rs\/proizvodi\/brend-villager\">Villager<\/a><\/td>\n<\/tr>\n<tr class=\"attr-tip-elektromotora\">\n<td>Tip elektromotora<\/td>\n<td>Kolektorski<\/td>\n<\/tr>\n<tr class=\"attr-obrtni-moment\">\n<td>Obrtni moment<\/td>\n<td>12 Nm<\/td>\n<\/tr>\n<tr class=\"attr-napon\">\n<td>Napon<\/td>\n<td>230 V ~ 50 Hz<\/td>\n<\/tr>\n<tr class=\"attr-prihvat-alata\">\n<td>Prihvat alata<\/td>\n<td>Futer: 0.8 &#8211; 10 mm<\/td>\n<\/tr>\n<tr class=\"attr-prikljucna-snaga\">\n<td>Priklju\u010dna snaga<\/td>\n<td>240 W<\/td>\n<\/tr>\n<tr class=\"attr-broj-obrtaja-el-aku-uredjaji\">\n<td>Broj obrtaja &#8211; el.\/aku. ure\u0111aji<\/td>\n<td>0 &#8211; 750 rpm<\/td>\n<\/tr>\n<tr class=\"attr-kapacitet-busenja\">\n<td>Kapacitet bu\u0161enja<\/td>\n<td>drvo, \u010delik &#8211; 20 mm, 10 mm<\/td>\n<\/tr>\n<\/tbody>\n<\/table>\n","protected":false},"excerpt":{"rendered":"<p>Karakteristika Vrednost Kategorija Bu\u0161ilice Te\u017eina pakovanja 0.14 kg Brend Villager Tip elektromotora Kolektorski Obrtni moment 12 Nm Napon 230 V ~ 50 Hz Prihvat alata Futer: 0.8 &#8211; 10 mm Priklju\u010dna snaga 240 W Broj obrtaja &#8211; el.\/aku. ure\u0111aji 0 &#8211; 750 rpm Kapacitet bu\u0161enja drvo, \u010delik &#8211; 20 mm, 10 mm<\/p>\n","protected":false},"featured_media":10207,"comment_status":"open","ping_status":"closed","template":"","meta":{"inline_featured_image":false},"product_brand":[],"product_cat":[148,298,278,257],"product_tag":[],"class_list":{"0":"post-10219","1":"product","2":"type-product","3":"status-publish","4":"has-post-thumbnail","6":"product_cat-alati","7":"product_cat-busilica","8":"product_cat-elektricna-busilica","9":"product_cat-villager","11":"first","12":"instock","13":"shipping-taxable","14":"purchasable","15":"product-type-simple"},"_links":{"self":[{"href":"https:\/\/tehnikabacko.rs\/index.php\/wp-json\/wp\/v2\/product\/10219","targetHints":{"allow":["GET"]}}],"collection":[{"href":"https:\/\/tehnikabacko.rs\/index.php\/wp-json\/wp\/v2\/product"}],"about":[{"href":"https:\/\/tehnikabacko.rs\/index.php\/wp-json\/wp\/v2\/types\/product"}],"replies":[{"embeddable":true,"href":"https:\/\/tehnikabacko.rs\/index.php\/wp-json\/wp\/v2\/comments?post=10219"}],"wp:featuredmedia":[{"embeddable":true,"href":"https:\/\/tehnikabacko.rs\/index.php\/wp-json\/wp\/v2\/media\/10207"}],"wp:attachment":[{"href":"https:\/\/tehnikabacko.rs\/index.php\/wp-json\/wp\/v2\/media?parent=10219"}],"wp:term":[{"taxonomy":"product_brand","embeddable":true,"href":"https:\/\/tehnikabacko.rs\/index.php\/wp-json\/wp\/v2\/product_brand?post=10219"},{"taxonomy":"product_cat","embeddable":true,"href":"https:\/\/tehnikabacko.rs\/index.php\/wp-json\/wp\/v2\/product_cat?post=10219"},{"taxonomy":"product_tag","embeddable":true,"href":"https:\/\/tehnikabacko.rs\/index.php\/wp-json\/wp\/v2\/product_tag?post=10219"}],"curies":[{"name":"wp","href":"https:\/\/api.w.org\/{rel}","templated":true}]}}