{"id":10217,"date":"2023-11-11T10:14:15","date_gmt":"2023-11-11T10:14:15","guid":{"rendered":"https:\/\/tehnikabacko.rs\/?post_type=product&#038;p=10217"},"modified":"2025-06-02T05:44:13","modified_gmt":"2025-06-02T05:44:13","slug":"rucna-kruzna-testera-vln-185","status":"publish","type":"product","link":"https:\/\/tehnikabacko.rs\/index.php\/product\/rucna-kruzna-testera-vln-185\/","title":{"rendered":"Ru\u010dna kru\u017ena testera VLN 185"},"content":{"rendered":"<table class=\"table product-attrbite-table\">\n<thead>\n<tr>\n<th>Karakteristika<\/th>\n<th>Vrednost<\/th>\n<\/tr>\n<\/thead>\n<tbody>\n<tr>\n<td>Kategorija<\/td>\n<td><a title=\"Kru\u017ene testere\" href=\"https:\/\/www.agromarket.rs\/kruzne-testere\">Kru\u017ene testere<\/a><\/td>\n<\/tr>\n<tr class=\"attr-table-product-weight\">\n<td>Te\u017eina pakovanja<\/td>\n<td>5.35 kg<\/td>\n<\/tr>\n<tr class=\"attr-brend\">\n<td>Brend<\/td>\n<td><a title=\"Villager\" href=\"https:\/\/www.agromarket.rs\/proizvodi\/brend-villager\">Villager<\/a><\/td>\n<\/tr>\n<tr class=\"attr-tip-elektromotora\">\n<td>Tip elektromotora<\/td>\n<td>Kolektorski<\/td>\n<\/tr>\n<tr class=\"attr-napon\">\n<td>Napon<\/td>\n<td>230 V ~ 50 Hz<\/td>\n<\/tr>\n<tr class=\"attr-prikljucna-snaga\">\n<td>Priklju\u010dna snaga<\/td>\n<td>1500 W<\/td>\n<\/tr>\n<tr class=\"attr-broj-obrtaja-el-aku-uredjaji\">\n<td>Broj obrtaja &#8211; el.\/aku. ure\u0111aji<\/td>\n<td>5800 rpm<\/td>\n<\/tr>\n<tr class=\"attr-dubina-reza\">\n<td>Dubina reza<\/td>\n<td>65 mm (90\u00b0) \/ 43 mm (45\u00b0)<\/td>\n<\/tr>\n<tr class=\"attr-spoljasnjiunutrasnji-precnik-diska\">\n<td>Spolja\u0161nji\/unutra\u0161nji pre\u010dnik diska<\/td>\n<td>185 mm \/ 16 mm<\/td>\n<\/tr>\n<\/tbody>\n<\/table>\n","protected":false},"excerpt":{"rendered":"<p>Karakteristika Vrednost Kategorija Kru\u017ene testere Te\u017eina pakovanja 5.35 kg Brend Villager Tip elektromotora Kolektorski Napon 230 V ~ 50 Hz Priklju\u010dna snaga 1500 W Broj obrtaja &#8211; el.\/aku. ure\u0111aji 5800 rpm Dubina reza 65 mm (90\u00b0) \/ 43 mm (45\u00b0) Spolja\u0161nji\/unutra\u0161nji pre\u010dnik diska 185 mm \/ 16 mm<\/p>\n","protected":false},"featured_media":10210,"comment_status":"open","ping_status":"closed","template":"","meta":{"inline_featured_image":false},"product_brand":[],"product_cat":[148,293,150,295,287,257],"product_tag":[],"class_list":{"0":"post-10217","1":"product","2":"type-product","3":"status-publish","4":"has-post-thumbnail","6":"product_cat-alati","7":"product_cat-cirkulari","8":"product_cat-rucni-alati","9":"product_cat-rucni-cikulari","10":"product_cat-testere","11":"product_cat-villager","13":"first","14":"instock","15":"shipping-taxable","16":"purchasable","17":"product-type-simple"},"_links":{"self":[{"href":"https:\/\/tehnikabacko.rs\/index.php\/wp-json\/wp\/v2\/product\/10217","targetHints":{"allow":["GET"]}}],"collection":[{"href":"https:\/\/tehnikabacko.rs\/index.php\/wp-json\/wp\/v2\/product"}],"about":[{"href":"https:\/\/tehnikabacko.rs\/index.php\/wp-json\/wp\/v2\/types\/product"}],"replies":[{"embeddable":true,"href":"https:\/\/tehnikabacko.rs\/index.php\/wp-json\/wp\/v2\/comments?post=10217"}],"wp:featuredmedia":[{"embeddable":true,"href":"https:\/\/tehnikabacko.rs\/index.php\/wp-json\/wp\/v2\/media\/10210"}],"wp:attachment":[{"href":"https:\/\/tehnikabacko.rs\/index.php\/wp-json\/wp\/v2\/media?parent=10217"}],"wp:term":[{"taxonomy":"product_brand","embeddable":true,"href":"https:\/\/tehnikabacko.rs\/index.php\/wp-json\/wp\/v2\/product_brand?post=10217"},{"taxonomy":"product_cat","embeddable":true,"href":"https:\/\/tehnikabacko.rs\/index.php\/wp-json\/wp\/v2\/product_cat?post=10217"},{"taxonomy":"product_tag","embeddable":true,"href":"https:\/\/tehnikabacko.rs\/index.php\/wp-json\/wp\/v2\/product_tag?post=10217"}],"curies":[{"name":"wp","href":"https:\/\/api.w.org\/{rel}","templated":true}]}}