{"id":10203,"date":"2023-10-10T14:06:05","date_gmt":"2023-10-10T14:06:05","guid":{"rendered":"https:\/\/tehnikabacko.rs\/?post_type=product&#038;p=10203"},"modified":"2025-06-02T02:28:37","modified_gmt":"2025-06-02T02:28:37","slug":"masine-za-susenje-vesa","status":"publish","type":"product","link":"https:\/\/tehnikabacko.rs\/index.php\/product\/masine-za-susenje-vesa\/","title":{"rendered":"Ma\u0161ine za su\u0161enje ve\u0161a"},"content":{"rendered":"<ul class=\"details-list details-list-product\">\n<li><span class=\"detail-title\">aziv proizvoda \/ Kod<\/span>NDEH10A2TSBEXS-S<\/li>\n<li><span class=\"detail-title\">\u0160ifra proizvoda<\/span>31102197<\/li>\n<li><span class=\"detail-title\">Bar kod<\/span>8059019024936<\/li>\n<li><span class=\"detail-title\">Vrsta ma\u0161ine<\/span>Toplotna pumpa<\/li>\n<li><span class=\"detail-title\">Ugradna \/ Samostoje\u0107a<\/span>Samostoje\u0107a<\/li>\n<li><span class=\"detail-title\">Kapacitet pamuka (kg)<\/span>10<\/li>\n<\/ul>\n","protected":false},"excerpt":{"rendered":"<p>aziv proizvoda \/ KodNDEH10A2TSBEXS-S \u0160ifra proizvoda31102197 Bar kod8059019024936 Vrsta ma\u0161ineToplotna pumpa Ugradna \/ Samostoje\u0107aSamostoje\u0107a Kapacitet pamuka (kg)10<\/p>\n","protected":false},"featured_media":10185,"comment_status":"open","ping_status":"closed","template":"","meta":{"inline_featured_image":false},"product_brand":[],"product_cat":[332],"product_tag":[],"class_list":{"0":"post-10203","1":"product","2":"type-product","3":"status-publish","4":"has-post-thumbnail","6":"product_cat-susilica-za-ves","8":"first","9":"instock","10":"shipping-taxable","11":"purchasable","12":"product-type-simple"},"_links":{"self":[{"href":"https:\/\/tehnikabacko.rs\/index.php\/wp-json\/wp\/v2\/product\/10203","targetHints":{"allow":["GET"]}}],"collection":[{"href":"https:\/\/tehnikabacko.rs\/index.php\/wp-json\/wp\/v2\/product"}],"about":[{"href":"https:\/\/tehnikabacko.rs\/index.php\/wp-json\/wp\/v2\/types\/product"}],"replies":[{"embeddable":true,"href":"https:\/\/tehnikabacko.rs\/index.php\/wp-json\/wp\/v2\/comments?post=10203"}],"wp:featuredmedia":[{"embeddable":true,"href":"https:\/\/tehnikabacko.rs\/index.php\/wp-json\/wp\/v2\/media\/10185"}],"wp:attachment":[{"href":"https:\/\/tehnikabacko.rs\/index.php\/wp-json\/wp\/v2\/media?parent=10203"}],"wp:term":[{"taxonomy":"product_brand","embeddable":true,"href":"https:\/\/tehnikabacko.rs\/index.php\/wp-json\/wp\/v2\/product_brand?post=10203"},{"taxonomy":"product_cat","embeddable":true,"href":"https:\/\/tehnikabacko.rs\/index.php\/wp-json\/wp\/v2\/product_cat?post=10203"},{"taxonomy":"product_tag","embeddable":true,"href":"https:\/\/tehnikabacko.rs\/index.php\/wp-json\/wp\/v2\/product_tag?post=10203"}],"curies":[{"name":"wp","href":"https:\/\/api.w.org\/{rel}","templated":true}]}}