{"id":10199,"date":"2023-10-10T13:59:35","date_gmt":"2023-10-10T13:59:35","guid":{"rendered":"https:\/\/tehnikabacko.rs\/?post_type=product&#038;p=10199"},"modified":"2025-06-02T21:31:27","modified_gmt":"2025-06-02T21:31:27","slug":"zacinski-set-12-1-br-2004","status":"publish","type":"product","link":"https:\/\/tehnikabacko.rs\/index.php\/product\/zacinski-set-12-1-br-2004\/","title":{"rendered":"Za\u010dinski set 12\/1 BR-2004"},"content":{"rendered":"<p><em><strong>Za\u010dinski set 12\/1\u00a0BR-2004<\/strong><\/em><\/p>\n<ul>\n<li>Rotiraju\u0107i stalak za za\u010dine sa 12 providnih posuda<\/li>\n<li>Dimenzije seta: visina 22cm, pre\u010dnik 16cm<\/li>\n<li>Dimenzije jedne posude za za\u010dine: 4.2&#215;9.5cm<\/li>\n<\/ul>\n","protected":false},"excerpt":{"rendered":"<p>Za\u010dinski set 12\/1\u00a0BR-2004 Rotiraju\u0107i stalak za za\u010dine sa 12 providnih posuda Dimenzije seta: visina 22cm, pre\u010dnik 16cm Dimenzije jedne posude za za\u010dine: 4.2&#215;9.5cm<\/p>\n","protected":false},"featured_media":10188,"comment_status":"open","ping_status":"closed","template":"","meta":{"inline_featured_image":false},"product_brand":[],"product_cat":[327],"product_tag":[],"class_list":{"0":"post-10199","1":"product","2":"type-product","3":"status-publish","4":"has-post-thumbnail","6":"product_cat-posudje","8":"first","9":"instock","10":"shipping-taxable","11":"purchasable","12":"product-type-simple"},"_links":{"self":[{"href":"https:\/\/tehnikabacko.rs\/index.php\/wp-json\/wp\/v2\/product\/10199","targetHints":{"allow":["GET"]}}],"collection":[{"href":"https:\/\/tehnikabacko.rs\/index.php\/wp-json\/wp\/v2\/product"}],"about":[{"href":"https:\/\/tehnikabacko.rs\/index.php\/wp-json\/wp\/v2\/types\/product"}],"replies":[{"embeddable":true,"href":"https:\/\/tehnikabacko.rs\/index.php\/wp-json\/wp\/v2\/comments?post=10199"}],"wp:featuredmedia":[{"embeddable":true,"href":"https:\/\/tehnikabacko.rs\/index.php\/wp-json\/wp\/v2\/media\/10188"}],"wp:attachment":[{"href":"https:\/\/tehnikabacko.rs\/index.php\/wp-json\/wp\/v2\/media?parent=10199"}],"wp:term":[{"taxonomy":"product_brand","embeddable":true,"href":"https:\/\/tehnikabacko.rs\/index.php\/wp-json\/wp\/v2\/product_brand?post=10199"},{"taxonomy":"product_cat","embeddable":true,"href":"https:\/\/tehnikabacko.rs\/index.php\/wp-json\/wp\/v2\/product_cat?post=10199"},{"taxonomy":"product_tag","embeddable":true,"href":"https:\/\/tehnikabacko.rs\/index.php\/wp-json\/wp\/v2\/product_tag?post=10199"}],"curies":[{"name":"wp","href":"https:\/\/api.w.org\/{rel}","templated":true}]}}