{"id":10191,"date":"2023-10-10T13:50:08","date_gmt":"2023-10-10T13:50:08","guid":{"rendered":"https:\/\/tehnikabacko.rs\/?post_type=product&#038;p=10191"},"modified":"2023-10-10T13:50:08","modified_gmt":"2023-10-10T13:50:08","slug":"keramicka-cinija-br-87","status":"publish","type":"product","link":"https:\/\/tehnikabacko.rs\/index.php\/product\/keramicka-cinija-br-87\/","title":{"rendered":"Kerami\u010dka \u010dinija BR-87"},"content":{"rendered":"<p>Glazirana zemljana \u010dinija BR 87 sa poklopcem\u00a0za pripremanje hrane na prirodan na\u010din. Kerami\u010dka \u010dinija BR-87 \u00a0je oslikana cvetnim motivom i glazirana. Odli\u010dan izbor pri spravljanju jela kao \u0161to su \u0111uve\u010di i prebranac. Kerami\u010dka \u010dinija BR-87\u00a0se\u00a0mo\u017ee\u00a0koristiti\u00a0u\u00a0svim\u00a0tipovima\u00a0rerne.<\/p>\n","protected":false},"excerpt":{"rendered":"<p>Glazirana zemljana \u010dinija BR 87 sa poklopcem\u00a0za pripremanje hrane na prirodan na\u010din. Kerami\u010dka \u010dinija BR-87 \u00a0je oslikana cvetnim motivom i glazirana. Odli\u010dan izbor pri spravljanju jela kao \u0161to su \u0111uve\u010di i prebranac. Kerami\u010dka \u010dinija BR-87\u00a0se\u00a0mo\u017ee\u00a0koristiti\u00a0u\u00a0svim\u00a0tipovima\u00a0rerne.<\/p>\n","protected":false},"featured_media":10182,"comment_status":"open","ping_status":"closed","template":"","meta":{"inline_featured_image":false},"product_brand":[],"product_cat":[329],"product_tag":[],"class_list":{"0":"post-10191","1":"product","2":"type-product","3":"status-publish","4":"has-post-thumbnail","6":"product_cat-cinije","8":"first","9":"instock","10":"shipping-taxable","11":"purchasable","12":"product-type-simple"},"_links":{"self":[{"href":"https:\/\/tehnikabacko.rs\/index.php\/wp-json\/wp\/v2\/product\/10191","targetHints":{"allow":["GET"]}}],"collection":[{"href":"https:\/\/tehnikabacko.rs\/index.php\/wp-json\/wp\/v2\/product"}],"about":[{"href":"https:\/\/tehnikabacko.rs\/index.php\/wp-json\/wp\/v2\/types\/product"}],"replies":[{"embeddable":true,"href":"https:\/\/tehnikabacko.rs\/index.php\/wp-json\/wp\/v2\/comments?post=10191"}],"wp:featuredmedia":[{"embeddable":true,"href":"https:\/\/tehnikabacko.rs\/index.php\/wp-json\/wp\/v2\/media\/10182"}],"wp:attachment":[{"href":"https:\/\/tehnikabacko.rs\/index.php\/wp-json\/wp\/v2\/media?parent=10191"}],"wp:term":[{"taxonomy":"product_brand","embeddable":true,"href":"https:\/\/tehnikabacko.rs\/index.php\/wp-json\/wp\/v2\/product_brand?post=10191"},{"taxonomy":"product_cat","embeddable":true,"href":"https:\/\/tehnikabacko.rs\/index.php\/wp-json\/wp\/v2\/product_cat?post=10191"},{"taxonomy":"product_tag","embeddable":true,"href":"https:\/\/tehnikabacko.rs\/index.php\/wp-json\/wp\/v2\/product_tag?post=10191"}],"curies":[{"name":"wp","href":"https:\/\/api.w.org\/{rel}","templated":true}]}}