{"id":10179,"date":"2023-10-10T13:46:37","date_gmt":"2023-10-10T13:46:37","guid":{"rendered":"https:\/\/tehnikabacko.rs\/?post_type=product&#038;p=10179"},"modified":"2025-06-07T05:03:43","modified_gmt":"2025-06-07T05:03:43","slug":"set-serpi-fg-haus-10-1-br-285","status":"publish","type":"product","link":"https:\/\/tehnikabacko.rs\/index.php\/product\/set-serpi-fg-haus-10-1-br-285\/","title":{"rendered":"SET \u0160ERPI FG-HAUS 10-1 BR-285"},"content":{"rendered":"<p>Opis \u2013<br \/>\nSet \u0161erpi FG-HAUS 10-1 BR-285<br \/>\nSet \u0161erpi BR-285 izra\u0111en od legure hrom\/nikla 18\/10 garantuje zdravo, lako i brzo pripremanje jela, kao i odr\u017eavanje. Sastoji se iz 5 posuda sa staklenim poklopcima.<\/p>\n<p>Karakteristike \u2013 Set \u0161erpi 10-1 BR-285<br \/>\nNer\u0111aju\u0107i \u010delik 18\/10<br \/>\nMetalni poklopci i dr\u0161ke<\/p>\n<p>Kapacitet serpi : 1.8 \/ 2.6 \/ 3.4 \/ 4.6 \/ 6 L<\/p>\n","protected":false},"excerpt":{"rendered":"<p>Opis \u2013 Set \u0161erpi FG-HAUS 10-1 BR-285 Set \u0161erpi BR-285 izra\u0111en od legure hrom\/nikla 18\/10 garantuje zdravo, lako i brzo pripremanje jela, kao i odr\u017eavanje. Sastoji se iz 5 posuda sa staklenim poklopcima. Karakteristike \u2013 Set \u0161erpi 10-1 BR-285 Ner\u0111aju\u0107i \u010delik 18\/10 Metalni poklopci i dr\u0161ke Kapacitet serpi : 1.8 \/ 2.6 \/ 3.4 \/ [&hellip;]<\/p>\n","protected":false},"featured_media":10180,"comment_status":"open","ping_status":"closed","template":"","meta":{"inline_featured_image":false},"product_brand":[],"product_cat":[327,328],"product_tag":[],"class_list":{"0":"post-10179","1":"product","2":"type-product","3":"status-publish","4":"has-post-thumbnail","6":"product_cat-posudje","7":"product_cat-serpe","9":"first","10":"instock","11":"shipping-taxable","12":"purchasable","13":"product-type-simple"},"_links":{"self":[{"href":"https:\/\/tehnikabacko.rs\/index.php\/wp-json\/wp\/v2\/product\/10179","targetHints":{"allow":["GET"]}}],"collection":[{"href":"https:\/\/tehnikabacko.rs\/index.php\/wp-json\/wp\/v2\/product"}],"about":[{"href":"https:\/\/tehnikabacko.rs\/index.php\/wp-json\/wp\/v2\/types\/product"}],"replies":[{"embeddable":true,"href":"https:\/\/tehnikabacko.rs\/index.php\/wp-json\/wp\/v2\/comments?post=10179"}],"wp:featuredmedia":[{"embeddable":true,"href":"https:\/\/tehnikabacko.rs\/index.php\/wp-json\/wp\/v2\/media\/10180"}],"wp:attachment":[{"href":"https:\/\/tehnikabacko.rs\/index.php\/wp-json\/wp\/v2\/media?parent=10179"}],"wp:term":[{"taxonomy":"product_brand","embeddable":true,"href":"https:\/\/tehnikabacko.rs\/index.php\/wp-json\/wp\/v2\/product_brand?post=10179"},{"taxonomy":"product_cat","embeddable":true,"href":"https:\/\/tehnikabacko.rs\/index.php\/wp-json\/wp\/v2\/product_cat?post=10179"},{"taxonomy":"product_tag","embeddable":true,"href":"https:\/\/tehnikabacko.rs\/index.php\/wp-json\/wp\/v2\/product_tag?post=10179"}],"curies":[{"name":"wp","href":"https:\/\/api.w.org\/{rel}","templated":true}]}}