{"id":10171,"date":"2023-03-03T16:41:01","date_gmt":"2023-03-03T16:41:01","guid":{"rendered":"https:\/\/tehnikabacko.rs\/?post_type=product&#038;p=10171"},"modified":"2023-03-03T16:41:01","modified_gmt":"2023-03-03T16:41:01","slug":"machtig-elektricna-kosilica-za-travu-mac-450","status":"publish","type":"product","link":"https:\/\/tehnikabacko.rs\/index.php\/product\/machtig-elektricna-kosilica-za-travu-mac-450\/","title":{"rendered":"MACHTIG Elektri\u010dna kosilica za travu MAC-450"},"content":{"rendered":"<p>MACHTIG Elektri\u010dna kosilica za travu MAC-450<\/p>\n<p>INDUKCIONI MOTOR<\/p>\n<p>Maksimalna snaga 1600W<\/p>\n<p>Ma\u010d\/se\u010divo pre\u010dnik 32 cm<\/p>\n<p>3 nivoa se\u010denja trave<\/p>\n<p>Ru\u010dka za lak\u0161e preno\u0161enje kosilice<\/p>\n<p>3000 obrtaja\/minuti<\/p>\n<p>Uklonivi sakuplja\u010d trave<\/p>\n<p>Dr\u017ea\u010d kabla<\/p>\n<p>Sakuplja\u010d trave\u00a0zapremine 35l.<\/p>\n","protected":false},"excerpt":{"rendered":"<p>MACHTIG Elektri\u010dna kosilica za travu MAC-450 INDUKCIONI MOTOR Maksimalna snaga 1600W Ma\u010d\/se\u010divo pre\u010dnik 32 cm 3 nivoa se\u010denja trave Ru\u010dka za lak\u0161e preno\u0161enje kosilice 3000 obrtaja\/minuti Uklonivi sakuplja\u010d trave Dr\u017ea\u010d kabla Sakuplja\u010d trave\u00a0zapremine 35l.<\/p>\n","protected":false},"featured_media":10172,"comment_status":"open","ping_status":"closed","template":"","meta":{"inline_featured_image":false},"product_brand":[],"product_cat":[271,244],"product_tag":[],"class_list":{"0":"post-10171","1":"product","2":"type-product","3":"status-publish","4":"has-post-thumbnail","6":"product_cat-elektricna-kosilica","7":"product_cat-kosacice","9":"first","10":"instock","11":"sale","12":"shipping-taxable","13":"purchasable","14":"product-type-simple"},"_links":{"self":[{"href":"https:\/\/tehnikabacko.rs\/index.php\/wp-json\/wp\/v2\/product\/10171","targetHints":{"allow":["GET"]}}],"collection":[{"href":"https:\/\/tehnikabacko.rs\/index.php\/wp-json\/wp\/v2\/product"}],"about":[{"href":"https:\/\/tehnikabacko.rs\/index.php\/wp-json\/wp\/v2\/types\/product"}],"replies":[{"embeddable":true,"href":"https:\/\/tehnikabacko.rs\/index.php\/wp-json\/wp\/v2\/comments?post=10171"}],"wp:featuredmedia":[{"embeddable":true,"href":"https:\/\/tehnikabacko.rs\/index.php\/wp-json\/wp\/v2\/media\/10172"}],"wp:attachment":[{"href":"https:\/\/tehnikabacko.rs\/index.php\/wp-json\/wp\/v2\/media?parent=10171"}],"wp:term":[{"taxonomy":"product_brand","embeddable":true,"href":"https:\/\/tehnikabacko.rs\/index.php\/wp-json\/wp\/v2\/product_brand?post=10171"},{"taxonomy":"product_cat","embeddable":true,"href":"https:\/\/tehnikabacko.rs\/index.php\/wp-json\/wp\/v2\/product_cat?post=10171"},{"taxonomy":"product_tag","embeddable":true,"href":"https:\/\/tehnikabacko.rs\/index.php\/wp-json\/wp\/v2\/product_tag?post=10171"}],"curies":[{"name":"wp","href":"https:\/\/api.w.org\/{rel}","templated":true}]}}