{"id":10165,"date":"2023-03-03T16:33:41","date_gmt":"2023-03-03T16:33:41","guid":{"rendered":"https:\/\/tehnikabacko.rs\/?post_type=product&#038;p=10165"},"modified":"2023-03-03T16:33:41","modified_gmt":"2023-03-03T16:33:41","slug":"motorna-kosacica-villager-atlas-5001-b","status":"publish","type":"product","link":"https:\/\/tehnikabacko.rs\/index.php\/product\/motorna-kosacica-villager-atlas-5001-b\/","title":{"rendered":"Motorna kosa\u010dica Villager Atlas 5001 B"},"content":{"rendered":"<table class=\"table product-attrbite-table\">\n<thead>\n<tr>\n<th>Karakteristika<\/th>\n<th>Vrednost<\/th>\n<\/tr>\n<\/thead>\n<tbody>\n<tr>\n<td>Kategorija<\/td>\n<td><a title=\"Motorne kosa\u010dice\" href=\"https:\/\/www.agromarket.rs\/motorne-kosacice\/\">Motorne kosa\u010dice<\/a><\/td>\n<\/tr>\n<tr class=\"attr-table-product-weight\">\n<td>Te\u017eina pakovanja<\/td>\n<td>24 kg<\/td>\n<\/tr>\n<tr class=\"attr-tip-motora\">\n<td>Tip motora<\/td>\n<td>B&amp;S 450 E OHV<\/td>\n<\/tr>\n<tr class=\"attr-brend\">\n<td>Brend<\/td>\n<td><a title=\"Villager\" href=\"https:\/\/www.agromarket.rs\/proizvodi\/brend-villager\">Villager<\/a><\/td>\n<\/tr>\n<tr class=\"attr-snaga-motora\">\n<td>Snaga motora<\/td>\n<td>1.7 kW<\/td>\n<\/tr>\n<tr class=\"attr-zapremina-motora\">\n<td>Zapremina motora<\/td>\n<td>125 cm\u00b3<\/td>\n<\/tr>\n<tr class=\"attr-broj-obrtaja\">\n<td>Broj obrtaja<\/td>\n<td>2800 rpm<\/td>\n<\/tr>\n<tr class=\"attr-povrsina-kosenja\">\n<td>Povr\u0161ina ko\u0161enja<\/td>\n<td>1100 m\u00b2<\/td>\n<\/tr>\n<tr class=\"attr-sirina-kosenja\">\n<td>\u0160irina ko\u0161enja<\/td>\n<td>501 mm<\/td>\n<\/tr>\n<tr class=\"attr-visina-kosenja\">\n<td>Visina ko\u0161enja<\/td>\n<td>30 &#8211; 70 mm (3 nivoa)<\/td>\n<\/tr>\n<tr class=\"attr-tip-pogona\">\n<td>Tip pogona<\/td>\n<td>Guraju\u0107i<\/td>\n<\/tr>\n<tr class=\"attr-precnik-tocka-prednjizadnji\">\n<td>Pre\u010dnik to\u010dka (prednji\/zadnji)<\/td>\n<td><a title=\"178 mm \/ 178 mm\" href=\"https:\/\/www.agromarket.rs\/proizvodi\/precnik-tocka-prednjizadnji-178-mm-178-mm\">178 mm \/ 178 mm<\/a><\/td>\n<\/tr>\n<tr class=\"attr-tip-kucista\">\n<td>Tip ku\u0107i\u0161ta<\/td>\n<td>\u010celi\u010dno<\/td>\n<\/tr>\n<\/tbody>\n<\/table>\n","protected":false},"excerpt":{"rendered":"<p>Karakteristika Vrednost Kategorija Motorne kosa\u010dice Te\u017eina pakovanja 24 kg Tip motora B&amp;S 450 E OHV Brend Villager Snaga motora 1.7 kW Zapremina motora 125 cm\u00b3 Broj obrtaja 2800 rpm Povr\u0161ina ko\u0161enja 1100 m\u00b2 \u0160irina ko\u0161enja 501 mm Visina ko\u0161enja 30 &#8211; 70 mm (3 nivoa) Tip pogona Guraju\u0107i Pre\u010dnik to\u010dka (prednji\/zadnji) 178 mm \/ 178 [&hellip;]<\/p>\n","protected":false},"featured_media":10166,"comment_status":"open","ping_status":"closed","template":"","meta":{"inline_featured_image":false},"product_brand":[],"product_cat":[244,272],"product_tag":[],"class_list":{"0":"post-10165","1":"product","2":"type-product","3":"status-publish","4":"has-post-thumbnail","6":"product_cat-kosacice","7":"product_cat-motorna-kosilica","9":"first","10":"instock","11":"sale","12":"shipping-taxable","13":"purchasable","14":"product-type-simple"},"_links":{"self":[{"href":"https:\/\/tehnikabacko.rs\/index.php\/wp-json\/wp\/v2\/product\/10165","targetHints":{"allow":["GET"]}}],"collection":[{"href":"https:\/\/tehnikabacko.rs\/index.php\/wp-json\/wp\/v2\/product"}],"about":[{"href":"https:\/\/tehnikabacko.rs\/index.php\/wp-json\/wp\/v2\/types\/product"}],"replies":[{"embeddable":true,"href":"https:\/\/tehnikabacko.rs\/index.php\/wp-json\/wp\/v2\/comments?post=10165"}],"wp:featuredmedia":[{"embeddable":true,"href":"https:\/\/tehnikabacko.rs\/index.php\/wp-json\/wp\/v2\/media\/10166"}],"wp:attachment":[{"href":"https:\/\/tehnikabacko.rs\/index.php\/wp-json\/wp\/v2\/media?parent=10165"}],"wp:term":[{"taxonomy":"product_brand","embeddable":true,"href":"https:\/\/tehnikabacko.rs\/index.php\/wp-json\/wp\/v2\/product_brand?post=10165"},{"taxonomy":"product_cat","embeddable":true,"href":"https:\/\/tehnikabacko.rs\/index.php\/wp-json\/wp\/v2\/product_cat?post=10165"},{"taxonomy":"product_tag","embeddable":true,"href":"https:\/\/tehnikabacko.rs\/index.php\/wp-json\/wp\/v2\/product_tag?post=10165"}],"curies":[{"name":"wp","href":"https:\/\/api.w.org\/{rel}","templated":true}]}}