{"id":10163,"date":"2023-03-03T16:31:59","date_gmt":"2023-03-03T16:31:59","guid":{"rendered":"https:\/\/tehnikabacko.rs\/?post_type=product&#038;p=10163"},"modified":"2025-06-01T06:13:12","modified_gmt":"2025-06-01T06:13:12","slug":"elektricna-kosacica-agm-1000","status":"publish","type":"product","link":"https:\/\/tehnikabacko.rs\/index.php\/product\/elektricna-kosacica-agm-1000\/","title":{"rendered":"Elektri\u010dna kosa\u010dica AGM 1000"},"content":{"rendered":"<table class=\"table product-attrbite-table\">\n<thead>\n<tr>\n<th>Karakteristika<\/th>\n<th>Vrednost<\/th>\n<\/tr>\n<\/thead>\n<tbody>\n<tr>\n<td>Kategorija<\/td>\n<td><a title=\"Elektri\u010dne kosa\u010dice\" href=\"https:\/\/www.agromarket.rs\/elektricne-kosacice\/\">Elektri\u010dne kosa\u010dice<\/a><\/td>\n<\/tr>\n<tr class=\"attr-table-product-weight\">\n<td>Te\u017eina pakovanja<\/td>\n<td>10.98 kg<\/td>\n<\/tr>\n<tr class=\"attr-brend\">\n<td>Brend<\/td>\n<td><a title=\"Agm\" href=\"https:\/\/www.agromarket.rs\/proizvodi\/brend-agm\">Agm<\/a><\/td>\n<\/tr>\n<tr class=\"attr-tip-elektromotora\">\n<td>Tip elektromotora<\/td>\n<td>Indukcioni elektromotor<\/td>\n<\/tr>\n<tr class=\"attr-napon\">\n<td>Napon<\/td>\n<td>230 V ~ 50 Hz<\/td>\n<\/tr>\n<tr class=\"attr-prikljucna-snaga\">\n<td>Priklju\u010dna snaga<\/td>\n<td>1000 W<\/td>\n<\/tr>\n<tr class=\"attr-povrsina-kosenja\">\n<td>Povr\u0161ina ko\u0161enja<\/td>\n<td>300 m\u00b2<\/td>\n<\/tr>\n<tr class=\"attr-sirina-kosenja\">\n<td>\u0160irina ko\u0161enja<\/td>\n<td>305 mm<\/td>\n<\/tr>\n<tr class=\"attr-visina-kosenja\">\n<td>Visina ko\u0161enja<\/td>\n<td>25 &#8211; 55 mm (3 nivoa)<\/td>\n<\/tr>\n<tr class=\"attr-tip-pogona\">\n<td>Tip pogona<\/td>\n<td>Guraju\u0107i<\/td>\n<\/tr>\n<tr class=\"attr-precnik-tocka-prednjizadnji\">\n<td>Pre\u010dnik to\u010dka (prednji\/zadnji)<\/td>\n<td><a title=\"140 mm \/ 140 mm\" href=\"https:\/\/www.agromarket.rs\/proizvodi\/precnik-tocka-prednjizadnji-140-mm-140-mm\">140 mm \/ 140 mm<\/a><\/td>\n<\/tr>\n<tr class=\"attr-kapacitet-sakupljaca\">\n<td>Kapacitet sakuplja\u010da<\/td>\n<td>35 l<\/td>\n<\/tr>\n<tr class=\"attr-tip-kucista\">\n<td>Tip ku\u0107i\u0161ta<\/td>\n<td>Polipropilensko<\/td>\n<\/tr>\n<\/tbody>\n<\/table>\n","protected":false},"excerpt":{"rendered":"<p>Karakteristika Vrednost Kategorija Elektri\u010dne kosa\u010dice Te\u017eina pakovanja 10.98 kg Brend Agm Tip elektromotora Indukcioni elektromotor Napon 230 V ~ 50 Hz Priklju\u010dna snaga 1000 W Povr\u0161ina ko\u0161enja 300 m\u00b2 \u0160irina ko\u0161enja 305 mm Visina ko\u0161enja 25 &#8211; 55 mm (3 nivoa) Tip pogona Guraju\u0107i Pre\u010dnik to\u010dka (prednji\/zadnji) 140 mm \/ 140 mm Kapacitet sakuplja\u010da 35 [&hellip;]<\/p>\n","protected":false},"featured_media":10164,"comment_status":"open","ping_status":"closed","template":"","meta":{"inline_featured_image":false},"product_brand":[],"product_cat":[271,244],"product_tag":[],"class_list":{"0":"post-10163","1":"product","2":"type-product","3":"status-publish","4":"has-post-thumbnail","6":"product_cat-elektricna-kosilica","7":"product_cat-kosacice","9":"first","10":"instock","11":"sale","12":"shipping-taxable","13":"purchasable","14":"product-type-simple"},"_links":{"self":[{"href":"https:\/\/tehnikabacko.rs\/index.php\/wp-json\/wp\/v2\/product\/10163","targetHints":{"allow":["GET"]}}],"collection":[{"href":"https:\/\/tehnikabacko.rs\/index.php\/wp-json\/wp\/v2\/product"}],"about":[{"href":"https:\/\/tehnikabacko.rs\/index.php\/wp-json\/wp\/v2\/types\/product"}],"replies":[{"embeddable":true,"href":"https:\/\/tehnikabacko.rs\/index.php\/wp-json\/wp\/v2\/comments?post=10163"}],"wp:featuredmedia":[{"embeddable":true,"href":"https:\/\/tehnikabacko.rs\/index.php\/wp-json\/wp\/v2\/media\/10164"}],"wp:attachment":[{"href":"https:\/\/tehnikabacko.rs\/index.php\/wp-json\/wp\/v2\/media?parent=10163"}],"wp:term":[{"taxonomy":"product_brand","embeddable":true,"href":"https:\/\/tehnikabacko.rs\/index.php\/wp-json\/wp\/v2\/product_brand?post=10163"},{"taxonomy":"product_cat","embeddable":true,"href":"https:\/\/tehnikabacko.rs\/index.php\/wp-json\/wp\/v2\/product_cat?post=10163"},{"taxonomy":"product_tag","embeddable":true,"href":"https:\/\/tehnikabacko.rs\/index.php\/wp-json\/wp\/v2\/product_tag?post=10163"}],"curies":[{"name":"wp","href":"https:\/\/api.w.org\/{rel}","templated":true}]}}