{"id":10150,"date":"2022-12-17T08:45:30","date_gmt":"2022-12-17T08:45:30","guid":{"rendered":"https:\/\/tehnikabacko.rs\/?post_type=product&#038;p=10150"},"modified":"2025-06-02T12:07:31","modified_gmt":"2025-06-02T12:07:31","slug":"punjac-za-akumulatore-vcb-18-s-villager","status":"publish","type":"product","link":"https:\/\/tehnikabacko.rs\/index.php\/product\/punjac-za-akumulatore-vcb-18-s-villager\/","title":{"rendered":"PUNJA\u010c ZA AKUMULATORE VCB 18 S VILLAGER"},"content":{"rendered":"<h2>Opis<\/h2>\n<h4>Punja\u010d za akumulatore VCB 18 S Villager<\/h4>\n<p>Punja\u010d za akumulatore VCB 18 S Villager je pogodan za sve 12 V\/ 24 V akumulatore u benzinskim i dizel motorima u automobilima i kombijima. Punja\u010d za akumulatore VCB 18 S Villager poseduje osigura\u010d 30 A i rezervni osigura\u010d ( tako\u0111e 30 A).<\/p>\n<p>Kontinualna struja punjenja od 10 A, maksimalna struja punjena od 14 A, optere\u0107enje 180\/310 W i kapacitet punjena 60 Ah \u2013 150 Ah, \u010dine Punja\u010d za akumulatore VCB 18 S Villager idealnim za poslove punjenja srednjeg inteziteta. Mala masa od svega 8.5 kg i mala veli\u010dina\u00a0<a href=\"https:\/\/fismbalati.com\/product-tag\/punjaci-za-akumulatore\/\">punja\u010da<\/a>\u00a0za akumulatore VCB 18 S Villager olak\u0161a\u0107e vam kori\u0161\u0107enje i osloboditi vi\u0161e radnog prostora.<\/p>\n<p>Kao i pri rukovanju sa drugim ure\u0111ajima i sa punja\u010dem za baterije VCB 18 S\u00a0<a href=\"https:\/\/www.villager.rs\/\" target=\"_blank\" rel=\"noopener noreferrer\">Villager<\/a>\u00a0morate se pridr\u017eavati osnovnih pravila. Dobro je znati da brzina punjenja baterija zavisi od ja\u010dine punja\u010da, \u0161to je ja\u010di punja\u010d to je br\u017ee punjenje baterije akumulatora. Primer: 10 sati punjena je potrebno punja\u010du 6 Ah da napuni akumulator bateriju od 60 Ah. Ne izla\u017eite punja\u010d snegu ili ki\u0161i. Po\u017eeljno je da imate fla\u0161u vode i sapun na dohvat ruke zbog kiseline iz baterije u slu\u010daju kontakta sa ko\u017eom, a u slu\u010daju kontakta sa o\u010dima, hitno posetite lekara.<\/p>\n<p>Nosite kompletnu za\u0161titnu opremu, izbegavajte dodirivanje o\u010diju dok radite u blizini baterije. Pri radu sa punja\u010dem ne nosite narukvice, lance, satove i sli\u010dno. Punja\u010d pri radu mo\u017ee proizvesti struju kratkog spoja koja vas mo\u017ee povrediti. Varnica u blizini baterije mo\u017ee prouzrokovati eksploziju.<\/p>\n","protected":false},"excerpt":{"rendered":"<p>Kategorija: Punja\u010di za akumulatore<br \/>\nNapon: 230 V ~ 50 Hz<br \/>\nOsigura\u010d: 30 A<br \/>\nNapon punjenja: 12 V \/ 24 V<br \/>\nKapacitet punjenja: 60 Ah \u2013 150 Ah<br \/>\nMasa: 8.5 kg<\/p>\n","protected":false},"featured_media":10151,"comment_status":"open","ping_status":"closed","template":"","meta":{"inline_featured_image":false},"product_brand":[],"product_cat":[325],"product_tag":[],"class_list":{"0":"post-10150","1":"product","2":"type-product","3":"status-publish","4":"has-post-thumbnail","6":"product_cat-punjaci-za-akumulator","8":"first","9":"instock","10":"shipping-taxable","11":"purchasable","12":"product-type-simple"},"_links":{"self":[{"href":"https:\/\/tehnikabacko.rs\/index.php\/wp-json\/wp\/v2\/product\/10150","targetHints":{"allow":["GET"]}}],"collection":[{"href":"https:\/\/tehnikabacko.rs\/index.php\/wp-json\/wp\/v2\/product"}],"about":[{"href":"https:\/\/tehnikabacko.rs\/index.php\/wp-json\/wp\/v2\/types\/product"}],"replies":[{"embeddable":true,"href":"https:\/\/tehnikabacko.rs\/index.php\/wp-json\/wp\/v2\/comments?post=10150"}],"wp:featuredmedia":[{"embeddable":true,"href":"https:\/\/tehnikabacko.rs\/index.php\/wp-json\/wp\/v2\/media\/10151"}],"wp:attachment":[{"href":"https:\/\/tehnikabacko.rs\/index.php\/wp-json\/wp\/v2\/media?parent=10150"}],"wp:term":[{"taxonomy":"product_brand","embeddable":true,"href":"https:\/\/tehnikabacko.rs\/index.php\/wp-json\/wp\/v2\/product_brand?post=10150"},{"taxonomy":"product_cat","embeddable":true,"href":"https:\/\/tehnikabacko.rs\/index.php\/wp-json\/wp\/v2\/product_cat?post=10150"},{"taxonomy":"product_tag","embeddable":true,"href":"https:\/\/tehnikabacko.rs\/index.php\/wp-json\/wp\/v2\/product_tag?post=10150"}],"curies":[{"name":"wp","href":"https:\/\/api.w.org\/{rel}","templated":true}]}}