{"id":10148,"date":"2022-12-16T16:56:38","date_gmt":"2022-12-16T16:56:38","guid":{"rendered":"https:\/\/tehnikabacko.rs\/?post_type=product&#038;p=10148"},"modified":"2025-09-30T12:45:24","modified_gmt":"2025-09-30T12:45:24","slug":"motorna-testera-villager-vgs-380-prime","status":"publish","type":"product","link":"https:\/\/tehnikabacko.rs\/index.php\/product\/motorna-testera-villager-vgs-380-prime\/","title":{"rendered":"MOTORNA TESTERA VILLAGER VGS 380 PRIME"},"content":{"rendered":"<p>Tip motora Villager, dvotaktni, vazdu\u0161no hla\u0111eni<br \/>\nZapremina motora 37.2 cm\u00b3<br \/>\nSnaga motora \/ broj obrtaja 1.2 kW &#8211; 1.6 KS (12000 rpm)<br \/>\nDu\u017eina vodilice 370 mm<br \/>\nModel vodilice Villager 37 cm<br \/>\nBroj zuba lanca 26.5<br \/>\nkapacitet ulja za lanac 160 ml<br \/>\nkapacitet rezervoara za gorivo 230 ml<br \/>\npogonsko gorivo: me\u0161avina ulja za dvotaktne motore i bezolovnog benzina odnos 1:40<br \/>\nObim isporuke: ma\u010d oregon, lanac oregon<br \/>\nTe\u017eina: 4.5 kg<\/p>\n<p><img fetchpriority=\"high\" decoding=\"async\" class=\"\" src=\"https:\/\/www.villager.rs\/images\/vgs%20380%20prime.jpg\" width=\"873\" height=\"582\" \/><\/p>\n","protected":false},"excerpt":{"rendered":"<p>Prime benzinska motorna testera iz programa VILLAGER predstavlja ma\u0161inukoja ima motorsa unutra\u0161njim sagorevanjem koja se koristi za se\u010denje drva.<\/p>\n<p>Funkcije:Antivibracijski sistem iprajmer za startovanje.<\/p>\n<p>Motor :Benzinsk<\/p>\n<p>Tip motora :Villager dvotaktni vazdu\u0161no hla\u0111eni<\/p>\n<p>Snaga motora \/ broj obrtaja 1.2 kW (12000 rpm)<\/p>\n","protected":false},"featured_media":10149,"comment_status":"open","ping_status":"closed","template":"","meta":{"inline_featured_image":false},"product_brand":[],"product_cat":[283,287],"product_tag":[],"class_list":{"0":"post-10148","1":"product","2":"type-product","3":"status-publish","4":"has-post-thumbnail","6":"product_cat-motorna-testera","7":"product_cat-testere","9":"first","10":"instock","11":"sale","12":"shipping-taxable","13":"purchasable","14":"product-type-simple"},"_links":{"self":[{"href":"https:\/\/tehnikabacko.rs\/index.php\/wp-json\/wp\/v2\/product\/10148","targetHints":{"allow":["GET"]}}],"collection":[{"href":"https:\/\/tehnikabacko.rs\/index.php\/wp-json\/wp\/v2\/product"}],"about":[{"href":"https:\/\/tehnikabacko.rs\/index.php\/wp-json\/wp\/v2\/types\/product"}],"replies":[{"embeddable":true,"href":"https:\/\/tehnikabacko.rs\/index.php\/wp-json\/wp\/v2\/comments?post=10148"}],"wp:featuredmedia":[{"embeddable":true,"href":"https:\/\/tehnikabacko.rs\/index.php\/wp-json\/wp\/v2\/media\/10149"}],"wp:attachment":[{"href":"https:\/\/tehnikabacko.rs\/index.php\/wp-json\/wp\/v2\/media?parent=10148"}],"wp:term":[{"taxonomy":"product_brand","embeddable":true,"href":"https:\/\/tehnikabacko.rs\/index.php\/wp-json\/wp\/v2\/product_brand?post=10148"},{"taxonomy":"product_cat","embeddable":true,"href":"https:\/\/tehnikabacko.rs\/index.php\/wp-json\/wp\/v2\/product_cat?post=10148"},{"taxonomy":"product_tag","embeddable":true,"href":"https:\/\/tehnikabacko.rs\/index.php\/wp-json\/wp\/v2\/product_tag?post=10148"}],"curies":[{"name":"wp","href":"https:\/\/api.w.org\/{rel}","templated":true}]}}