{"id":10144,"date":"2022-12-16T16:35:39","date_gmt":"2022-12-16T16:35:39","guid":{"rendered":"https:\/\/tehnikabacko.rs\/?post_type=product&#038;p=10144"},"modified":"2025-06-01T11:36:40","modified_gmt":"2025-06-01T11:36:40","slug":"toster-fg-fs-300","status":"publish","type":"product","link":"https:\/\/tehnikabacko.rs\/index.php\/product\/toster-fg-fs-300\/","title":{"rendered":"Toster FG FS-300"},"content":{"rendered":"<p class=\"izdvajamoNaslov\">Opis &#8211; Toster FG FS-300<\/p>\n<div id=\"opis\" class=\"tab-pane fade in active\" role=\"tabpanel\">\n<p>Toster FG FS-300 je kuhinjski aparat uz koji nastaje savr\u0161en doru\u010dak. Dve kri\u0161ke hleba, kajgana i mle\u010dni proizvodi predstavljaju idealnu kombinaciju za po\u010detak dana. Pomo\u0107u tostera FG FS-300, te kri\u0161ke lako postaju hrskavi specijalitet. Za njihovu pripremu dovoljno je nekoliko minuta. Mehanizam za automatsko izbacivanje spre\u010dava pregrevanje, dok se u kliznoj posudi tostera FG FS-300 skupljaju mrvice.<\/p>\n<p>&nbsp;<\/p>\n<\/div>\n","protected":false},"excerpt":{"rendered":"<p class=\"izdvajamoNaslov\">Karakteristike &#8211; Toster FG FS-300<\/p>\n<ul>\n<li>Snaga: 650-750WW<\/li>\n<li>Automatski mehanizam za izbacivanje<\/li>\n<li>Dugme za elektronsku kontrolu greja\u010da<\/li>\n<li>Dugmad za odmrzavanje, podgrevanje i otkazivanje operacije<\/li>\n<li>Posuda za skupljanje mrvica<\/li>\n<li>Dostupan u dve boje: bela i crna<\/li>\n<\/ul>\n","protected":false},"featured_media":10145,"comment_status":"open","ping_status":"closed","template":"","meta":{"inline_featured_image":false},"product_brand":[],"product_cat":[323],"product_tag":[],"class_list":{"0":"post-10144","1":"product","2":"type-product","3":"status-publish","4":"has-post-thumbnail","6":"product_cat-tosteri","8":"first","9":"instock","10":"shipping-taxable","11":"purchasable","12":"product-type-simple"},"_links":{"self":[{"href":"https:\/\/tehnikabacko.rs\/index.php\/wp-json\/wp\/v2\/product\/10144","targetHints":{"allow":["GET"]}}],"collection":[{"href":"https:\/\/tehnikabacko.rs\/index.php\/wp-json\/wp\/v2\/product"}],"about":[{"href":"https:\/\/tehnikabacko.rs\/index.php\/wp-json\/wp\/v2\/types\/product"}],"replies":[{"embeddable":true,"href":"https:\/\/tehnikabacko.rs\/index.php\/wp-json\/wp\/v2\/comments?post=10144"}],"wp:featuredmedia":[{"embeddable":true,"href":"https:\/\/tehnikabacko.rs\/index.php\/wp-json\/wp\/v2\/media\/10145"}],"wp:attachment":[{"href":"https:\/\/tehnikabacko.rs\/index.php\/wp-json\/wp\/v2\/media?parent=10144"}],"wp:term":[{"taxonomy":"product_brand","embeddable":true,"href":"https:\/\/tehnikabacko.rs\/index.php\/wp-json\/wp\/v2\/product_brand?post=10144"},{"taxonomy":"product_cat","embeddable":true,"href":"https:\/\/tehnikabacko.rs\/index.php\/wp-json\/wp\/v2\/product_cat?post=10144"},{"taxonomy":"product_tag","embeddable":true,"href":"https:\/\/tehnikabacko.rs\/index.php\/wp-json\/wp\/v2\/product_tag?post=10144"}],"curies":[{"name":"wp","href":"https:\/\/api.w.org\/{rel}","templated":true}]}}