{"id":10135,"date":"2022-12-16T16:17:28","date_gmt":"2022-12-16T16:17:28","guid":{"rendered":"https:\/\/tehnikabacko.rs\/?post_type=product&#038;p=10135"},"modified":"2025-05-30T20:25:46","modified_gmt":"2025-05-30T20:25:46","slug":"mesoreznica-fs-021-fisher","status":"publish","type":"product","link":"https:\/\/tehnikabacko.rs\/index.php\/product\/mesoreznica-fs-021-fisher\/","title":{"rendered":"MESOREZNICA FS-021 FISHER"},"content":{"rendered":"<p>FG-Electronis \u2013 Germany<br \/>\nSnaga: 200 W<br \/>\nKu\u0107i\u0161te i se\u010divo od ner\u0111aju\u0107eg \u010delika<br \/>\nPode\u0161avanje debljine se\u010denja od 0 do 15mm<br \/>\nTihi re\u017eim rada motora<br \/>\nSe\u010divo pre\u010dnika 19cm<br \/>\nMetalna mesoreznica<\/p>\n<p>Fisher<br \/>\nPreporuka<\/p>\n<div class=\"proizvodOpis\">\n<p class=\"izdvajamoNaslov\">Opis \u2013 Mesoreznica FG FS-021<\/p>\n<\/div>\n","protected":false},"excerpt":{"rendered":"<p>FG-Electronis \u2013 Germany<br \/>\nSnaga: 200 W<br \/>\nKu\u0107i\u0161te i se\u010divo od ner\u0111aju\u0107eg \u010delika<br \/>\nPode\u0161avanje debljine se\u010denja od 0 do 15mm<br \/>\nTihi re\u017eim rada motora<br \/>\nSe\u010divo pre\u010dnika 19cm<br \/>\nMetalna mesoreznica<\/p>\n<p>Fisher<br \/>\nPreporuka<\/p>\n<div class=\"proizvodOpis\">\n<p class=\"izdvajamoNaslov\">Opis \u2013 Mesoreznica FG FS-021<\/p>\n<\/div>\n","protected":false},"featured_media":10136,"comment_status":"open","ping_status":"closed","template":"","meta":{"inline_featured_image":false},"product_brand":[],"product_cat":[321],"product_tag":[],"class_list":{"0":"post-10135","1":"product","2":"type-product","3":"status-publish","4":"has-post-thumbnail","6":"product_cat-mesoreznice","8":"first","9":"instock","10":"shipping-taxable","11":"purchasable","12":"product-type-simple"},"_links":{"self":[{"href":"https:\/\/tehnikabacko.rs\/index.php\/wp-json\/wp\/v2\/product\/10135","targetHints":{"allow":["GET"]}}],"collection":[{"href":"https:\/\/tehnikabacko.rs\/index.php\/wp-json\/wp\/v2\/product"}],"about":[{"href":"https:\/\/tehnikabacko.rs\/index.php\/wp-json\/wp\/v2\/types\/product"}],"replies":[{"embeddable":true,"href":"https:\/\/tehnikabacko.rs\/index.php\/wp-json\/wp\/v2\/comments?post=10135"}],"wp:featuredmedia":[{"embeddable":true,"href":"https:\/\/tehnikabacko.rs\/index.php\/wp-json\/wp\/v2\/media\/10136"}],"wp:attachment":[{"href":"https:\/\/tehnikabacko.rs\/index.php\/wp-json\/wp\/v2\/media?parent=10135"}],"wp:term":[{"taxonomy":"product_brand","embeddable":true,"href":"https:\/\/tehnikabacko.rs\/index.php\/wp-json\/wp\/v2\/product_brand?post=10135"},{"taxonomy":"product_cat","embeddable":true,"href":"https:\/\/tehnikabacko.rs\/index.php\/wp-json\/wp\/v2\/product_cat?post=10135"},{"taxonomy":"product_tag","embeddable":true,"href":"https:\/\/tehnikabacko.rs\/index.php\/wp-json\/wp\/v2\/product_tag?post=10135"}],"curies":[{"name":"wp","href":"https:\/\/api.w.org\/{rel}","templated":true}]}}