{"id":10132,"date":"2022-11-21T17:13:02","date_gmt":"2022-11-21T17:13:02","guid":{"rendered":"https:\/\/tehnikabacko.rs\/?post_type=product&#038;p=10132"},"modified":"2022-11-21T17:13:02","modified_gmt":"2022-11-21T17:13:02","slug":"stiga-benzinski-trimer-sbc-656-dx","status":"publish","type":"product","link":"https:\/\/tehnikabacko.rs\/index.php\/product\/stiga-benzinski-trimer-sbc-656-dx\/","title":{"rendered":"Stiga benzinski trimer SBC 656 DX"},"content":{"rendered":"<p class=\"description\">Motor: benzinski<br \/>\nSnaga: 1,7 kW<br \/>\nZapremina: 52,8 cm3<br \/>\nTrimer glava: Tap&amp;GO + trokraki no\u017e 255 mm<br \/>\n\u0160ipka: 30 mm<br \/>\n\u0160irina ko\u0161enja: 45 cm<br \/>\nDebljina najlona: 3 mm<\/p>\n<p class=\"note\">Te\u017eina 9,6kg<\/p>\n","protected":false},"excerpt":{"rendered":"<p>Benzinski trimer SBC 656 DX Stiga 9514<\/p>\n<p>STIGA SBC 646 DX ima dvotaktni benzinski motor od 52.8 cm\u00b3 (neto snaga 1,7 kW) i \u0161irinu rezanja od 45 cm<br \/>\nInovativno elektroni\u010dko upravljanje motorom olak\u0161ava kori\u0161tenje i jednostavan je za rad<br \/>\nVibracije su smanjene za udobnost korisnika<br \/>\nErgonomski upravlja\u010d u stilu bicikla daje potpunu udobnost i kontrolu<br \/>\nIsporu\u010duje se sa metalnim trokrakim no\u017eem i tap and go glavom<br \/>\nTrimer poseduje displej koji se aktivira automatski paljenjem ure\u0111aja i koji je vidljiv je pri svim vremenskim uslovima \u010dak i na direktonoj sun\u010devoj svetlosti<br \/>\nDisplej pru\u017ea korisniku sve klju\u010dne informacije kao \u0161to su: informacije o radu, podaci o broju obrtaja motora, \u017eivotni vek ure\u0111aja, prikaz obave\u0161tenja o odr\u017eavanju gde servisna ikona svetli na svakih 15 sati za aktivnosti redovnog odr\u017eavanja<br \/>\nAktivnosti redovnog odr\u017eavanja su: \u010di\u0161\u0107enje filtera vazduha, provera sve\u0107ice, podmazivanje zup\u010danika i sl.<\/p>\n","protected":false},"featured_media":10133,"comment_status":"open","ping_status":"closed","template":"","meta":{"inline_featured_image":false},"product_brand":[],"product_cat":[320],"product_tag":[],"class_list":{"0":"post-10132","1":"product","2":"type-product","3":"status-publish","4":"has-post-thumbnail","6":"product_cat-motorni-trimeri","8":"first","9":"instock","10":"shipping-taxable","11":"purchasable","12":"product-type-simple"},"_links":{"self":[{"href":"https:\/\/tehnikabacko.rs\/index.php\/wp-json\/wp\/v2\/product\/10132","targetHints":{"allow":["GET"]}}],"collection":[{"href":"https:\/\/tehnikabacko.rs\/index.php\/wp-json\/wp\/v2\/product"}],"about":[{"href":"https:\/\/tehnikabacko.rs\/index.php\/wp-json\/wp\/v2\/types\/product"}],"replies":[{"embeddable":true,"href":"https:\/\/tehnikabacko.rs\/index.php\/wp-json\/wp\/v2\/comments?post=10132"}],"wp:featuredmedia":[{"embeddable":true,"href":"https:\/\/tehnikabacko.rs\/index.php\/wp-json\/wp\/v2\/media\/10133"}],"wp:attachment":[{"href":"https:\/\/tehnikabacko.rs\/index.php\/wp-json\/wp\/v2\/media?parent=10132"}],"wp:term":[{"taxonomy":"product_brand","embeddable":true,"href":"https:\/\/tehnikabacko.rs\/index.php\/wp-json\/wp\/v2\/product_brand?post=10132"},{"taxonomy":"product_cat","embeddable":true,"href":"https:\/\/tehnikabacko.rs\/index.php\/wp-json\/wp\/v2\/product_cat?post=10132"},{"taxonomy":"product_tag","embeddable":true,"href":"https:\/\/tehnikabacko.rs\/index.php\/wp-json\/wp\/v2\/product_tag?post=10132"}],"curies":[{"name":"wp","href":"https:\/\/api.w.org\/{rel}","templated":true}]}}