{"id":10124,"date":"2022-11-21T17:00:28","date_gmt":"2022-11-21T17:00:28","guid":{"rendered":"https:\/\/tehnikabacko.rs\/?post_type=product&#038;p=10124"},"modified":"2022-11-21T17:00:28","modified_gmt":"2022-11-21T17:00:28","slug":"traktorska-kosacica-stiga-estate-3398-hw","status":"publish","type":"product","link":"https:\/\/tehnikabacko.rs\/index.php\/product\/traktorska-kosacica-stiga-estate-3398-hw\/","title":{"rendered":"Traktorska Kosa\u010dica STIGA Estate 3398 HW"},"content":{"rendered":"<h2>KARAKTERISTIKE<\/h2>\n<p>Preporu\u010dena povr\u0161ina: do 4500 m2<\/p>\n<p>Motor: GCV 530<\/p>\n<p>Zapremina motora: 530 ccm<\/p>\n<p>Snaga: 9.4 kW (na 2600 rpm)<\/p>\n<p>Pogon: Hidrostati\u010dki<\/p>\n<p>Zahvat: 98 cm<\/p>\n<p>Broj no\u017eeva: 2<\/p>\n<p>Visina ko\u0161enja: 25 \u2013 80 mm<\/p>\n<p>Uklju\u010denje no\u017eeva: mehani\u010dko<\/p>\n<p>Sedi\u0161te: standardno<\/p>\n<p>Prednje gume: 15 x 6 \u2013 6<\/p>\n<p>Zadnje gume: 18 x 8.5 \u2013 8<\/p>\n<p>Zapremina sakuplja\u010da: 240 l<\/p>\n","protected":false},"excerpt":{"rendered":"<h2>KARAKTERISTIKE<\/h2>\n<p>Preporu\u010dena povr\u0161ina: do 4500 m2<\/p>\n<p>Motor: GCV 530<\/p>\n<p>Zapremina motora: 530 ccm<\/p>\n<p>Snaga: 9.4 kW (na 2600 rpm)<\/p>\n<p>Pogon: Hidrostati\u010dki<\/p>\n<p>Zahvat: 98 cm<\/p>\n<p>Broj no\u017eeva: 2<\/p>\n<p>Visina ko\u0161enja: 25 \u2013 80 mm<\/p>\n<p>Uklju\u010denje no\u017eeva: mehani\u010dko<\/p>\n<p>Sedi\u0161te: standardno<\/p>\n<p>Prednje gume: 15 x 6 \u2013 6<\/p>\n<p>Zadnje gume: 18 x 8.5 \u2013 8<\/p>\n<p>Zapremina sakuplja\u010da: 240 l<\/p>\n","protected":false},"featured_media":0,"comment_status":"open","ping_status":"closed","template":"","meta":{"inline_featured_image":false},"product_brand":[],"product_cat":[244,273],"product_tag":[],"class_list":{"0":"post-10124","1":"product","2":"type-product","3":"status-publish","5":"product_cat-kosacice","6":"product_cat-traktorska-kosilica","8":"first","9":"instock","10":"shipping-taxable","11":"purchasable","12":"product-type-simple"},"_links":{"self":[{"href":"https:\/\/tehnikabacko.rs\/index.php\/wp-json\/wp\/v2\/product\/10124","targetHints":{"allow":["GET"]}}],"collection":[{"href":"https:\/\/tehnikabacko.rs\/index.php\/wp-json\/wp\/v2\/product"}],"about":[{"href":"https:\/\/tehnikabacko.rs\/index.php\/wp-json\/wp\/v2\/types\/product"}],"replies":[{"embeddable":true,"href":"https:\/\/tehnikabacko.rs\/index.php\/wp-json\/wp\/v2\/comments?post=10124"}],"wp:attachment":[{"href":"https:\/\/tehnikabacko.rs\/index.php\/wp-json\/wp\/v2\/media?parent=10124"}],"wp:term":[{"taxonomy":"product_brand","embeddable":true,"href":"https:\/\/tehnikabacko.rs\/index.php\/wp-json\/wp\/v2\/product_brand?post=10124"},{"taxonomy":"product_cat","embeddable":true,"href":"https:\/\/tehnikabacko.rs\/index.php\/wp-json\/wp\/v2\/product_cat?post=10124"},{"taxonomy":"product_tag","embeddable":true,"href":"https:\/\/tehnikabacko.rs\/index.php\/wp-json\/wp\/v2\/product_tag?post=10124"}],"curies":[{"name":"wp","href":"https:\/\/api.w.org\/{rel}","templated":true}]}}