{"id":10121,"date":"2022-11-21T16:55:07","date_gmt":"2022-11-21T16:55:07","guid":{"rendered":"https:\/\/tehnikabacko.rs\/?post_type=product&#038;p=10121"},"modified":"2025-06-01T07:46:09","modified_gmt":"2025-06-01T07:46:09","slug":"traktorska-kosacica-stiga-tornado-7121-hwsy","status":"publish","type":"product","link":"https:\/\/tehnikabacko.rs\/index.php\/product\/traktorska-kosacica-stiga-tornado-7121-hwsy\/","title":{"rendered":"Traktorska Kosa\u010dica Stiga Tornado 7121 HWSY"},"content":{"rendered":"<h2>KARAKTERISTIKE<\/h2>\n<p>Model motora : Honda GXV 630<\/p>\n<p>Tehnologija motora : V-Twin<\/p>\n<p>Zapremina motora : 688 cm\u00b3<\/p>\n<p>Broj cilindara : 2<\/p>\n<p>Snaga motora : 13,4 kW<\/p>\n<p>Broj obrtaja u minuti : 2700<\/p>\n<p>Preporu\u010dena povr\u0161ina ko\u0161enja :\u00a0 do 8500 m\u00b2<\/p>\n<p>\u0160irina ko\u0161enja : 121 cm<\/p>\n<p>Pode\u0161avanje nivoa ko\u0161enja : ru\u010dno<\/p>\n<p>Visina ko\u0161enja : 30 \u2013 90 mm<\/p>\n<p>Broj nivoa ko\u0161enja : 7<\/p>\n<p>Broj no\u017eeva : 3<\/p>\n<p>Uklju\u010divanje no\u017eeva : elektri\u010dno<\/p>\n<p>Pogon : zadnja vu\u010da<\/p>\n<p>Prenos : hidrostati\u010dki<\/p>\n<p>Zapremina rezervoara za gorivo : 15 l<\/p>\n<p>Kapacitet baterije : 18 Ah<\/p>\n<p>Napon baterije : 12 V<\/p>\n<p>Farovi : LED<\/p>\n<p>Buka : 105 dB<\/p>\n<p>Dimenzije : 186 x 152 x 109,5 cm<\/p>\n<p>Te\u017eina : 250 kg<\/p>\n","protected":false},"excerpt":{"rendered":"<p>KARAKTERISTIKE Model motora : Honda GXV 630 Tehnologija motora : V-Twin Zapremina motora : 688 cm\u00b3 Broj cilindara : 2 Snaga motora : 13,4 kW Broj obrtaja u minuti : 2700 Preporu\u010dena povr\u0161ina ko\u0161enja :\u00a0 do 8500 m\u00b2 \u0160irina ko\u0161enja : 121 cm Pode\u0161avanje nivoa ko\u0161enja : ru\u010dno Visina ko\u0161enja : 30 \u2013 90 mm [&hellip;]<\/p>\n","protected":false},"featured_media":10123,"comment_status":"open","ping_status":"closed","template":"","meta":{"inline_featured_image":false},"product_brand":[],"product_cat":[244,273],"product_tag":[],"class_list":{"0":"post-10121","1":"product","2":"type-product","3":"status-publish","4":"has-post-thumbnail","6":"product_cat-kosacice","7":"product_cat-traktorska-kosilica","9":"first","10":"instock","11":"shipping-taxable","12":"purchasable","13":"product-type-simple"},"_links":{"self":[{"href":"https:\/\/tehnikabacko.rs\/index.php\/wp-json\/wp\/v2\/product\/10121","targetHints":{"allow":["GET"]}}],"collection":[{"href":"https:\/\/tehnikabacko.rs\/index.php\/wp-json\/wp\/v2\/product"}],"about":[{"href":"https:\/\/tehnikabacko.rs\/index.php\/wp-json\/wp\/v2\/types\/product"}],"replies":[{"embeddable":true,"href":"https:\/\/tehnikabacko.rs\/index.php\/wp-json\/wp\/v2\/comments?post=10121"}],"wp:featuredmedia":[{"embeddable":true,"href":"https:\/\/tehnikabacko.rs\/index.php\/wp-json\/wp\/v2\/media\/10123"}],"wp:attachment":[{"href":"https:\/\/tehnikabacko.rs\/index.php\/wp-json\/wp\/v2\/media?parent=10121"}],"wp:term":[{"taxonomy":"product_brand","embeddable":true,"href":"https:\/\/tehnikabacko.rs\/index.php\/wp-json\/wp\/v2\/product_brand?post=10121"},{"taxonomy":"product_cat","embeddable":true,"href":"https:\/\/tehnikabacko.rs\/index.php\/wp-json\/wp\/v2\/product_cat?post=10121"},{"taxonomy":"product_tag","embeddable":true,"href":"https:\/\/tehnikabacko.rs\/index.php\/wp-json\/wp\/v2\/product_tag?post=10121"}],"curies":[{"name":"wp","href":"https:\/\/api.w.org\/{rel}","templated":true}]}}