{"id":10118,"date":"2022-11-21T16:48:00","date_gmt":"2022-11-21T16:48:00","guid":{"rendered":"https:\/\/tehnikabacko.rs\/?post_type=product&#038;p=10118"},"modified":"2022-11-21T16:48:00","modified_gmt":"2022-11-21T16:48:00","slug":"traktorska-kosacica-stiga-tornado-3108-hw","status":"publish","type":"product","link":"https:\/\/tehnikabacko.rs\/index.php\/product\/traktorska-kosacica-stiga-tornado-3108-hw\/","title":{"rendered":"TRAKTORSKA KOSA\u010cICA STIGA TORNADO 3108 HW"},"content":{"rendered":"<h2>KARAKTERISTIKE<\/h2>\n<p>Preporu\u010dena povr\u0161ina: do 7000 m2<\/p>\n<p>Motor: HONDA GCV 530<\/p>\n<p>Zapremina motora: 530 ccm<\/p>\n<p>Snaga: 10 kW (na 2800 rpm)<\/p>\n<p>Pogon: Hidrostati\u010dki<\/p>\n<p>Zahvat: 108 cm<\/p>\n<p>Broj no\u017eeva: 2<\/p>\n<p>Visina ko\u0161enja: 25 \u2013 80 mm<\/p>\n<p>Uklju\u010denje no\u017eeva: elektri\u010dno<\/p>\n<p>Sedi\u0161te: standardno<\/p>\n<p>Prednje gume: 15 x 6 \u2013 6<\/p>\n<p>Zadnje gume: 18 x 8.5 \u2013 8<\/p>\n<p>Zapremina sakuplja\u010da: nema<\/p>\n","protected":false},"excerpt":{"rendered":"<h2>KARAKTERISTIKE<\/h2>\n<p>Preporu\u010dena povr\u0161ina: do 7000 m2<\/p>\n<p>Motor: HONDA GCV 530<\/p>\n<p>Zapremina motora: 530 ccm<\/p>\n<p>Snaga: 10 kW (na 2800 rpm)<\/p>\n<p>Pogon: Hidrostati\u010dki<\/p>\n<p>Zahvat: 108 cm<\/p>\n<p>Broj no\u017eeva: 2<\/p>\n<p>Visina ko\u0161enja: 25 \u2013 80 mm<\/p>\n<p>Uklju\u010denje no\u017eeva: elektri\u010dno<\/p>\n<p>Sedi\u0161te: standardno<\/p>\n<p>Prednje gume: 15 x 6 \u2013 6<\/p>\n<p>Zadnje gume: 18 x 8.5 \u2013 8<\/p>\n<p>Zapremina sakuplja\u010da: nema<\/p>\n","protected":false},"featured_media":10119,"comment_status":"open","ping_status":"closed","template":"","meta":{"inline_featured_image":false},"product_brand":[],"product_cat":[244,273],"product_tag":[],"class_list":{"0":"post-10118","1":"product","2":"type-product","3":"status-publish","4":"has-post-thumbnail","6":"product_cat-kosacice","7":"product_cat-traktorska-kosilica","9":"first","10":"instock","11":"shipping-taxable","12":"purchasable","13":"product-type-simple"},"_links":{"self":[{"href":"https:\/\/tehnikabacko.rs\/index.php\/wp-json\/wp\/v2\/product\/10118","targetHints":{"allow":["GET"]}}],"collection":[{"href":"https:\/\/tehnikabacko.rs\/index.php\/wp-json\/wp\/v2\/product"}],"about":[{"href":"https:\/\/tehnikabacko.rs\/index.php\/wp-json\/wp\/v2\/types\/product"}],"replies":[{"embeddable":true,"href":"https:\/\/tehnikabacko.rs\/index.php\/wp-json\/wp\/v2\/comments?post=10118"}],"wp:featuredmedia":[{"embeddable":true,"href":"https:\/\/tehnikabacko.rs\/index.php\/wp-json\/wp\/v2\/media\/10119"}],"wp:attachment":[{"href":"https:\/\/tehnikabacko.rs\/index.php\/wp-json\/wp\/v2\/media?parent=10118"}],"wp:term":[{"taxonomy":"product_brand","embeddable":true,"href":"https:\/\/tehnikabacko.rs\/index.php\/wp-json\/wp\/v2\/product_brand?post=10118"},{"taxonomy":"product_cat","embeddable":true,"href":"https:\/\/tehnikabacko.rs\/index.php\/wp-json\/wp\/v2\/product_cat?post=10118"},{"taxonomy":"product_tag","embeddable":true,"href":"https:\/\/tehnikabacko.rs\/index.php\/wp-json\/wp\/v2\/product_tag?post=10118"}],"curies":[{"name":"wp","href":"https:\/\/api.w.org\/{rel}","templated":true}]}}