{"id":10114,"date":"2022-11-21T16:39:59","date_gmt":"2022-11-21T16:39:59","guid":{"rendered":"https:\/\/tehnikabacko.rs\/?post_type=product&#038;p=10114"},"modified":"2025-06-01T13:13:11","modified_gmt":"2025-06-01T13:13:11","slug":"stiga-akumulatorski-duvac-usisivac-lisca-vs-100e-kit-sa-punjacem-i-baterijama","status":"publish","type":"product","link":"https:\/\/tehnikabacko.rs\/index.php\/product\/stiga-akumulatorski-duvac-usisivac-lisca-vs-100e-kit-sa-punjacem-i-baterijama\/","title":{"rendered":"Stiga akumulatorski duva\u010d \/ usisiva\u010d li\u0161\u0107a VS 100e Kit (sa punja\u010dem i baterijama)"},"content":{"rendered":"<p class=\"description\">Snaga: 0.6 kW<br \/>\nNapon baterije: 20 V<br \/>\nKapacitet baterije: 2 x 4 Ah<br \/>\nTip pogona: ru\u010dno<br \/>\nProse\u010dna zapremina vazduha: 9,6 m\u00b3\/min<br \/>\nMaksimalna brzina vazduha: 55 m\/s<br \/>\nMaksimalna brzina motora: 12000 rpm<br \/>\nKapacitet sakuplja\u010da: 45 l<br \/>\nTe\u017eina (bez baterija): 3,64 kg<\/p>\n<p class=\"note\">Isporu\u010duje se sa baterijama i duplim punja\u010dem<\/p>\n","protected":false},"excerpt":{"rendered":"<p>Akumulatorski duva\u010d \/ usisiva\u010d li\u0161\u0107a VS 100e Kit (sa punja\u010dem i baterijama) Stiga<\/p>\n<p>Podrezivanje \u017eivih ograda i drvec\u0301a, a zatim oduvavanje otpadaka je odli\u010dno za sre\u0111ivanje nakon sesije u ba\u0161ti<br \/>\nAli umesto bacanja mrtve biljne materije, ima ekolo\u0161ki smisla da je ponovo koristite kao prirodno \u0111ubrivo<br \/>\nOvaj duva\u010d \/ usisiva\u010d vam poma\u017ee da uradite upravo to \u2013 brzo i lako \u2013 pritiskom na polugu<br \/>\nKoristite ovaj moc\u0301ni, be\u017ei\u010dni alat kao duva\u010d za li\u0161c\u0301e, usisiva\u010d i automatsku seckalicu<br \/>\nAutomatski propu\u0161ta hranljivi mal\u010d direktno u izda\u0161nu tekstilnu vrec\u0301u od 45L \u2013 smanjujuc\u0301i otpad na desetinu prvobitne koli\u010dine koju sakupite<br \/>\nKada zavr\u0161ite, jednostavno otvorite i izlijte na zemlju ili \u010duvajte kao kompost<br \/>\nPrepun hranljivih materija prirode, usitnjeni ba\u0161tenski otpad je sveobuhvatan, celogodi\u0161nji pristup &#8222;bez hemikalija&#8220; za odr\u017eavanje tla u vrhunskom stanju<br \/>\nTorba se tako\u0111e brzo odvaja od alata ako treba da je operete<br \/>\nKompaktan, savr\u0161eno izbalansiran i lagan<br \/>\nMekana ru\u010dka omoguc\u0301ava da \u010dak i dugotrajni poslovi u nezgodnim prostorima budu lak\u0161i za ruke<br \/>\nJednostavno podesite brzinu vazduha tako da odgovara onome \u0161to radite bez rizika od pregrevanja robusnog motora bez \u010detkica od 600 W<br \/>\nDugme sa promenljivom brzinom na vrhu ru\u010dke vam omoguc\u0301ava da upravljate energijom koja odgovara poslu &#8211; sa brzinama izme\u0111u 8.000 i 12.000 obrtaja u minuti<br \/>\nRadi na dve STIGA ePower 20V baterije od 4Ah (uklju\u010den dupli punja\u010d) \u2013 daje 23 minuta duvanja i 18 minuta usisavanja sa jednim punjenjem<br \/>\nOve baterije se tako\u0111e postavljaju u druge STIGA alate serije 1 \u2013 \u0161to ih \u010dini izuzetno raznovrsnim za ba\u0161tenske poslove tokom cele godine<\/p>\n","protected":false},"featured_media":10115,"comment_status":"open","ping_status":"closed","template":"","meta":{"inline_featured_image":false},"product_brand":[],"product_cat":[311],"product_tag":[],"class_list":{"0":"post-10114","1":"product","2":"type-product","3":"status-publish","4":"has-post-thumbnail","6":"product_cat-duvaci-za-lisce","8":"first","9":"instock","10":"shipping-taxable","11":"purchasable","12":"product-type-simple"},"_links":{"self":[{"href":"https:\/\/tehnikabacko.rs\/index.php\/wp-json\/wp\/v2\/product\/10114","targetHints":{"allow":["GET"]}}],"collection":[{"href":"https:\/\/tehnikabacko.rs\/index.php\/wp-json\/wp\/v2\/product"}],"about":[{"href":"https:\/\/tehnikabacko.rs\/index.php\/wp-json\/wp\/v2\/types\/product"}],"replies":[{"embeddable":true,"href":"https:\/\/tehnikabacko.rs\/index.php\/wp-json\/wp\/v2\/comments?post=10114"}],"wp:featuredmedia":[{"embeddable":true,"href":"https:\/\/tehnikabacko.rs\/index.php\/wp-json\/wp\/v2\/media\/10115"}],"wp:attachment":[{"href":"https:\/\/tehnikabacko.rs\/index.php\/wp-json\/wp\/v2\/media?parent=10114"}],"wp:term":[{"taxonomy":"product_brand","embeddable":true,"href":"https:\/\/tehnikabacko.rs\/index.php\/wp-json\/wp\/v2\/product_brand?post=10114"},{"taxonomy":"product_cat","embeddable":true,"href":"https:\/\/tehnikabacko.rs\/index.php\/wp-json\/wp\/v2\/product_cat?post=10114"},{"taxonomy":"product_tag","embeddable":true,"href":"https:\/\/tehnikabacko.rs\/index.php\/wp-json\/wp\/v2\/product_tag?post=10114"}],"curies":[{"name":"wp","href":"https:\/\/api.w.org\/{rel}","templated":true}]}}