{"id":10110,"date":"2022-11-21T16:34:19","date_gmt":"2022-11-21T16:34:19","guid":{"rendered":"https:\/\/tehnikabacko.rs\/?post_type=product&#038;p=10110"},"modified":"2022-11-21T16:34:19","modified_gmt":"2022-11-21T16:34:19","slug":"stiga-akumulatorske-makaze-za-zivu-ogradu-ht-100e-kit-sa-punjacem-i-baterijom","status":"publish","type":"product","link":"https:\/\/tehnikabacko.rs\/index.php\/product\/stiga-akumulatorske-makaze-za-zivu-ogradu-ht-100e-kit-sa-punjacem-i-baterijom\/","title":{"rendered":"Stiga akumulatorske makaze za \u017eivu ogradu HT 100e Kit (sa punja\u010dem i baterijom)"},"content":{"rendered":"<p>Snaga motora: 0,15 kW<br \/>\nNapon baterije: 20 V<br \/>\nKapacitet baterije: 2 Ah<br \/>\nVreme rada (+\/- 20%): 40 min<br \/>\nBrzina motora \u2013 max: 17000 o\/min<br \/>\nDu\u017eina se\u010denja: 500 mm<br \/>\nDu\u017eina no\u017ea: 550 mm<br \/>\nRazmak zubaca: 25 mm<br \/>\nPre\u010dnik reza: 18 mm<br \/>\nBrzina se\u010denja: 2300 spm<br \/>\nDimenzije: 952 x 226 x 181 mm<br \/>\nTe\u017eina bez baterije: 2,22 kg<br \/>\nTe\u017eina: 3,6 kg<\/p>\n","protected":false},"excerpt":{"rendered":"<p>Akumulatorske makaze za \u017eivu ogradu HT 100e Kit (sa punja\u010dem i baterijom) Stiga<\/p>\n<p>STIGA HT 100e Kit, makaze za \u017eivicu, baterijske, 48 V, 500 mm, prilagodljiva zadnja ru\u010dka<br \/>\nHT 100e Kit su be\u017ei\u010dne makaze za \u017eivicu koje olak\u0161avaju te\u0161ke poslove u vrtu<br \/>\nBez vu\u010dnih kablova koji vam mogu smetati, slobodno mo\u017eete pustiti o\u0161tricu dvostrukog delovanja od kaljenog \u010delika du\u017eine 55 cm da re\u017ee \u2013 \u0161i\u0161a \u017eivice i grmlje s precizno\u0161\u0107u bez napora<br \/>\nBaterija od 20 V osigurava 40 minuta napajanja s jednim punjenjem i \u010dini ih ti\u0161im od bilo kojih tipi\u010dnih benzinskih makaza za \u017eivicu<br \/>\nZahvaljuju\u0107i zubima razmaknutim 18 mm, s lako\u0107om \u0107ete rezati \u010dak i srednje debele grane<br \/>\nZa dodatnu udobnost, ove makaze za \u017eivicu imaju podesivu, mekanu ru\u010dku koja se rotira za 180\u00b0 \u2013 tako da nema potrebe za okretanjem kako biste dosegli nezgodna podru\u010dja<br \/>\nA uz rad zadnjeg okida\u010da s dvostrukim prekida\u010dem, uvek \u0107ete imati kontrolu<br \/>\nUgra\u0111ena za\u0161tita vrha o\u0161trice spre\u010dava ogrebotine na zidovima i stazama, a na kraju \u0107ete prona\u0107i prikladnu rupu za ve\u0161anje<br \/>\nDakle, kada zavr\u0161ite i sve izgleda savr\u0161eno, lako je pohraniti ove makaze za \u017eivicu na sigurno<\/p>\n","protected":false},"featured_media":10111,"comment_status":"open","ping_status":"closed","template":"","meta":{"inline_featured_image":false},"product_brand":[],"product_cat":[319],"product_tag":[],"class_list":{"0":"post-10110","1":"product","2":"type-product","3":"status-publish","4":"has-post-thumbnail","6":"product_cat-aku-trimeri-za-zivu-ogradu","8":"first","9":"instock","10":"shipping-taxable","11":"purchasable","12":"product-type-simple"},"_links":{"self":[{"href":"https:\/\/tehnikabacko.rs\/index.php\/wp-json\/wp\/v2\/product\/10110","targetHints":{"allow":["GET"]}}],"collection":[{"href":"https:\/\/tehnikabacko.rs\/index.php\/wp-json\/wp\/v2\/product"}],"about":[{"href":"https:\/\/tehnikabacko.rs\/index.php\/wp-json\/wp\/v2\/types\/product"}],"replies":[{"embeddable":true,"href":"https:\/\/tehnikabacko.rs\/index.php\/wp-json\/wp\/v2\/comments?post=10110"}],"wp:featuredmedia":[{"embeddable":true,"href":"https:\/\/tehnikabacko.rs\/index.php\/wp-json\/wp\/v2\/media\/10111"}],"wp:attachment":[{"href":"https:\/\/tehnikabacko.rs\/index.php\/wp-json\/wp\/v2\/media?parent=10110"}],"wp:term":[{"taxonomy":"product_brand","embeddable":true,"href":"https:\/\/tehnikabacko.rs\/index.php\/wp-json\/wp\/v2\/product_brand?post=10110"},{"taxonomy":"product_cat","embeddable":true,"href":"https:\/\/tehnikabacko.rs\/index.php\/wp-json\/wp\/v2\/product_cat?post=10110"},{"taxonomy":"product_tag","embeddable":true,"href":"https:\/\/tehnikabacko.rs\/index.php\/wp-json\/wp\/v2\/product_tag?post=10110"}],"curies":[{"name":"wp","href":"https:\/\/api.w.org\/{rel}","templated":true}]}}