{"id":10105,"date":"2022-11-21T16:27:44","date_gmt":"2022-11-21T16:27:44","guid":{"rendered":"https:\/\/tehnikabacko.rs\/?post_type=product&#038;p=10105"},"modified":"2025-06-07T15:22:26","modified_gmt":"2025-06-07T15:22:26","slug":"stiga-akumulatorski-trimer-za-travu-gt-100e-kit-sa-punjacem-i-baterijom","status":"publish","type":"product","link":"https:\/\/tehnikabacko.rs\/index.php\/product\/stiga-akumulatorski-trimer-za-travu-gt-100e-kit-sa-punjacem-i-baterijom\/","title":{"rendered":"Stiga akumulatorski trimer za travu GT 100e Kit (sa punja\u010dem i baterijom)"},"content":{"rendered":"<p>Motor: akumulator<br \/>\nSnaga: 0.15 kW<br \/>\nNapon baterije: 20 V<br \/>\nKapacitet baterije: 2 Ah<br \/>\nVreme rada (+\/- 20%): 20 min<br \/>\nBrzina motora \u2013 max: 8000 o\/min<br \/>\nRadna \u0161irina: 25 cm<br \/>\nDebljina najlonske niti: 1,6 mm<br \/>\nTip najlonske glave: automatsko uvla\u010denje jednog reda<br \/>\nDimenzije: 1290 x 300 x 200 mm<br \/>\nTe\u017eina bez baterije: 1,8 kg<br \/>\nTe\u017eina: 3,2 kg<\/p>\n","protected":false},"excerpt":{"rendered":"<p>Akumulatorski trimer za travu GT 100e Kit (sa punja\u010dem i baterijom) Stiga<\/p>\n<p>STIGA GT 100e Kit, baterijski trimer za travu, 20 V, 2,0 Ah, okrugla ru\u010dka, za ko\u0161enje manjih povr\u0161ina<br \/>\nTrimer za travu na baterije GT 100e Kit \u010dini da je podrezivanje i orezivanje u\u017eitak<br \/>\nOvaj trimer dolazi sa sna\u017enim motorom, optimalno izbalansiranom baterijom od 20V 2Ah i ergonomskom ru\u010dkom mekog prijanjanja, tako da mo\u017eete s lako\u0107om orezati korov<br \/>\nNjegov najlon s automatskim otpu\u0161tanjem daje vam pouzdano i neprekidnu ko\u0161enje \u2013 dok vam potpuno podesiva okrugla ru\u010dka omogu\u0107uje manevrisanje trimerom bez naprezanja<br \/>\nZa va\u0161u potpunu udobnost, teleskopsku osovinu GT 100e Kit tako\u0111e mo\u017eete prilagoditi svojoj visini<br \/>\nJednostavan za kori\u0161\u0107enje<br \/>\nJednim klikom mo\u017eete se prebaciti s podrezivanja na na\u010din rada s ivicama, uklju\u010duju\u0107i funkciju ivica koja se okre\u0107e za 90\u00b0 s jedne strane kako biste pobolj\u0161ali svoj travnjak, obrube i prilaz<br \/>\nNjegova rotiraju\u0107a glava \u2013 podesiva do 45\u00b0 \u2013 tako\u0111e vam daje savr\u0161enu oblogu \u2013 s odstojnikom koji vam omogu\u0107uje precizno rezanje oko biljaka i drugih predm<\/p>\n","protected":false},"featured_media":10106,"comment_status":"open","ping_status":"closed","template":"","meta":{"inline_featured_image":false},"product_brand":[],"product_cat":[318,290],"product_tag":[],"class_list":{"0":"post-10105","1":"product","2":"type-product","3":"status-publish","4":"has-post-thumbnail","6":"product_cat-aku-trimeri","7":"product_cat-trimeri-za-travu","9":"first","10":"instock","11":"shipping-taxable","12":"purchasable","13":"product-type-simple"},"_links":{"self":[{"href":"https:\/\/tehnikabacko.rs\/index.php\/wp-json\/wp\/v2\/product\/10105","targetHints":{"allow":["GET"]}}],"collection":[{"href":"https:\/\/tehnikabacko.rs\/index.php\/wp-json\/wp\/v2\/product"}],"about":[{"href":"https:\/\/tehnikabacko.rs\/index.php\/wp-json\/wp\/v2\/types\/product"}],"replies":[{"embeddable":true,"href":"https:\/\/tehnikabacko.rs\/index.php\/wp-json\/wp\/v2\/comments?post=10105"}],"wp:featuredmedia":[{"embeddable":true,"href":"https:\/\/tehnikabacko.rs\/index.php\/wp-json\/wp\/v2\/media\/10106"}],"wp:attachment":[{"href":"https:\/\/tehnikabacko.rs\/index.php\/wp-json\/wp\/v2\/media?parent=10105"}],"wp:term":[{"taxonomy":"product_brand","embeddable":true,"href":"https:\/\/tehnikabacko.rs\/index.php\/wp-json\/wp\/v2\/product_brand?post=10105"},{"taxonomy":"product_cat","embeddable":true,"href":"https:\/\/tehnikabacko.rs\/index.php\/wp-json\/wp\/v2\/product_cat?post=10105"},{"taxonomy":"product_tag","embeddable":true,"href":"https:\/\/tehnikabacko.rs\/index.php\/wp-json\/wp\/v2\/product_tag?post=10105"}],"curies":[{"name":"wp","href":"https:\/\/api.w.org\/{rel}","templated":true}]}}