{"id":10103,"date":"2022-11-21T16:23:07","date_gmt":"2022-11-21T16:23:07","guid":{"rendered":"https:\/\/tehnikabacko.rs\/?post_type=product&#038;p=10103"},"modified":"2022-11-21T16:23:07","modified_gmt":"2022-11-21T16:23:07","slug":"stiga-rucna-kosilica-za-travu-scm-240-r","status":"publish","type":"product","link":"https:\/\/tehnikabacko.rs\/index.php\/product\/stiga-rucna-kosilica-za-travu-scm-240-r\/","title":{"rendered":"Stiga ru\u010dna kosilica za travu SCM 240 R"},"content":{"rendered":"<p>SPECIFIKACIJE<br \/>\n\u0160irina ko\u0161enja: 40 cm<br \/>\nVisina-dubina ko\u0161enja: 25-60 mm<br \/>\nTo\u010dkovi: 210\/240 mm<br \/>\nTe\u017eina: 10.5 kg<br \/>\nPreporucena povrsina kosenja: 50m2<br \/>\nTezina: 10.5kg<\/p>\n<p>DODATNA OPREMA<br \/>\nSakuplja\u010d 18L za nju mo\u017eete kupiti posebno pod \u0161ifrom 9076 &#8211; 2200 din<\/p>\n","protected":false},"excerpt":{"rendered":"<h2>OPIS<\/h2>\n<p>STIGA ru\u010dna kosilica je izra\u0111ena od aluminijuma \u0161to je \u010dini dugotrajnom. Jednostavna je za rukovanje, ne\u010dujna i efektivna travu se\u010de sa 5 \u010deli\u010dnih no\u017eeva. Ima ergonomski izra\u0111enu ru\u010dku i mogu\u0107nost pode\u0161avanja visine ko\u0161enja.<\/p>\n","protected":false},"featured_media":0,"comment_status":"open","ping_status":"closed","template":"","meta":{"inline_featured_image":false},"product_brand":[],"product_cat":[244,317],"product_tag":[],"class_list":{"0":"post-10103","1":"product","2":"type-product","3":"status-publish","5":"product_cat-kosacice","6":"product_cat-rucne-kosilice","8":"first","9":"instock","10":"shipping-taxable","11":"purchasable","12":"product-type-simple"},"_links":{"self":[{"href":"https:\/\/tehnikabacko.rs\/index.php\/wp-json\/wp\/v2\/product\/10103","targetHints":{"allow":["GET"]}}],"collection":[{"href":"https:\/\/tehnikabacko.rs\/index.php\/wp-json\/wp\/v2\/product"}],"about":[{"href":"https:\/\/tehnikabacko.rs\/index.php\/wp-json\/wp\/v2\/types\/product"}],"replies":[{"embeddable":true,"href":"https:\/\/tehnikabacko.rs\/index.php\/wp-json\/wp\/v2\/comments?post=10103"}],"wp:attachment":[{"href":"https:\/\/tehnikabacko.rs\/index.php\/wp-json\/wp\/v2\/media?parent=10103"}],"wp:term":[{"taxonomy":"product_brand","embeddable":true,"href":"https:\/\/tehnikabacko.rs\/index.php\/wp-json\/wp\/v2\/product_brand?post=10103"},{"taxonomy":"product_cat","embeddable":true,"href":"https:\/\/tehnikabacko.rs\/index.php\/wp-json\/wp\/v2\/product_cat?post=10103"},{"taxonomy":"product_tag","embeddable":true,"href":"https:\/\/tehnikabacko.rs\/index.php\/wp-json\/wp\/v2\/product_tag?post=10103"}],"curies":[{"name":"wp","href":"https:\/\/api.w.org\/{rel}","templated":true}]}}